{"id":73764,"date":"2025-04-18T13:44:45","date_gmt":"2025-04-18T17:44:45","guid":{"rendered":"https:\/\/pavillonchassepeche.ca\/?post_type=product&#038;p=73764"},"modified":"2026-02-26T11:06:04","modified_gmt":"2026-02-26T16:06:04","slug":"olympia-detecteur-de-mouvement-sans-fil-7-leds","status":"publish","type":"product","link":"https:\/\/pavillonchassepeche.ca\/en\/product\/olympia-detecteur-de-mouvement-sans-fil-7-leds\/","title":{"rendered":"OLYMPIA D\u00c9TECTEUR DE MOUVEMENT SANS FIL 7 LEDS"},"content":{"rendered":"<p data-start=\"138\" data-end=\"611\">Le <strong data-start=\"141\" data-end=\"184\">d\u00e9tecteur de mouvement sans fil Olympia<\/strong> offre une s\u00e9curit\u00e9 optimale gr\u00e2ce \u00e0 ses 7 DEL ultra lumineuses qui s\u2019activent d\u00e8s qu\u2019un mouvement est d\u00e9tect\u00e9. Sa base rotative \u00e0 360 degr\u00e9s permet d\u2019ajuster pr\u00e9cis\u00e9ment l\u2019angle de d\u00e9tection et d\u2019\u00e9clairage pour couvrir toutes les zones d\u00e9sir\u00e9es. Fonctionnant avec 4 piles AA (non incluses), ce d\u00e9tecteur est id\u00e9al pour prot\u00e9ger ta maison, ton chalet, ta roulotte ou ton site de camping, sans avoir besoin de c\u00e2blage compliqu\u00e9.<\/p>\n<hr data-start=\"613\" data-end=\"616\" \/>\n<p data-start=\"618\" data-end=\"642\"><strong data-start=\"618\" data-end=\"640\">Caract\u00e9ristiques :<\/strong><\/p>\n<ul data-start=\"643\" data-end=\"951\">\n<li data-start=\"643\" data-end=\"696\">\n<p data-start=\"645\" data-end=\"696\">7 DEL ultra lumineuses pour un \u00e9clairage puissant<\/p>\n<\/li>\n<li data-start=\"697\" data-end=\"744\">\n<p data-start=\"699\" data-end=\"744\">Base rotative 360\u00b0 pour un r\u00e9glage flexible<\/p>\n<\/li>\n<li data-start=\"745\" data-end=\"790\">\n<p data-start=\"747\" data-end=\"790\">Fonctionne avec 4 piles AA (non incluses)<\/p>\n<\/li>\n<li data-start=\"791\" data-end=\"845\">\n<p data-start=\"793\" data-end=\"845\">Activation automatique \u00e0 la d\u00e9tection de mouvement<\/p>\n<\/li>\n<li data-start=\"846\" data-end=\"888\">\n<p data-start=\"848\" data-end=\"888\">Installation sans fil simple et rapide<\/p>\n<\/li>\n<li data-start=\"889\" data-end=\"951\">\n<p data-start=\"891\" data-end=\"951\">Id\u00e9al pour la maison, le chalet, la roulotte et le camping<\/p>\n<\/li>\n<\/ul>\n<hr data-start=\"953\" data-end=\"956\" \/>\n<p data-start=\"958\" data-end=\"991\"><strong data-start=\"958\" data-end=\"989\">Sp\u00e9cifications techniques :<\/strong><\/p>\n<ul data-start=\"992\" data-end=\"1212\">\n<li data-start=\"992\" data-end=\"1035\">\n<p data-start=\"994\" data-end=\"1035\">Nombre de LEDs : 7 DEL ultra lumineuses<\/p>\n<\/li>\n<li data-start=\"1036\" data-end=\"1080\">\n<p data-start=\"1038\" data-end=\"1080\">Alimentation : 4 piles AA (non incluses)<\/p>\n<\/li>\n<li data-start=\"1081\" data-end=\"1127\">\n<p data-start=\"1083\" data-end=\"1127\">Port\u00e9e de d\u00e9tection : environ 5 \u00e0 7 m\u00e8tres<\/p>\n<\/li>\n<li data-start=\"1128\" data-end=\"1158\">\n<p data-start=\"1130\" data-end=\"1158\">Base rotative : 360 degr\u00e9s<\/p>\n<\/li>\n<li data-start=\"1159\" data-end=\"1178\">\n<p data-start=\"1161\" data-end=\"1178\">Couleur : blanc<\/p>\n<\/li>\n<li data-start=\"1179\" data-end=\"1212\">\n<p data-start=\"1181\" data-end=\"1212\">Dimensions : compact et l\u00e9ger<\/p>\n<\/li>\n<\/ul>\n","protected":false},"excerpt":{"rendered":"<p>Le d\u00e9tecteur de mouvement sans fil Olympia offre une s\u00e9curit\u00e9 optimale gr\u00e2ce \u00e0 ses 7 DEL ultra lumineuses qui s\u2019activent d\u00e8s qu\u2019un mouvement est d\u00e9tect\u00e9. Sa base rotative \u00e0 360 degr\u00e9s permet d\u2019ajuster pr\u00e9cis\u00e9ment l\u2019angle de d\u00e9tection et d\u2019\u00e9clairage pour couvrir toutes les zones d\u00e9sir\u00e9es. Fonctionnant avec 4 piles AA (non incluses), ce d\u00e9tecteur est [&hellip;]<\/p>\n","protected":false},"featured_media":73762,"comment_status":"open","ping_status":"closed","template":"","meta":{"_acf_changed":false,"pagelayer_contact_templates":[],"_pagelayer_content":""},"product_brand":[],"product_cat":[21,108],"product_tag":[524,267],"class_list":{"0":"post-73764","1":"product","2":"type-product","3":"status-publish","4":"has-post-thumbnail","6":"product_cat-chasse","7":"product_cat-equipements-chasse","8":"product_tag-circle-import","9":"product_tag-pronature","11":"first","12":"instock","13":"taxable","14":"shipping-taxable","15":"purchasable","16":"product-type-simple"},"acf":[],"jetpack_sharing_enabled":true,"_links":{"self":[{"href":"https:\/\/pavillonchassepeche.ca\/en\/wp-json\/wp\/v2\/product\/73764","targetHints":{"allow":["GET"]}}],"collection":[{"href":"https:\/\/pavillonchassepeche.ca\/en\/wp-json\/wp\/v2\/product"}],"about":[{"href":"https:\/\/pavillonchassepeche.ca\/en\/wp-json\/wp\/v2\/types\/product"}],"replies":[{"embeddable":true,"href":"https:\/\/pavillonchassepeche.ca\/en\/wp-json\/wp\/v2\/comments?post=73764"}],"version-history":[{"count":2,"href":"https:\/\/pavillonchassepeche.ca\/en\/wp-json\/wp\/v2\/product\/73764\/revisions"}],"predecessor-version":[{"id":88553,"href":"https:\/\/pavillonchassepeche.ca\/en\/wp-json\/wp\/v2\/product\/73764\/revisions\/88553"}],"wp:featuredmedia":[{"embeddable":true,"href":"https:\/\/pavillonchassepeche.ca\/en\/wp-json\/wp\/v2\/media\/73762"}],"wp:attachment":[{"href":"https:\/\/pavillonchassepeche.ca\/en\/wp-json\/wp\/v2\/media?parent=73764"}],"wp:term":[{"taxonomy":"product_brand","embeddable":true,"href":"https:\/\/pavillonchassepeche.ca\/en\/wp-json\/wp\/v2\/product_brand?post=73764"},{"taxonomy":"product_cat","embeddable":true,"href":"https:\/\/pavillonchassepeche.ca\/en\/wp-json\/wp\/v2\/product_cat?post=73764"},{"taxonomy":"product_tag","embeddable":true,"href":"https:\/\/pavillonchassepeche.ca\/en\/wp-json\/wp\/v2\/product_tag?post=73764"}],"curies":[{"name":"wp","href":"https:\/\/api.w.org\/{rel}","templated":true}]}}