{"id":73742,"date":"2025-04-18T13:44:11","date_gmt":"2025-04-18T17:44:11","guid":{"rendered":"https:\/\/pavillonchassepeche.ca\/?post_type=product&#038;p=73742"},"modified":"2025-10-24T14:48:29","modified_gmt":"2025-10-24T18:48:29","slug":"wolrd-famous-lit-de-camp-strong-man-500","status":"publish","type":"product","link":"https:\/\/pavillonchassepeche.ca\/en\/product\/wolrd-famous-lit-de-camp-strong-man-500\/","title":{"rendered":"WOLRD FAMOUS LIT DE CAMP STRONG MAN 500"},"content":{"rendered":"<p data-start=\"158\" data-end=\"674\">Le lit de camp Strong Man 500 de World Famous est con\u00e7u pour offrir un maximum de confort, de solidit\u00e9 et de durabilit\u00e9 aux campeurs les plus exigeants. Que ce soit pour une exp\u00e9dition de chasse, une fin de semaine en camping ou comme lit d\u2019appoint, ce mod\u00e8le robuste supporte jusqu\u2019\u00e0 500 lb tout en restant facile \u00e0 transporter. Sa structure en acier renforc\u00e9 et son tissu r\u00e9sistant offrent un excellent soutien, m\u00eame sur un terrain in\u00e9gal. Un choix fiable pour ceux qui veulent bien dormir, m\u00eame loin de la maison.<\/p>\n<hr data-start=\"676\" data-end=\"679\" \/>\n<p data-start=\"681\" data-end=\"705\"><strong data-start=\"681\" data-end=\"703\">Caract\u00e9ristiques :<\/strong><\/p>\n<ul data-start=\"706\" data-end=\"995\">\n<li data-start=\"706\" data-end=\"768\">\n<p data-start=\"708\" data-end=\"768\">Structure en acier robuste con\u00e7ue pour les charges lourdes<\/p>\n<\/li>\n<li data-start=\"769\" data-end=\"820\">\n<p data-start=\"771\" data-end=\"820\">Tissu en polyester \u00e9pais et r\u00e9sistant \u00e0 l\u2019usure<\/p>\n<\/li>\n<li data-start=\"821\" data-end=\"880\">\n<p data-start=\"823\" data-end=\"880\">Confort accru gr\u00e2ce \u00e0 une surface de couchage sur\u00e9lev\u00e9e<\/p>\n<\/li>\n<li data-start=\"881\" data-end=\"939\">\n<p data-start=\"883\" data-end=\"939\">Facile \u00e0 plier et \u00e0 d\u00e9plier, parfait pour le transport<\/p>\n<\/li>\n<li data-start=\"940\" data-end=\"995\">\n<p data-start=\"942\" data-end=\"995\">Comprend un sac de transport pratique avec poign\u00e9es<\/p>\n<\/li>\n<\/ul>\n<hr data-start=\"997\" data-end=\"1000\" \/>\n<p data-start=\"1002\" data-end=\"1035\"><strong data-start=\"1002\" data-end=\"1033\">Sp\u00e9cifications techniques :<\/strong><\/p>\n<ul data-start=\"1036\" data-end=\"1321\">\n<li data-start=\"1036\" data-end=\"1083\">\n<p data-start=\"1038\" data-end=\"1083\">Capacit\u00e9 de poids : jusqu\u2019\u00e0 500 lb (227 kg)<\/p>\n<\/li>\n<li data-start=\"1084\" data-end=\"1146\">\n<p data-start=\"1086\" data-end=\"1146\">Dimensions : environ 201 x 100 x 47 cm (79 x 39 x 18,5 po)<\/p>\n<\/li>\n<li data-start=\"1147\" data-end=\"1186\">\n<p data-start=\"1149\" data-end=\"1186\">Mat\u00e9riau du cadre : acier tubulaire<\/p>\n<\/li>\n<li data-start=\"1187\" data-end=\"1231\">\n<p data-start=\"1189\" data-end=\"1231\">Mat\u00e9riau du lit : polyester 600D durable<\/p>\n<\/li>\n<li data-start=\"1232\" data-end=\"1295\">\n<p data-start=\"1234\" data-end=\"1295\">Couleur : g\u00e9n\u00e9ralement kaki ou vert for\u00eat (selon le mod\u00e8le)<\/p>\n<\/li>\n<li data-start=\"1296\" data-end=\"1321\">\n<p data-start=\"1298\" data-end=\"1321\">Marque : World Famous<\/p>\n<\/li>\n<\/ul>\n","protected":false},"excerpt":{"rendered":"<p>Le lit de camp Strong Man 500 de World Famous est con\u00e7u pour offrir un maximum de confort, de solidit\u00e9 et de durabilit\u00e9 aux campeurs les plus exigeants. Que ce soit pour une exp\u00e9dition de chasse, une fin de semaine en camping ou comme lit d\u2019appoint, ce mod\u00e8le robuste supporte jusqu\u2019\u00e0 500 lb tout en [&hellip;]<\/p>\n","protected":false},"featured_media":73738,"comment_status":"open","ping_status":"closed","template":"","meta":{"_acf_changed":false,"pagelayer_contact_templates":[],"_pagelayer_content":""},"product_brand":[],"product_cat":[111,110],"product_tag":[281],"class_list":{"0":"post-73742","1":"product","2":"type-product","3":"status-publish","4":"has-post-thumbnail","6":"product_cat-plein-air-camping-et-couchage","7":"product_cat-plein-air","8":"product_tag-world-famous","10":"first","11":"instock","12":"taxable","13":"shipping-taxable","14":"purchasable","15":"product-type-simple"},"acf":[],"jetpack_sharing_enabled":true,"_links":{"self":[{"href":"https:\/\/pavillonchassepeche.ca\/en\/wp-json\/wp\/v2\/product\/73742","targetHints":{"allow":["GET"]}}],"collection":[{"href":"https:\/\/pavillonchassepeche.ca\/en\/wp-json\/wp\/v2\/product"}],"about":[{"href":"https:\/\/pavillonchassepeche.ca\/en\/wp-json\/wp\/v2\/types\/product"}],"replies":[{"embeddable":true,"href":"https:\/\/pavillonchassepeche.ca\/en\/wp-json\/wp\/v2\/comments?post=73742"}],"version-history":[{"count":2,"href":"https:\/\/pavillonchassepeche.ca\/en\/wp-json\/wp\/v2\/product\/73742\/revisions"}],"predecessor-version":[{"id":85631,"href":"https:\/\/pavillonchassepeche.ca\/en\/wp-json\/wp\/v2\/product\/73742\/revisions\/85631"}],"wp:featuredmedia":[{"embeddable":true,"href":"https:\/\/pavillonchassepeche.ca\/en\/wp-json\/wp\/v2\/media\/73738"}],"wp:attachment":[{"href":"https:\/\/pavillonchassepeche.ca\/en\/wp-json\/wp\/v2\/media?parent=73742"}],"wp:term":[{"taxonomy":"product_brand","embeddable":true,"href":"https:\/\/pavillonchassepeche.ca\/en\/wp-json\/wp\/v2\/product_brand?post=73742"},{"taxonomy":"product_cat","embeddable":true,"href":"https:\/\/pavillonchassepeche.ca\/en\/wp-json\/wp\/v2\/product_cat?post=73742"},{"taxonomy":"product_tag","embeddable":true,"href":"https:\/\/pavillonchassepeche.ca\/en\/wp-json\/wp\/v2\/product_tag?post=73742"}],"curies":[{"name":"wp","href":"https:\/\/api.w.org\/{rel}","templated":true}]}}