{"id":73670,"date":"2025-04-18T13:42:54","date_gmt":"2025-04-18T17:42:54","guid":{"rendered":"https:\/\/pavillonchassepeche.ca\/?post_type=product&#038;p=73670"},"modified":"2026-04-08T17:42:35","modified_gmt":"2026-04-08T21:42:35","slug":"olympia-lampe-tout-usage-20-lumens-orange-camo","status":"publish","type":"product","link":"https:\/\/pavillonchassepeche.ca\/en\/product\/olympia-lampe-tout-usage-20-lumens-orange-camo\/","title":{"rendered":"OLYMPIA LAMPE TOUT USAGE 20 LUMENS ORANGE\/CAMO"},"content":{"rendered":"<p data-start=\"136\" data-end=\"690\">La <strong data-start=\"139\" data-end=\"177\">lampe tout usage Olympia 20 lumens<\/strong> en couleur <strong data-start=\"189\" data-end=\"204\">orange\/camo<\/strong> est l\u2019outil id\u00e9al pour toutes vos activit\u00e9s en plein air, que ce soit la chasse, la p\u00eache ou le camping. Compacte et l\u00e9g\u00e8re, elle offre une lumi\u00e8re blanche douce mais suffisante pour \u00e9clairer votre chemin ou votre campement sans \u00e9blouir. Son design r\u00e9sistant aux intemp\u00e9ries et ses couleurs orange et camouflage assurent visibilit\u00e9 et discr\u00e9tion selon vos besoins. Facile \u00e0 manipuler et \u00e0 accrocher, cette lampe polyvalente est un indispensable pour vos sorties, de jour comme de nuit.<\/p>\n<p data-start=\"692\" data-end=\"716\"><strong data-start=\"692\" data-end=\"714\">Caract\u00e9ristiques :<\/strong><\/p>\n<ul data-start=\"717\" data-end=\"1004\">\n<li data-start=\"717\" data-end=\"753\">\n<p data-start=\"719\" data-end=\"753\">Puissance lumineuse de 20 lumens<\/p>\n<\/li>\n<li data-start=\"754\" data-end=\"806\">\n<p data-start=\"756\" data-end=\"806\">Design compact et l\u00e9ger pour un transport facile<\/p>\n<\/li>\n<li data-start=\"807\" data-end=\"885\">\n<p data-start=\"809\" data-end=\"885\">Couleur orange pour une bonne visibilit\u00e9 et motifs camo pour la discr\u00e9tion<\/p>\n<\/li>\n<li data-start=\"886\" data-end=\"929\">\n<p data-start=\"888\" data-end=\"929\">R\u00e9sistante aux intemp\u00e9ries et aux chocs<\/p>\n<\/li>\n<li data-start=\"930\" data-end=\"1004\">\n<p data-start=\"932\" data-end=\"1004\">Polyvalente : id\u00e9ale pour la chasse, la p\u00eache, le camping et plus encore<\/p>\n<\/li>\n<\/ul>\n<p data-start=\"1006\" data-end=\"1039\"><strong data-start=\"1006\" data-end=\"1037\">Sp\u00e9cifications techniques :<\/strong><\/p>\n<ul data-start=\"1040\" data-end=\"1191\">\n<li data-start=\"1040\" data-end=\"1071\">\n<p data-start=\"1042\" data-end=\"1071\">Type : Lampe tout usage LED<\/p>\n<\/li>\n<li data-start=\"1072\" data-end=\"1098\">\n<p data-start=\"1074\" data-end=\"1098\">Luminosit\u00e9 : 20 lumens<\/p>\n<\/li>\n<li data-start=\"1099\" data-end=\"1132\">\n<p data-start=\"1101\" data-end=\"1132\">Couleur : Orange \/ Camouflage<\/p>\n<\/li>\n<li data-start=\"1133\" data-end=\"1172\">\n<p data-start=\"1135\" data-end=\"1172\">Alimentation : Piles (selon mod\u00e8le)<\/p>\n<\/li>\n<li data-start=\"1173\" data-end=\"1191\">\n<p data-start=\"1175\" data-end=\"1191\">Marque : Olympia<\/p>\n<\/li>\n<\/ul>\n","protected":false},"excerpt":{"rendered":"<p>La lampe tout usage Olympia 20 lumens en couleur orange\/camo est l\u2019outil id\u00e9al pour toutes vos activit\u00e9s en plein air, que ce soit la chasse, la p\u00eache ou le camping. Compacte et l\u00e9g\u00e8re, elle offre une lumi\u00e8re blanche douce mais suffisante pour \u00e9clairer votre chemin ou votre campement sans \u00e9blouir. Son design r\u00e9sistant aux intemp\u00e9ries [&hellip;]<\/p>\n","protected":false},"featured_media":73668,"comment_status":"open","ping_status":"closed","template":"","meta":{"_acf_changed":false,"pagelayer_contact_templates":[],"_pagelayer_content":""},"product_brand":[],"product_cat":[1109,110],"product_tag":[278],"class_list":{"0":"post-73670","1":"product","2":"type-product","3":"status-publish","4":"has-post-thumbnail","6":"product_cat-plein-air-eclairage-electronique","7":"product_cat-plein-air","8":"product_tag-olympia","10":"first","11":"instock","12":"taxable","13":"shipping-taxable","14":"purchasable","15":"product-type-simple"},"acf":[],"jetpack_sharing_enabled":true,"_links":{"self":[{"href":"https:\/\/pavillonchassepeche.ca\/en\/wp-json\/wp\/v2\/product\/73670","targetHints":{"allow":["GET"]}}],"collection":[{"href":"https:\/\/pavillonchassepeche.ca\/en\/wp-json\/wp\/v2\/product"}],"about":[{"href":"https:\/\/pavillonchassepeche.ca\/en\/wp-json\/wp\/v2\/types\/product"}],"replies":[{"embeddable":true,"href":"https:\/\/pavillonchassepeche.ca\/en\/wp-json\/wp\/v2\/comments?post=73670"}],"version-history":[{"count":2,"href":"https:\/\/pavillonchassepeche.ca\/en\/wp-json\/wp\/v2\/product\/73670\/revisions"}],"predecessor-version":[{"id":85935,"href":"https:\/\/pavillonchassepeche.ca\/en\/wp-json\/wp\/v2\/product\/73670\/revisions\/85935"}],"wp:featuredmedia":[{"embeddable":true,"href":"https:\/\/pavillonchassepeche.ca\/en\/wp-json\/wp\/v2\/media\/73668"}],"wp:attachment":[{"href":"https:\/\/pavillonchassepeche.ca\/en\/wp-json\/wp\/v2\/media?parent=73670"}],"wp:term":[{"taxonomy":"product_brand","embeddable":true,"href":"https:\/\/pavillonchassepeche.ca\/en\/wp-json\/wp\/v2\/product_brand?post=73670"},{"taxonomy":"product_cat","embeddable":true,"href":"https:\/\/pavillonchassepeche.ca\/en\/wp-json\/wp\/v2\/product_cat?post=73670"},{"taxonomy":"product_tag","embeddable":true,"href":"https:\/\/pavillonchassepeche.ca\/en\/wp-json\/wp\/v2\/product_tag?post=73670"}],"curies":[{"name":"wp","href":"https:\/\/api.w.org\/{rel}","templated":true}]}}