{"id":73655,"date":"2025-04-18T13:42:39","date_gmt":"2025-04-18T17:42:39","guid":{"rendered":"https:\/\/pavillonchassepeche.ca\/?post_type=product&#038;p=73655"},"modified":"2026-02-26T11:06:47","modified_gmt":"2026-02-26T16:06:47","slug":"white-lake-attache-pour-traineau-sturgeon-50x6x13","status":"publish","type":"product","link":"https:\/\/pavillonchassepeche.ca\/en\/product\/white-lake-attache-pour-traineau-sturgeon-50x6x13\/","title":{"rendered":"WHITE LAKE ATTACHE POUR TRA\u00ceNEAU STURGEON 50&#8221;X6&#8221;X13&#8221;"},"content":{"rendered":"<p data-start=\"191\" data-end=\"610\">L\u2019attache pour tra\u00eeneau <strong data-start=\"215\" data-end=\"256\">White Lake Sturgeon 50&#8221; x 6&#8221; x 13&#8221;<\/strong> est con\u00e7ue pour offrir une solidit\u00e9 et une stabilit\u00e9 maximales lors du transport de vos \u00e9quipements de chasse ou de p\u00eache en plein air. Sa conception robuste permet d\u2019attacher fermement votre tra\u00eeneau, m\u00eame sur des terrains difficiles ou enneig\u00e9s. Id\u00e9al pour les sorties hivernales, il assure un maintien s\u00e9curitaire et une durabilit\u00e9 \u00e0 toute \u00e9preuve.<\/p>\n<h3 data-start=\"612\" data-end=\"634\">Caract\u00e9ristiques<\/h3>\n<ul data-start=\"635\" data-end=\"915\">\n<li data-start=\"635\" data-end=\"695\">\n<p data-start=\"637\" data-end=\"695\">Con\u00e7u pour une utilisation en plein air, chasse et p\u00eache<\/p>\n<\/li>\n<li data-start=\"696\" data-end=\"741\">\n<p data-start=\"698\" data-end=\"741\">Fixation solide et durable pour tra\u00eeneaux<\/p>\n<\/li>\n<li data-start=\"742\" data-end=\"816\">\n<p data-start=\"744\" data-end=\"816\">Construction robuste pour terrains accident\u00e9s et conditions hivernales<\/p>\n<\/li>\n<li data-start=\"817\" data-end=\"852\">\n<p data-start=\"819\" data-end=\"852\">Facile \u00e0 installer et \u00e0 retirer<\/p>\n<\/li>\n<li data-start=\"853\" data-end=\"915\">\n<p data-start=\"855\" data-end=\"915\">Con\u00e7u pour assurer stabilit\u00e9 et s\u00e9curit\u00e9 lors du transport<\/p>\n<\/li>\n<\/ul>\n<h3 data-start=\"917\" data-end=\"948\">Sp\u00e9cifications techniques<\/h3>\n<ul data-start=\"949\" data-end=\"1069\">\n<li data-start=\"949\" data-end=\"972\">\n<p data-start=\"951\" data-end=\"972\">Marque : White Lake<\/p>\n<\/li>\n<li data-start=\"973\" data-end=\"994\">\n<p data-start=\"975\" data-end=\"994\">Mod\u00e8le : Sturgeon<\/p>\n<\/li>\n<li data-start=\"995\" data-end=\"1029\">\n<p data-start=\"997\" data-end=\"1029\">Dimensions : 50&#8221; x 6&#8221; x 13&#8221;<\/p>\n<\/li>\n<li data-start=\"1030\" data-end=\"1069\">\n<p data-start=\"1032\" data-end=\"1069\">Utilisation : Tra\u00eeneau de transport<\/p>\n<\/li>\n<\/ul>\n","protected":false},"excerpt":{"rendered":"<p>L\u2019attache pour tra\u00eeneau White Lake Sturgeon 50&#8221; x 6&#8221; x 13&#8221; est con\u00e7ue pour offrir une solidit\u00e9 et une stabilit\u00e9 maximales lors du transport de vos \u00e9quipements de chasse ou de p\u00eache en plein air. Sa conception robuste permet d\u2019attacher fermement votre tra\u00eeneau, m\u00eame sur des terrains difficiles ou enneig\u00e9s. Id\u00e9al pour les sorties hivernales, [&hellip;]<\/p>\n","protected":false},"featured_media":73653,"comment_status":"open","ping_status":"closed","template":"","meta":{"_acf_changed":false,"pagelayer_contact_templates":[],"_pagelayer_content":""},"product_brand":[],"product_cat":[144,170],"product_tag":[811],"class_list":{"0":"post-73655","1":"product","2":"type-product","3":"status-publish","4":"has-post-thumbnail","6":"product_cat-peche","7":"product_cat-peche-sur-la-glace","8":"product_tag-white-lake","10":"first","11":"instock","12":"taxable","13":"shipping-taxable","14":"purchasable","15":"product-type-simple"},"acf":[],"jetpack_sharing_enabled":true,"_links":{"self":[{"href":"https:\/\/pavillonchassepeche.ca\/en\/wp-json\/wp\/v2\/product\/73655","targetHints":{"allow":["GET"]}}],"collection":[{"href":"https:\/\/pavillonchassepeche.ca\/en\/wp-json\/wp\/v2\/product"}],"about":[{"href":"https:\/\/pavillonchassepeche.ca\/en\/wp-json\/wp\/v2\/types\/product"}],"replies":[{"embeddable":true,"href":"https:\/\/pavillonchassepeche.ca\/en\/wp-json\/wp\/v2\/comments?post=73655"}],"version-history":[{"count":2,"href":"https:\/\/pavillonchassepeche.ca\/en\/wp-json\/wp\/v2\/product\/73655\/revisions"}],"predecessor-version":[{"id":89034,"href":"https:\/\/pavillonchassepeche.ca\/en\/wp-json\/wp\/v2\/product\/73655\/revisions\/89034"}],"wp:featuredmedia":[{"embeddable":true,"href":"https:\/\/pavillonchassepeche.ca\/en\/wp-json\/wp\/v2\/media\/73653"}],"wp:attachment":[{"href":"https:\/\/pavillonchassepeche.ca\/en\/wp-json\/wp\/v2\/media?parent=73655"}],"wp:term":[{"taxonomy":"product_brand","embeddable":true,"href":"https:\/\/pavillonchassepeche.ca\/en\/wp-json\/wp\/v2\/product_brand?post=73655"},{"taxonomy":"product_cat","embeddable":true,"href":"https:\/\/pavillonchassepeche.ca\/en\/wp-json\/wp\/v2\/product_cat?post=73655"},{"taxonomy":"product_tag","embeddable":true,"href":"https:\/\/pavillonchassepeche.ca\/en\/wp-json\/wp\/v2\/product_tag?post=73655"}],"curies":[{"name":"wp","href":"https:\/\/api.w.org\/{rel}","templated":true}]}}