{"id":73612,"date":"2025-04-18T13:41:02","date_gmt":"2025-04-18T17:41:02","guid":{"rendered":"https:\/\/pavillonchassepeche.ca\/?post_type=product&#038;p=73612"},"modified":"2026-04-14T13:06:00","modified_gmt":"2026-04-14T17:06:00","slug":"atsko-silicone-impermeabilisant-pour-tissu-et-bottes","status":"publish","type":"product","link":"https:\/\/pavillonchassepeche.ca\/en\/product\/atsko-silicone-impermeabilisant-pour-tissu-et-bottes\/","title":{"rendered":"ATSKO SILICONE IMPERM\u00c9ABILISANT POUR TISSU ET BOTTES"},"content":{"rendered":"<p data-start=\"137\" data-end=\"571\">Le <strong data-start=\"140\" data-end=\"175\">ATSko Silicone Imperm\u00e9abilisant<\/strong> est con\u00e7u pour prot\u00e9ger efficacement tes v\u00eatements, chaussures et bottes contre l\u2019humidit\u00e9 et les intemp\u00e9ries. Facile \u00e0 appliquer, ce spray forme une barri\u00e8re r\u00e9sistante \u00e0 l\u2019eau sans alt\u00e9rer la respirabilit\u00e9 des mat\u00e9riaux. Id\u00e9al pour les sorties en chasse, p\u00eache ou randonn\u00e9e, il prolonge la dur\u00e9e de vie de ton \u00e9quipement en assurant une protection durable contre la pluie, la neige et la boue.<\/p>\n<p data-start=\"573\" data-end=\"597\"><strong data-start=\"573\" data-end=\"595\">Caract\u00e9ristiques :<\/strong><\/p>\n<ul data-start=\"598\" data-end=\"886\">\n<li data-start=\"598\" data-end=\"643\">\n<p data-start=\"600\" data-end=\"643\">Spray imperm\u00e9abilisant \u00e0 base de silicone<\/p>\n<\/li>\n<li data-start=\"644\" data-end=\"709\">\n<p data-start=\"646\" data-end=\"709\">Prot\u00e8ge tissu, bottes et v\u00eatements contre l\u2019eau et l\u2019humidit\u00e9<\/p>\n<\/li>\n<li data-start=\"710\" data-end=\"751\">\n<p data-start=\"712\" data-end=\"751\">Facile \u00e0 appliquer et rapide \u00e0 s\u00e9cher<\/p>\n<\/li>\n<li data-start=\"752\" data-end=\"803\">\n<p data-start=\"754\" data-end=\"803\">Conserve la respirabilit\u00e9 des mat\u00e9riaux trait\u00e9s<\/p>\n<\/li>\n<li data-start=\"804\" data-end=\"833\">\n<p data-start=\"806\" data-end=\"833\">R\u00e9sistant aux intemp\u00e9ries<\/p>\n<\/li>\n<li data-start=\"834\" data-end=\"886\">\n<p data-start=\"836\" data-end=\"886\">Parfait pour chasse, p\u00eache, randonn\u00e9e et plein air<\/p>\n<\/li>\n<\/ul>\n<p data-start=\"888\" data-end=\"921\"><strong data-start=\"888\" data-end=\"919\">Sp\u00e9cifications techniques :<\/strong><\/p>\n<ul data-start=\"922\" data-end=\"1133\">\n<li data-start=\"922\" data-end=\"940\">\n<p data-start=\"924\" data-end=\"940\">Marque : ATSko<\/p>\n<\/li>\n<li data-start=\"941\" data-end=\"986\">\n<p data-start=\"943\" data-end=\"986\">Type : Imperm\u00e9abilisant silicone en spray<\/p>\n<\/li>\n<li data-start=\"987\" data-end=\"1023\">\n<p data-start=\"989\" data-end=\"1023\">Usage : Tissu, bottes, v\u00eatements<\/p>\n<\/li>\n<li data-start=\"1024\" data-end=\"1079\">\n<p data-start=\"1026\" data-end=\"1079\">Contenance : Variable selon emballage (ex : 250 ml)<\/p>\n<\/li>\n<li data-start=\"1080\" data-end=\"1133\">\n<p data-start=\"1082\" data-end=\"1133\">Application : Ext\u00e9rieur, chasse, p\u00eache, randonn\u00e9e<\/p>\n<\/li>\n<\/ul>\n","protected":false},"excerpt":{"rendered":"<p>Le ATSko Silicone Imperm\u00e9abilisant est con\u00e7u pour prot\u00e9ger efficacement tes v\u00eatements, chaussures et bottes contre l\u2019humidit\u00e9 et les intemp\u00e9ries. Facile \u00e0 appliquer, ce spray forme une barri\u00e8re r\u00e9sistante \u00e0 l\u2019eau sans alt\u00e9rer la respirabilit\u00e9 des mat\u00e9riaux. Id\u00e9al pour les sorties en chasse, p\u00eache ou randonn\u00e9e, il prolonge la dur\u00e9e de vie de ton \u00e9quipement en [&hellip;]<\/p>\n","protected":false},"featured_media":73610,"comment_status":"open","ping_status":"closed","template":"","meta":{"_acf_changed":false,"pagelayer_contact_templates":[],"_pagelayer_content":""},"product_brand":[],"product_cat":[197],"product_tag":[],"class_list":{"0":"post-73612","1":"product","2":"type-product","3":"status-publish","4":"has-post-thumbnail","6":"product_cat-vetements","8":"first","9":"instock","10":"taxable","11":"shipping-taxable","12":"purchasable","13":"product-type-simple"},"acf":[],"jetpack_sharing_enabled":true,"_links":{"self":[{"href":"https:\/\/pavillonchassepeche.ca\/en\/wp-json\/wp\/v2\/product\/73612","targetHints":{"allow":["GET"]}}],"collection":[{"href":"https:\/\/pavillonchassepeche.ca\/en\/wp-json\/wp\/v2\/product"}],"about":[{"href":"https:\/\/pavillonchassepeche.ca\/en\/wp-json\/wp\/v2\/types\/product"}],"replies":[{"embeddable":true,"href":"https:\/\/pavillonchassepeche.ca\/en\/wp-json\/wp\/v2\/comments?post=73612"}],"version-history":[{"count":1,"href":"https:\/\/pavillonchassepeche.ca\/en\/wp-json\/wp\/v2\/product\/73612\/revisions"}],"predecessor-version":[{"id":85810,"href":"https:\/\/pavillonchassepeche.ca\/en\/wp-json\/wp\/v2\/product\/73612\/revisions\/85810"}],"wp:featuredmedia":[{"embeddable":true,"href":"https:\/\/pavillonchassepeche.ca\/en\/wp-json\/wp\/v2\/media\/73610"}],"wp:attachment":[{"href":"https:\/\/pavillonchassepeche.ca\/en\/wp-json\/wp\/v2\/media?parent=73612"}],"wp:term":[{"taxonomy":"product_brand","embeddable":true,"href":"https:\/\/pavillonchassepeche.ca\/en\/wp-json\/wp\/v2\/product_brand?post=73612"},{"taxonomy":"product_cat","embeddable":true,"href":"https:\/\/pavillonchassepeche.ca\/en\/wp-json\/wp\/v2\/product_cat?post=73612"},{"taxonomy":"product_tag","embeddable":true,"href":"https:\/\/pavillonchassepeche.ca\/en\/wp-json\/wp\/v2\/product_tag?post=73612"}],"curies":[{"name":"wp","href":"https:\/\/api.w.org\/{rel}","templated":true}]}}