{"id":73487,"date":"2025-04-18T13:37:44","date_gmt":"2025-04-18T17:37:44","guid":{"rendered":"https:\/\/pavillonchassepeche.ca\/?post_type=product&#038;p=73487"},"modified":"2026-04-25T12:06:35","modified_gmt":"2026-04-25T16:06:35","slug":"shimano-couteau-a-filets-6","status":"publish","type":"product","link":"https:\/\/pavillonchassepeche.ca\/en\/product\/shimano-couteau-a-filets-6\/","title":{"rendered":"SHIMANO COUTEAU A FILETS 6&#8221;"},"content":{"rendered":"<p data-start=\"115\" data-end=\"658\">Le <strong data-start=\"158\" data-end=\"190\">couteau \u00e0 filets Shimano 6\u2019\u2019<\/strong> est l\u2019outil id\u00e9al pour les p\u00eacheurs qui recherchent pr\u00e9cision, confort et durabilit\u00e9. Con\u00e7u avec une lame fine et flexible, il permet de fileter vos prises avec une grande facilit\u00e9 et une finition propre. Son manche ergonomique assure une prise ferme m\u00eame lorsqu\u2019il est mouill\u00e9, et sa construction de qualit\u00e9 Shimano garantit une longue dur\u00e9e de vie. Que ce soit pour la p\u00eache en lac, en rivi\u00e8re ou en mer, ce couteau est un incontournable dans votre coffre \u00e0 outils.<\/p>\n<p data-start=\"660\" data-end=\"684\"><strong data-start=\"660\" data-end=\"682\">Caract\u00e9ristiques :<\/strong><\/p>\n<ul data-start=\"685\" data-end=\"942\">\n<li data-start=\"685\" data-end=\"746\">\n<p data-start=\"687\" data-end=\"746\">Lame de 6 pouces fine et flexible pour un filetage pr\u00e9cis<\/p>\n<\/li>\n<li data-start=\"747\" data-end=\"809\">\n<p data-start=\"749\" data-end=\"809\">Manche ergonomique pour une prise confortable et s\u00e9curis\u00e9e<\/p>\n<\/li>\n<li data-start=\"810\" data-end=\"861\">\n<p data-start=\"812\" data-end=\"861\">Con\u00e7u pour r\u00e9sister \u00e0 la corrosion et \u00e0 l\u2019usure<\/p>\n<\/li>\n<li data-start=\"862\" data-end=\"904\">\n<p data-start=\"864\" data-end=\"904\">Id\u00e9al pour toutes vos sorties de p\u00eache<\/p>\n<\/li>\n<li data-start=\"905\" data-end=\"942\">\n<p data-start=\"907\" data-end=\"942\">Facile \u00e0 nettoyer et \u00e0 entretenir<\/p>\n<\/li>\n<\/ul>\n<p data-start=\"944\" data-end=\"977\"><strong data-start=\"944\" data-end=\"975\">Sp\u00e9cifications techniques :<\/strong><\/p>\n<ul data-start=\"978\" data-end=\"1175\">\n<li data-start=\"978\" data-end=\"998\">\n<p data-start=\"980\" data-end=\"998\">Marque : Shimano<\/p>\n<\/li>\n<li data-start=\"999\" data-end=\"1026\">\n<p data-start=\"1001\" data-end=\"1026\">Type : Couteau \u00e0 filets<\/p>\n<\/li>\n<li data-start=\"1027\" data-end=\"1056\">\n<p data-start=\"1029\" data-end=\"1056\">Longueur de la lame : 6&#8221;<\/p>\n<\/li>\n<li data-start=\"1057\" data-end=\"1099\">\n<p data-start=\"1059\" data-end=\"1099\">Mat\u00e9riau de la lame : Acier inoxydable<\/p>\n<\/li>\n<li data-start=\"1100\" data-end=\"1138\">\n<p data-start=\"1102\" data-end=\"1138\">Utilisation : Filetage de poissons<\/p>\n<\/li>\n<\/ul>\n","protected":false},"excerpt":{"rendered":"<p>Le couteau \u00e0 filets Shimano 6\u2019\u2019 est l\u2019outil id\u00e9al pour les p\u00eacheurs qui recherchent pr\u00e9cision, confort et durabilit\u00e9. Con\u00e7u avec une lame fine et flexible, il permet de fileter vos prises avec une grande facilit\u00e9 et une finition propre. Son manche ergonomique assure une prise ferme m\u00eame lorsqu\u2019il est mouill\u00e9, et sa construction de qualit\u00e9 [&hellip;]<\/p>\n","protected":false},"featured_media":73485,"comment_status":"open","ping_status":"closed","template":"","meta":{"_acf_changed":false,"pagelayer_contact_templates":[],"_pagelayer_content":""},"product_brand":[],"product_cat":[144],"product_tag":[352],"class_list":{"0":"post-73487","1":"product","2":"type-product","3":"status-publish","4":"has-post-thumbnail","6":"product_cat-peche","7":"product_tag-shimano","9":"first","10":"instock","11":"taxable","12":"shipping-taxable","13":"purchasable","14":"product-type-simple"},"acf":[],"jetpack_sharing_enabled":true,"_links":{"self":[{"href":"https:\/\/pavillonchassepeche.ca\/en\/wp-json\/wp\/v2\/product\/73487","targetHints":{"allow":["GET"]}}],"collection":[{"href":"https:\/\/pavillonchassepeche.ca\/en\/wp-json\/wp\/v2\/product"}],"about":[{"href":"https:\/\/pavillonchassepeche.ca\/en\/wp-json\/wp\/v2\/types\/product"}],"replies":[{"embeddable":true,"href":"https:\/\/pavillonchassepeche.ca\/en\/wp-json\/wp\/v2\/comments?post=73487"}],"version-history":[{"count":2,"href":"https:\/\/pavillonchassepeche.ca\/en\/wp-json\/wp\/v2\/product\/73487\/revisions"}],"predecessor-version":[{"id":86002,"href":"https:\/\/pavillonchassepeche.ca\/en\/wp-json\/wp\/v2\/product\/73487\/revisions\/86002"}],"wp:featuredmedia":[{"embeddable":true,"href":"https:\/\/pavillonchassepeche.ca\/en\/wp-json\/wp\/v2\/media\/73485"}],"wp:attachment":[{"href":"https:\/\/pavillonchassepeche.ca\/en\/wp-json\/wp\/v2\/media?parent=73487"}],"wp:term":[{"taxonomy":"product_brand","embeddable":true,"href":"https:\/\/pavillonchassepeche.ca\/en\/wp-json\/wp\/v2\/product_brand?post=73487"},{"taxonomy":"product_cat","embeddable":true,"href":"https:\/\/pavillonchassepeche.ca\/en\/wp-json\/wp\/v2\/product_cat?post=73487"},{"taxonomy":"product_tag","embeddable":true,"href":"https:\/\/pavillonchassepeche.ca\/en\/wp-json\/wp\/v2\/product_tag?post=73487"}],"curies":[{"name":"wp","href":"https:\/\/api.w.org\/{rel}","templated":true}]}}