{"id":73383,"date":"2025-04-18T13:34:50","date_gmt":"2025-04-18T17:34:50","guid":{"rendered":"https:\/\/pavillonchassepeche.ca\/?post_type=product&#038;p=73383"},"modified":"2026-02-26T11:07:10","modified_gmt":"2026-02-26T16:07:10","slug":"nikon-jumelles-prostaff-3-10x42","status":"publish","type":"product","link":"https:\/\/pavillonchassepeche.ca\/en\/product\/nikon-jumelles-prostaff-3-10x42\/","title":{"rendered":"NIKON JUMELLES PROSTAFF 3  10X42"},"content":{"rendered":"<p data-start=\"143\" data-end=\"723\">Les jumelles Nikon Prostaff 3 10&#215;42 sont con\u00e7ues pour les passionn\u00e9s de plein air qui recherchent une vision claire, nette et lumineuse, peu importe les conditions. Gr\u00e2ce \u00e0 leur grossissement de 10x et leurs lentilles de 42 mm, elles offrent un excellent champ de vision tout en captant un maximum de lumi\u00e8re. Compactes, l\u00e9g\u00e8res et robustes, elles sont id\u00e9ales pour la chasse, l\u2019observation de la faune ou toute activit\u00e9 en nature. Leurs prismes BaK4 \u00e0 toit et le traitement multicouche des lentilles assurent un contraste \u00e9lev\u00e9 et des couleurs fid\u00e8les, m\u00eame en faible luminosit\u00e9.<\/p>\n<hr data-start=\"725\" data-end=\"728\" \/>\n<p data-start=\"730\" data-end=\"754\"><strong data-start=\"730\" data-end=\"752\">Caract\u00e9ristiques :<\/strong><\/p>\n<ul data-start=\"755\" data-end=\"1196\">\n<li data-start=\"755\" data-end=\"837\">\n<p data-start=\"757\" data-end=\"837\">Grossissement 10x avec objectif de 42 mm pour des images claires et d\u00e9taill\u00e9es<\/p>\n<\/li>\n<li data-start=\"838\" data-end=\"918\">\n<p data-start=\"840\" data-end=\"918\">Lentilles trait\u00e9es multicouche pour une meilleure transmission de la lumi\u00e8re<\/p>\n<\/li>\n<li data-start=\"919\" data-end=\"994\">\n<p data-start=\"921\" data-end=\"994\">Prismes BaK4 \u00e0 toit pour un rendu lumineux et une excellente r\u00e9solution<\/p>\n<\/li>\n<li data-start=\"995\" data-end=\"1060\">\n<p data-start=\"997\" data-end=\"1060\">Design \u00e9tanche et antibu\u00e9e, adapt\u00e9 aux conditions ext\u00e9rieures<\/p>\n<\/li>\n<li data-start=\"1061\" data-end=\"1128\">\n<p data-start=\"1063\" data-end=\"1128\">Rev\u00eatement caoutchout\u00e9 antid\u00e9rapant pour une prise en main s\u00fbre<\/p>\n<\/li>\n<li data-start=\"1129\" data-end=\"1196\">\n<p data-start=\"1131\" data-end=\"1196\">Long d\u00e9gagement oculaire, parfait pour les porteurs de lunettes<\/p>\n<\/li>\n<\/ul>\n<hr data-start=\"1198\" data-end=\"1201\" \/>\n<p data-start=\"1203\" data-end=\"1236\"><strong data-start=\"1203\" data-end=\"1234\">Sp\u00e9cifications techniques :<\/strong><\/p>\n<ul data-start=\"1237\" data-end=\"1470\">\n<li data-start=\"1237\" data-end=\"1260\">\n<p data-start=\"1239\" data-end=\"1260\">Grossissement : 10x<\/p>\n<\/li>\n<li data-start=\"1261\" data-end=\"1295\">\n<p data-start=\"1263\" data-end=\"1295\">Diam\u00e8tre de l\u2019objectif : 42 mm<\/p>\n<\/li>\n<li data-start=\"1296\" data-end=\"1339\">\n<p data-start=\"1298\" data-end=\"1339\">Champ de vision \u00e0 1000 m : environ 98 m<\/p>\n<\/li>\n<li data-start=\"1340\" data-end=\"1384\">\n<p data-start=\"1342\" data-end=\"1384\">Distance minimale de mise au point : 3 m<\/p>\n<\/li>\n<li data-start=\"1385\" data-end=\"1410\">\n<p data-start=\"1387\" data-end=\"1410\">Poids : environ 575 g<\/p>\n<\/li>\n<li data-start=\"1411\" data-end=\"1470\">\n<p data-start=\"1413\" data-end=\"1470\">\u00c9tanche et rempli \u00e0 l\u2019azote pour \u00e9viter la bu\u00e9e interne<\/p>\n<\/li>\n<\/ul>\n","protected":false},"excerpt":{"rendered":"<p>Les jumelles Nikon Prostaff 3 10&#215;42 sont con\u00e7ues pour les passionn\u00e9s de plein air qui recherchent une vision claire, nette et lumineuse, peu importe les conditions. Gr\u00e2ce \u00e0 leur grossissement de 10x et leurs lentilles de 42 mm, elles offrent un excellent champ de vision tout en captant un maximum de lumi\u00e8re. Compactes, l\u00e9g\u00e8res et [&hellip;]<\/p>\n","protected":false},"featured_media":73381,"comment_status":"open","ping_status":"closed","template":"","meta":{"_acf_changed":false,"pagelayer_contact_templates":[],"_pagelayer_content":""},"product_brand":[],"product_cat":[110,1110],"product_tag":[319],"class_list":{"0":"post-73383","1":"product","2":"type-product","3":"status-publish","4":"has-post-thumbnail","6":"product_cat-plein-air","7":"product_cat-plein-air-randonnee-et-accessoires","8":"product_tag-nikon","10":"first","11":"instock","12":"taxable","13":"shipping-taxable","14":"purchasable","15":"product-type-simple"},"acf":[],"jetpack_sharing_enabled":true,"_links":{"self":[{"href":"https:\/\/pavillonchassepeche.ca\/en\/wp-json\/wp\/v2\/product\/73383","targetHints":{"allow":["GET"]}}],"collection":[{"href":"https:\/\/pavillonchassepeche.ca\/en\/wp-json\/wp\/v2\/product"}],"about":[{"href":"https:\/\/pavillonchassepeche.ca\/en\/wp-json\/wp\/v2\/types\/product"}],"replies":[{"embeddable":true,"href":"https:\/\/pavillonchassepeche.ca\/en\/wp-json\/wp\/v2\/comments?post=73383"}],"version-history":[{"count":2,"href":"https:\/\/pavillonchassepeche.ca\/en\/wp-json\/wp\/v2\/product\/73383\/revisions"}],"predecessor-version":[{"id":85627,"href":"https:\/\/pavillonchassepeche.ca\/en\/wp-json\/wp\/v2\/product\/73383\/revisions\/85627"}],"wp:featuredmedia":[{"embeddable":true,"href":"https:\/\/pavillonchassepeche.ca\/en\/wp-json\/wp\/v2\/media\/73381"}],"wp:attachment":[{"href":"https:\/\/pavillonchassepeche.ca\/en\/wp-json\/wp\/v2\/media?parent=73383"}],"wp:term":[{"taxonomy":"product_brand","embeddable":true,"href":"https:\/\/pavillonchassepeche.ca\/en\/wp-json\/wp\/v2\/product_brand?post=73383"},{"taxonomy":"product_cat","embeddable":true,"href":"https:\/\/pavillonchassepeche.ca\/en\/wp-json\/wp\/v2\/product_cat?post=73383"},{"taxonomy":"product_tag","embeddable":true,"href":"https:\/\/pavillonchassepeche.ca\/en\/wp-json\/wp\/v2\/product_tag?post=73383"}],"curies":[{"name":"wp","href":"https:\/\/api.w.org\/{rel}","templated":true}]}}