{"id":73275,"date":"2025-04-18T13:31:17","date_gmt":"2025-04-18T17:31:17","guid":{"rendered":"https:\/\/pavillonchassepeche.ca\/?post_type=product&#038;p=73275"},"modified":"2025-08-17T13:52:23","modified_gmt":"2025-08-17T17:52:23","slug":"etic-harnais-dore-fil-acier-w-l-4-orange-g","status":"publish","type":"product","link":"https:\/\/pavillonchassepeche.ca\/en\/product\/etic-harnais-dore-fil-acier-w-l-4-orange-g\/","title":{"rendered":"\u00c9TIC HARNAIS DORE FIL ACIER W. L. #4 ORANGE\/G"},"content":{"rendered":"<p data-start=\"132\" data-end=\"662\">Le <strong data-start=\"175\" data-end=\"209\">harnais pour dor\u00e9 \u00c9TIC W.L. #4<\/strong> avec fil d\u2019acier est con\u00e7u pour r\u00e9sister aux dents ac\u00e9r\u00e9es des pr\u00e9dateurs tout en offrant une pr\u00e9sentation irr\u00e9sistible. Parfait pour la p\u00eache au dor\u00e9, ce montage pr\u00e9assembl\u00e9 est muni d\u2019un hame\u00e7on de taille #4 et d\u2019un attractif montage <strong data-start=\"446\" data-end=\"473\">orange et or (Orange\/G)<\/strong>. Son fil d\u2019acier robuste offre une excellente durabilit\u00e9 et vous permet de p\u00eacher dans les zones plus agressives sans craindre les coupures. Un choix pratique, efficace et pr\u00eat \u00e0 l\u2019emploi!<\/p>\n<p data-start=\"664\" data-end=\"688\"><strong data-start=\"664\" data-end=\"686\">Caract\u00e9ristiques :<\/strong><\/p>\n<ul data-start=\"689\" data-end=\"959\">\n<li data-start=\"689\" data-end=\"738\">\n<p data-start=\"691\" data-end=\"738\">Harnais mont\u00e9 sur fil d\u2019acier ultra r\u00e9sistant<\/p>\n<\/li>\n<li data-start=\"739\" data-end=\"784\">\n<p data-start=\"741\" data-end=\"784\">Couleur orange et or pour attirer le dor\u00e9<\/p>\n<\/li>\n<li data-start=\"785\" data-end=\"827\">\n<p data-start=\"787\" data-end=\"827\">Hame\u00e7on de taille #4 aff\u00fbt\u00e9 et durable<\/p>\n<\/li>\n<li data-start=\"828\" data-end=\"886\">\n<p data-start=\"830\" data-end=\"886\">Id\u00e9al pour les zones avec brochets ou poissons \u00e0 dents<\/p>\n<\/li>\n<li data-start=\"887\" data-end=\"959\">\n<p data-start=\"889\" data-end=\"959\">Pr\u00eat \u00e0 utiliser, parfait pour les p\u00eacheurs press\u00e9s ou en d\u00e9placement<\/p>\n<\/li>\n<\/ul>\n<p data-start=\"961\" data-end=\"994\"><strong data-start=\"961\" data-end=\"992\">Sp\u00e9cifications techniques :<\/strong><\/p>\n<ul data-start=\"995\" data-end=\"1196\">\n<li data-start=\"995\" data-end=\"1012\">\n<p data-start=\"997\" data-end=\"1012\">Marque : \u00c9TIC<\/p>\n<\/li>\n<li data-start=\"1013\" data-end=\"1033\">\n<p data-start=\"1015\" data-end=\"1033\">Mod\u00e8le : W.L. #4<\/p>\n<\/li>\n<li data-start=\"1034\" data-end=\"1059\">\n<p data-start=\"1036\" data-end=\"1059\">Type : Harnais \u00e0 dor\u00e9<\/p>\n<\/li>\n<li data-start=\"1060\" data-end=\"1083\">\n<p data-start=\"1062\" data-end=\"1083\">Hame\u00e7on : Taille #4<\/p>\n<\/li>\n<li data-start=\"1084\" data-end=\"1121\">\n<p data-start=\"1086\" data-end=\"1121\">Couleur : Orange\/G (orange et or)<\/p>\n<\/li>\n<li data-start=\"1122\" data-end=\"1149\">\n<p data-start=\"1124\" data-end=\"1149\">Mat\u00e9riau du fil : Acier<\/p>\n<\/li>\n<li data-start=\"1150\" data-end=\"1196\">\n<p data-start=\"1152\" data-end=\"1196\">Utilisation : P\u00eache au dor\u00e9, brochet, etc.<\/p>\n<\/li>\n<\/ul>\n","protected":false},"excerpt":{"rendered":"<p>Le harnais pour dor\u00e9 \u00c9TIC W.L. #4 avec fil d\u2019acier est con\u00e7u pour r\u00e9sister aux dents ac\u00e9r\u00e9es des pr\u00e9dateurs tout en offrant une pr\u00e9sentation irr\u00e9sistible. Parfait pour la p\u00eache au dor\u00e9, ce montage pr\u00e9assembl\u00e9 est muni d\u2019un hame\u00e7on de taille #4 et d\u2019un attractif montage orange et or (Orange\/G). Son fil d\u2019acier robuste offre une [&hellip;]<\/p>\n","protected":false},"featured_media":73273,"comment_status":"open","ping_status":"closed","template":"","meta":{"_acf_changed":false,"pagelayer_contact_templates":[],"_pagelayer_content":""},"product_brand":[],"product_cat":[146,144],"product_tag":[393],"class_list":{"0":"post-73275","1":"product","2":"type-product","3":"status-publish","4":"has-post-thumbnail","6":"product_cat-peche-leurres-appats","7":"product_cat-peche","8":"product_tag-etic","10":"first","11":"instock","12":"taxable","13":"shipping-taxable","14":"purchasable","15":"product-type-simple"},"acf":[],"jetpack_sharing_enabled":true,"_links":{"self":[{"href":"https:\/\/pavillonchassepeche.ca\/en\/wp-json\/wp\/v2\/product\/73275","targetHints":{"allow":["GET"]}}],"collection":[{"href":"https:\/\/pavillonchassepeche.ca\/en\/wp-json\/wp\/v2\/product"}],"about":[{"href":"https:\/\/pavillonchassepeche.ca\/en\/wp-json\/wp\/v2\/types\/product"}],"replies":[{"embeddable":true,"href":"https:\/\/pavillonchassepeche.ca\/en\/wp-json\/wp\/v2\/comments?post=73275"}],"version-history":[{"count":2,"href":"https:\/\/pavillonchassepeche.ca\/en\/wp-json\/wp\/v2\/product\/73275\/revisions"}],"predecessor-version":[{"id":86014,"href":"https:\/\/pavillonchassepeche.ca\/en\/wp-json\/wp\/v2\/product\/73275\/revisions\/86014"}],"wp:featuredmedia":[{"embeddable":true,"href":"https:\/\/pavillonchassepeche.ca\/en\/wp-json\/wp\/v2\/media\/73273"}],"wp:attachment":[{"href":"https:\/\/pavillonchassepeche.ca\/en\/wp-json\/wp\/v2\/media?parent=73275"}],"wp:term":[{"taxonomy":"product_brand","embeddable":true,"href":"https:\/\/pavillonchassepeche.ca\/en\/wp-json\/wp\/v2\/product_brand?post=73275"},{"taxonomy":"product_cat","embeddable":true,"href":"https:\/\/pavillonchassepeche.ca\/en\/wp-json\/wp\/v2\/product_cat?post=73275"},{"taxonomy":"product_tag","embeddable":true,"href":"https:\/\/pavillonchassepeche.ca\/en\/wp-json\/wp\/v2\/product_tag?post=73275"}],"curies":[{"name":"wp","href":"https:\/\/api.w.org\/{rel}","templated":true}]}}