{"id":73265,"date":"2025-04-18T13:31:09","date_gmt":"2025-04-18T17:31:09","guid":{"rendered":"https:\/\/pavillonchassepeche.ca\/?post_type=product&#038;p=73265"},"modified":"2025-08-11T16:04:06","modified_gmt":"2025-08-11T20:04:06","slug":"etic-harnais-dore-fil-acier-w-l-4-rouge-fl","status":"publish","type":"product","link":"https:\/\/pavillonchassepeche.ca\/en\/product\/etic-harnais-dore-fil-acier-w-l-4-rouge-fl\/","title":{"rendered":"\u00c9TIC HARNAIS DORE FIL ACIER W. L. #4 ROUGE FL"},"content":{"rendered":"<p data-start=\"123\" data-end=\"585\">Le <em data-start=\"146\" data-end=\"165\">Harnais Dor\u00e9 \u00c9TIC<\/em> en fil d\u2019acier couleur rouge fluo (taille #4) combine robustesse et visibilit\u00e9 optimale pour tes sessions de p\u00eache au dor\u00e9. Sa construction en acier r\u00e9sistant assure une excellente protection contre les attaques et les frottements, tandis que sa teinte rouge fluo facilite le rep\u00e9rage en surface ou dans l\u2019eau trouble. Ce harnais est id\u00e9al pour s\u00e9curiser tes prises tout en gardant un contr\u00f4le parfait lors des combats.<\/p>\n<p data-start=\"587\" data-end=\"611\"><strong data-start=\"587\" data-end=\"609\">Caract\u00e9ristiques :<\/strong><\/p>\n<ul data-start=\"612\" data-end=\"928\">\n<li data-start=\"612\" data-end=\"657\">\n<p data-start=\"614\" data-end=\"657\">Harnais en fil d\u2019acier robuste et durable<\/p>\n<\/li>\n<li data-start=\"658\" data-end=\"702\">\n<p data-start=\"660\" data-end=\"702\">Taille #4, parfait pour la p\u00eache au dor\u00e9<\/p>\n<\/li>\n<li data-start=\"703\" data-end=\"755\">\n<p data-start=\"705\" data-end=\"755\">Couleur rouge fluo pour une meilleure visibilit\u00e9<\/p>\n<\/li>\n<li data-start=\"756\" data-end=\"807\">\n<p data-start=\"758\" data-end=\"807\">Grande r\u00e9sistance \u00e0 la traction et aux coupures<\/p>\n<\/li>\n<li data-start=\"808\" data-end=\"869\">\n<p data-start=\"810\" data-end=\"869\">Flexibilit\u00e9 permettant des mouvements naturels du poisson<\/p>\n<\/li>\n<li data-start=\"870\" data-end=\"928\">\n<p data-start=\"872\" data-end=\"928\">Con\u00e7u pour durer et r\u00e9sister aux conditions difficiles<\/p>\n<\/li>\n<\/ul>\n<p data-start=\"930\" data-end=\"963\"><strong data-start=\"930\" data-end=\"961\">Sp\u00e9cifications techniques :<\/strong><\/p>\n<ul data-start=\"964\" data-end=\"1138\">\n<li data-start=\"964\" data-end=\"981\">\n<p data-start=\"966\" data-end=\"981\">Marque : \u00c9TIC<\/p>\n<\/li>\n<li data-start=\"982\" data-end=\"1037\">\n<p data-start=\"984\" data-end=\"1037\">Mod\u00e8le : Harnais Dor\u00e9 Fil Acier W. L. #4 Rouge Fluo<\/p>\n<\/li>\n<li data-start=\"1038\" data-end=\"1071\">\n<p data-start=\"1040\" data-end=\"1071\">Type : Harnais en fil d\u2019acier<\/p>\n<\/li>\n<li data-start=\"1072\" data-end=\"1087\">\n<p data-start=\"1074\" data-end=\"1087\">Taille : #4<\/p>\n<\/li>\n<li data-start=\"1088\" data-end=\"1112\">\n<p data-start=\"1090\" data-end=\"1112\">Couleur : Rouge Fluo<\/p>\n<\/li>\n<li data-start=\"1113\" data-end=\"1138\">\n<p data-start=\"1115\" data-end=\"1138\">Usage : P\u00eache au dor\u00e9<\/p>\n<\/li>\n<\/ul>\n","protected":false},"excerpt":{"rendered":"<p>Le Harnais Dor\u00e9 \u00c9TIC en fil d\u2019acier couleur rouge fluo (taille #4) combine robustesse et visibilit\u00e9 optimale pour tes sessions de p\u00eache au dor\u00e9. Sa construction en acier r\u00e9sistant assure une excellente protection contre les attaques et les frottements, tandis que sa teinte rouge fluo facilite le rep\u00e9rage en surface ou dans l\u2019eau trouble. Ce [&hellip;]<\/p>\n","protected":false},"featured_media":73263,"comment_status":"open","ping_status":"closed","template":"","meta":{"_acf_changed":false,"pagelayer_contact_templates":[],"_pagelayer_content":""},"product_brand":[],"product_cat":[146,144],"product_tag":[393],"class_list":{"0":"post-73265","1":"product","2":"type-product","3":"status-publish","4":"has-post-thumbnail","6":"product_cat-peche-leurres-appats","7":"product_cat-peche","8":"product_tag-etic","10":"first","11":"instock","12":"taxable","13":"shipping-taxable","14":"purchasable","15":"product-type-simple"},"acf":[],"jetpack_sharing_enabled":true,"_links":{"self":[{"href":"https:\/\/pavillonchassepeche.ca\/en\/wp-json\/wp\/v2\/product\/73265","targetHints":{"allow":["GET"]}}],"collection":[{"href":"https:\/\/pavillonchassepeche.ca\/en\/wp-json\/wp\/v2\/product"}],"about":[{"href":"https:\/\/pavillonchassepeche.ca\/en\/wp-json\/wp\/v2\/types\/product"}],"replies":[{"embeddable":true,"href":"https:\/\/pavillonchassepeche.ca\/en\/wp-json\/wp\/v2\/comments?post=73265"}],"version-history":[{"count":2,"href":"https:\/\/pavillonchassepeche.ca\/en\/wp-json\/wp\/v2\/product\/73265\/revisions"}],"predecessor-version":[{"id":85773,"href":"https:\/\/pavillonchassepeche.ca\/en\/wp-json\/wp\/v2\/product\/73265\/revisions\/85773"}],"wp:featuredmedia":[{"embeddable":true,"href":"https:\/\/pavillonchassepeche.ca\/en\/wp-json\/wp\/v2\/media\/73263"}],"wp:attachment":[{"href":"https:\/\/pavillonchassepeche.ca\/en\/wp-json\/wp\/v2\/media?parent=73265"}],"wp:term":[{"taxonomy":"product_brand","embeddable":true,"href":"https:\/\/pavillonchassepeche.ca\/en\/wp-json\/wp\/v2\/product_brand?post=73265"},{"taxonomy":"product_cat","embeddable":true,"href":"https:\/\/pavillonchassepeche.ca\/en\/wp-json\/wp\/v2\/product_cat?post=73265"},{"taxonomy":"product_tag","embeddable":true,"href":"https:\/\/pavillonchassepeche.ca\/en\/wp-json\/wp\/v2\/product_tag?post=73265"}],"curies":[{"name":"wp","href":"https:\/\/api.w.org\/{rel}","templated":true}]}}