{"id":73262,"date":"2025-04-18T13:31:06","date_gmt":"2025-04-18T17:31:06","guid":{"rendered":"https:\/\/pavillonchassepeche.ca\/?post_type=product&#038;p=73262"},"modified":"2026-05-14T19:21:22","modified_gmt":"2026-05-14T23:21:22","slug":"etic-harnais-dore-fil-acier-w-l-4-rouge-bl","status":"publish","type":"product","link":"https:\/\/pavillonchassepeche.ca\/en\/product\/etic-harnais-dore-fil-acier-w-l-4-rouge-bl\/","title":{"rendered":"\u00c9TIC HARNAIS DORE FIL ACIER W. L. #4 ROUGE\/BL"},"content":{"rendered":"<p data-start=\"130\" data-end=\"748\">Le <strong data-start=\"133\" data-end=\"156\">harnais \u00e0 dor\u00e9 \u00c9tic<\/strong> avec fil d\u2019acier <strong data-start=\"174\" data-end=\"185\">W.L. #4<\/strong> en couleur <strong data-start=\"197\" data-end=\"211\">rouge\/noir<\/strong> est con\u00e7u pour maximiser vos chances de succ\u00e8s lors de vos sorties de p\u00eache au dor\u00e9. Gr\u00e2ce \u00e0 son montage solide sur fil d\u2019acier, ce harnais est id\u00e9al pour p\u00eacher dans des zones \u00e0 risques d\u2019abrasion ou de dents coupantes, comme celles fr\u00e9quent\u00e9es par le brochet. Les perles et la palette tournante attirent efficacement les poissons par vibration et \u00e9clat, tandis que la combinaison de couleurs rouge et noir offre un contraste visuel irr\u00e9sistible. Fiable, r\u00e9sistant et pr\u00eat \u00e0 l\u2019emploi, c\u2019est un incontournable pour tout p\u00eacheur de dor\u00e9.<\/p>\n<p data-start=\"750\" data-end=\"774\"><strong data-start=\"750\" data-end=\"772\">Caract\u00e9ristiques :<\/strong><\/p>\n<ul data-start=\"775\" data-end=\"1049\">\n<li data-start=\"775\" data-end=\"832\">\n<p data-start=\"777\" data-end=\"832\">Harnais mont\u00e9 sur fil d\u2019acier pour plus de r\u00e9sistance<\/p>\n<\/li>\n<li data-start=\"833\" data-end=\"883\">\n<p data-start=\"835\" data-end=\"883\">Palette tournante pour un maximum d\u2019attraction<\/p>\n<\/li>\n<li data-start=\"884\" data-end=\"935\">\n<p data-start=\"886\" data-end=\"935\">Perles de couleurs rouge et noire tr\u00e8s visibles<\/p>\n<\/li>\n<li data-start=\"936\" data-end=\"993\">\n<p data-start=\"938\" data-end=\"993\">Hame\u00e7on #4 id\u00e9al pour les dor\u00e9s et autres carnassiers<\/p>\n<\/li>\n<li data-start=\"994\" data-end=\"1049\">\n<p data-start=\"996\" data-end=\"1049\">Parfait pour les eaux profondes ou \u00e0 forte couverture<\/p>\n<\/li>\n<\/ul>\n<p data-start=\"1051\" data-end=\"1084\"><strong data-start=\"1051\" data-end=\"1082\">Sp\u00e9cifications techniques :<\/strong><\/p>\n<ul data-start=\"1085\" data-end=\"1244\">\n<li data-start=\"1085\" data-end=\"1110\">\n<p data-start=\"1087\" data-end=\"1110\">Type : Harnais \u00e0 dor\u00e9<\/p>\n<\/li>\n<li data-start=\"1111\" data-end=\"1131\">\n<p data-start=\"1113\" data-end=\"1131\">Fil : Acier W.L.<\/p>\n<\/li>\n<li data-start=\"1132\" data-end=\"1155\">\n<p data-start=\"1134\" data-end=\"1155\">Taille hame\u00e7on : #4<\/p>\n<\/li>\n<li data-start=\"1156\" data-end=\"1183\">\n<p data-start=\"1158\" data-end=\"1183\">Couleurs : Rouge \/ Noir<\/p>\n<\/li>\n<li data-start=\"1184\" data-end=\"1201\">\n<p data-start=\"1186\" data-end=\"1201\">Marque : \u00c9tic<\/p>\n<\/li>\n<li data-start=\"1202\" data-end=\"1244\">\n<p data-start=\"1204\" data-end=\"1244\">Utilisation : P\u00eache au dor\u00e9 et brochet<\/p>\n<\/li>\n<\/ul>\n","protected":false},"excerpt":{"rendered":"<p>Le harnais \u00e0 dor\u00e9 \u00c9tic avec fil d\u2019acier W.L. #4 en couleur rouge\/noir est con\u00e7u pour maximiser vos chances de succ\u00e8s lors de vos sorties de p\u00eache au dor\u00e9. Gr\u00e2ce \u00e0 son montage solide sur fil d\u2019acier, ce harnais est id\u00e9al pour p\u00eacher dans des zones \u00e0 risques d\u2019abrasion ou de dents coupantes, comme celles [&hellip;]<\/p>\n","protected":false},"featured_media":73260,"comment_status":"open","ping_status":"closed","template":"","meta":{"_acf_changed":false,"pagelayer_contact_templates":[],"_pagelayer_content":""},"product_brand":[],"product_cat":[146,144],"product_tag":[393],"class_list":{"0":"post-73262","1":"product","2":"type-product","3":"status-publish","4":"has-post-thumbnail","6":"product_cat-peche-leurres-appats","7":"product_cat-peche","8":"product_tag-etic","10":"first","11":"instock","12":"taxable","13":"shipping-taxable","14":"purchasable","15":"product-type-simple"},"acf":[],"jetpack_sharing_enabled":true,"_links":{"self":[{"href":"https:\/\/pavillonchassepeche.ca\/en\/wp-json\/wp\/v2\/product\/73262","targetHints":{"allow":["GET"]}}],"collection":[{"href":"https:\/\/pavillonchassepeche.ca\/en\/wp-json\/wp\/v2\/product"}],"about":[{"href":"https:\/\/pavillonchassepeche.ca\/en\/wp-json\/wp\/v2\/types\/product"}],"replies":[{"embeddable":true,"href":"https:\/\/pavillonchassepeche.ca\/en\/wp-json\/wp\/v2\/comments?post=73262"}],"version-history":[{"count":2,"href":"https:\/\/pavillonchassepeche.ca\/en\/wp-json\/wp\/v2\/product\/73262\/revisions"}],"predecessor-version":[{"id":85933,"href":"https:\/\/pavillonchassepeche.ca\/en\/wp-json\/wp\/v2\/product\/73262\/revisions\/85933"}],"wp:featuredmedia":[{"embeddable":true,"href":"https:\/\/pavillonchassepeche.ca\/en\/wp-json\/wp\/v2\/media\/73260"}],"wp:attachment":[{"href":"https:\/\/pavillonchassepeche.ca\/en\/wp-json\/wp\/v2\/media?parent=73262"}],"wp:term":[{"taxonomy":"product_brand","embeddable":true,"href":"https:\/\/pavillonchassepeche.ca\/en\/wp-json\/wp\/v2\/product_brand?post=73262"},{"taxonomy":"product_cat","embeddable":true,"href":"https:\/\/pavillonchassepeche.ca\/en\/wp-json\/wp\/v2\/product_cat?post=73262"},{"taxonomy":"product_tag","embeddable":true,"href":"https:\/\/pavillonchassepeche.ca\/en\/wp-json\/wp\/v2\/product_tag?post=73262"}],"curies":[{"name":"wp","href":"https:\/\/api.w.org\/{rel}","templated":true}]}}