{"id":73259,"date":"2025-04-18T13:31:04","date_gmt":"2025-04-18T17:31:04","guid":{"rendered":"https:\/\/pavillonchassepeche.ca\/?post_type=product&#038;p=73259"},"modified":"2025-08-11T16:04:12","modified_gmt":"2025-08-11T20:04:12","slug":"etic-harnais-dore-fil-acier-w-l-4-martele","status":"publish","type":"product","link":"https:\/\/pavillonchassepeche.ca\/en\/product\/etic-harnais-dore-fil-acier-w-l-4-martele\/","title":{"rendered":"\u00c9TIC HARNAIS DORE FIL ACIER W. L. #4 MARTELE"},"content":{"rendered":"<p data-start=\"120\" data-end=\"584\">Le <em data-start=\"143\" data-end=\"162\">Harnais Dor\u00e9 \u00c9TIC<\/em> en fil d\u2019acier avec finition martel\u00e9e (taille #4) est con\u00e7u pour offrir une r\u00e9sistance exceptionnelle et une durabilit\u00e9 optimale lors de tes parties de p\u00eache au dor\u00e9. Sa conception en acier robuste assure une excellente tenue face aux attaques et aux mouvements brusques des poissons, tout en offrant une grande flexibilit\u00e9. Id\u00e9al pour les p\u00eaches exigeantes, ce harnais est un \u00e9quipement fiable pour s\u00e9curiser tes prises.<\/p>\n<p data-start=\"586\" data-end=\"610\"><strong data-start=\"586\" data-end=\"608\">Caract\u00e9ristiques :<\/strong><\/p>\n<ul data-start=\"611\" data-end=\"942\">\n<li data-start=\"611\" data-end=\"668\">\n<p data-start=\"613\" data-end=\"668\">Harnais en fil d\u2019acier robuste avec finition martel\u00e9e<\/p>\n<\/li>\n<li data-start=\"669\" data-end=\"712\">\n<p data-start=\"671\" data-end=\"712\">Taille #4 adapt\u00e9e pour la p\u00eache au dor\u00e9<\/p>\n<\/li>\n<li data-start=\"713\" data-end=\"768\">\n<p data-start=\"715\" data-end=\"768\">Excellente r\u00e9sistance \u00e0 la traction et aux coupures<\/p>\n<\/li>\n<li data-start=\"769\" data-end=\"832\">\n<p data-start=\"771\" data-end=\"832\">Grande flexibilit\u00e9 pour faciliter les mouvements du poisson<\/p>\n<\/li>\n<li data-start=\"833\" data-end=\"896\">\n<p data-start=\"835\" data-end=\"896\">Parfait pour s\u00e9curiser les prises lors de combats intensifs<\/p>\n<\/li>\n<li data-start=\"897\" data-end=\"942\">\n<p data-start=\"899\" data-end=\"942\">Durable et con\u00e7u pour durer dans le temps<\/p>\n<\/li>\n<\/ul>\n<p data-start=\"944\" data-end=\"977\"><strong data-start=\"944\" data-end=\"975\">Sp\u00e9cifications techniques :<\/strong><\/p>\n<ul data-start=\"978\" data-end=\"1124\">\n<li data-start=\"978\" data-end=\"995\">\n<p data-start=\"980\" data-end=\"995\">Marque : \u00c9TIC<\/p>\n<\/li>\n<li data-start=\"996\" data-end=\"1048\">\n<p data-start=\"998\" data-end=\"1048\">Mod\u00e8le : Harnais Dor\u00e9 Fil Acier W. L. #4 Martel\u00e9<\/p>\n<\/li>\n<li data-start=\"1049\" data-end=\"1082\">\n<p data-start=\"1051\" data-end=\"1082\">Type : Harnais en fil d\u2019acier<\/p>\n<\/li>\n<li data-start=\"1083\" data-end=\"1098\">\n<p data-start=\"1085\" data-end=\"1098\">Taille : #4<\/p>\n<\/li>\n<li data-start=\"1099\" data-end=\"1124\">\n<p data-start=\"1101\" data-end=\"1124\">Usage : P\u00eache au dor\u00e9<\/p>\n<\/li>\n<\/ul>\n","protected":false},"excerpt":{"rendered":"<p>Le Harnais Dor\u00e9 \u00c9TIC en fil d\u2019acier avec finition martel\u00e9e (taille #4) est con\u00e7u pour offrir une r\u00e9sistance exceptionnelle et une durabilit\u00e9 optimale lors de tes parties de p\u00eache au dor\u00e9. Sa conception en acier robuste assure une excellente tenue face aux attaques et aux mouvements brusques des poissons, tout en offrant une grande flexibilit\u00e9. [&hellip;]<\/p>\n","protected":false},"featured_media":73257,"comment_status":"open","ping_status":"closed","template":"","meta":{"_acf_changed":false,"pagelayer_contact_templates":[],"_pagelayer_content":""},"product_brand":[],"product_cat":[146,144],"product_tag":[393],"class_list":{"0":"post-73259","1":"product","2":"type-product","3":"status-publish","4":"has-post-thumbnail","6":"product_cat-peche-leurres-appats","7":"product_cat-peche","8":"product_tag-etic","10":"first","11":"instock","12":"taxable","13":"shipping-taxable","14":"purchasable","15":"product-type-simple"},"acf":[],"jetpack_sharing_enabled":true,"_links":{"self":[{"href":"https:\/\/pavillonchassepeche.ca\/en\/wp-json\/wp\/v2\/product\/73259","targetHints":{"allow":["GET"]}}],"collection":[{"href":"https:\/\/pavillonchassepeche.ca\/en\/wp-json\/wp\/v2\/product"}],"about":[{"href":"https:\/\/pavillonchassepeche.ca\/en\/wp-json\/wp\/v2\/types\/product"}],"replies":[{"embeddable":true,"href":"https:\/\/pavillonchassepeche.ca\/en\/wp-json\/wp\/v2\/comments?post=73259"}],"version-history":[{"count":2,"href":"https:\/\/pavillonchassepeche.ca\/en\/wp-json\/wp\/v2\/product\/73259\/revisions"}],"predecessor-version":[{"id":85771,"href":"https:\/\/pavillonchassepeche.ca\/en\/wp-json\/wp\/v2\/product\/73259\/revisions\/85771"}],"wp:featuredmedia":[{"embeddable":true,"href":"https:\/\/pavillonchassepeche.ca\/en\/wp-json\/wp\/v2\/media\/73257"}],"wp:attachment":[{"href":"https:\/\/pavillonchassepeche.ca\/en\/wp-json\/wp\/v2\/media?parent=73259"}],"wp:term":[{"taxonomy":"product_brand","embeddable":true,"href":"https:\/\/pavillonchassepeche.ca\/en\/wp-json\/wp\/v2\/product_brand?post=73259"},{"taxonomy":"product_cat","embeddable":true,"href":"https:\/\/pavillonchassepeche.ca\/en\/wp-json\/wp\/v2\/product_cat?post=73259"},{"taxonomy":"product_tag","embeddable":true,"href":"https:\/\/pavillonchassepeche.ca\/en\/wp-json\/wp\/v2\/product_tag?post=73259"}],"curies":[{"name":"wp","href":"https:\/\/api.w.org\/{rel}","templated":true}]}}