{"id":73247,"date":"2025-04-18T13:30:55","date_gmt":"2025-04-18T17:30:55","guid":{"rendered":"https:\/\/pavillonchassepeche.ca\/?post_type=product&#038;p=73247"},"modified":"2026-04-28T12:18:14","modified_gmt":"2026-04-28T16:18:14","slug":"etic-harnais-a-dore-col-48-20lbs-4-green-b","status":"publish","type":"product","link":"https:\/\/pavillonchassepeche.ca\/en\/product\/etic-harnais-a-dore-col-48-20lbs-4-green-b\/","title":{"rendered":"\u00c9TIC HARNAIS A DORE COL. 48&#8243; 20LBS #4 GREEN B"},"content":{"rendered":"<p data-start=\"121\" data-end=\"604\">Le harnais <em data-start=\"152\" data-end=\"158\">\u00c9TIC<\/em> pour dor\u00e9, longueur 48 pouces et r\u00e9sistance 20 lbs, est un \u00e9quipement essentiel pour la p\u00eache au dor\u00e9. Con\u00e7u pour offrir une excellente tenue et confort lors du combat avec le poisson, ce harnais aide \u00e0 mieux r\u00e9partir la pression et \u00e0 r\u00e9duire la fatigue du p\u00eacheur. Sa couleur verte discr\u00e8te (#4 Green B) permet une bonne int\u00e9gration dans l\u2019environnement aquatique, tout en assurant une robustesse et une durabilit\u00e9 adapt\u00e9es \u00e0 la p\u00eache sportive.<\/p>\n<p data-start=\"606\" data-end=\"630\"><strong data-start=\"606\" data-end=\"628\">Caract\u00e9ristiques :<\/strong><\/p>\n<ul data-start=\"631\" data-end=\"938\">\n<li data-start=\"631\" data-end=\"683\">\n<p data-start=\"633\" data-end=\"683\">Harnais con\u00e7u sp\u00e9cialement pour la p\u00eache au dor\u00e9<\/p>\n<\/li>\n<li data-start=\"684\" data-end=\"726\">\n<p data-start=\"686\" data-end=\"726\">Longueur de 48 pouces (environ 1,22 m)<\/p>\n<\/li>\n<li data-start=\"727\" data-end=\"797\">\n<p data-start=\"729\" data-end=\"797\">R\u00e9sistance de 20 lbs pour affronter des poissons de taille moyenne<\/p>\n<\/li>\n<li data-start=\"798\" data-end=\"837\">\n<p data-start=\"800\" data-end=\"837\">Couleur verte discr\u00e8te (Green B #4)<\/p>\n<\/li>\n<li data-start=\"838\" data-end=\"887\">\n<p data-start=\"840\" data-end=\"887\">Confortable et robuste pour un usage prolong\u00e9<\/p>\n<\/li>\n<li data-start=\"888\" data-end=\"938\">\n<p data-start=\"890\" data-end=\"938\">Id\u00e9al pour r\u00e9duire la fatigue lors des combats<\/p>\n<\/li>\n<\/ul>\n<p data-start=\"940\" data-end=\"973\"><strong data-start=\"940\" data-end=\"971\">Sp\u00e9cifications techniques :<\/strong><\/p>\n<ul data-start=\"974\" data-end=\"1130\">\n<li data-start=\"974\" data-end=\"991\">\n<p data-start=\"976\" data-end=\"991\">Marque : \u00c9TIC<\/p>\n<\/li>\n<li data-start=\"992\" data-end=\"1019\">\n<p data-start=\"994\" data-end=\"1019\">Mod\u00e8le : Harnais \u00e0 dor\u00e9<\/p>\n<\/li>\n<li data-start=\"1020\" data-end=\"1044\">\n<p data-start=\"1022\" data-end=\"1044\">Longueur : 48 pouces<\/p>\n<\/li>\n<li data-start=\"1045\" data-end=\"1068\">\n<p data-start=\"1047\" data-end=\"1068\">R\u00e9sistance : 20 lbs<\/p>\n<\/li>\n<li data-start=\"1069\" data-end=\"1095\">\n<p data-start=\"1071\" data-end=\"1095\">Couleur : Green B (#4)<\/p>\n<\/li>\n<li data-start=\"1096\" data-end=\"1130\">\n<p data-start=\"1098\" data-end=\"1130\">Usage : P\u00eache sportive au dor\u00e9<\/p>\n<\/li>\n<\/ul>\n","protected":false},"excerpt":{"rendered":"<p>Le harnais \u00c9TIC pour dor\u00e9, longueur 48 pouces et r\u00e9sistance 20 lbs, est un \u00e9quipement essentiel pour la p\u00eache au dor\u00e9. Con\u00e7u pour offrir une excellente tenue et confort lors du combat avec le poisson, ce harnais aide \u00e0 mieux r\u00e9partir la pression et \u00e0 r\u00e9duire la fatigue du p\u00eacheur. Sa couleur verte discr\u00e8te (#4 [&hellip;]<\/p>\n","protected":false},"featured_media":73245,"comment_status":"open","ping_status":"closed","template":"","meta":{"_acf_changed":false,"pagelayer_contact_templates":[],"_pagelayer_content":""},"product_brand":[],"product_cat":[146,144],"product_tag":[393],"class_list":{"0":"post-73247","1":"product","2":"type-product","3":"status-publish","4":"has-post-thumbnail","6":"product_cat-peche-leurres-appats","7":"product_cat-peche","8":"product_tag-etic","10":"first","11":"instock","12":"taxable","13":"shipping-taxable","14":"purchasable","15":"product-type-simple"},"acf":[],"jetpack_sharing_enabled":true,"_links":{"self":[{"href":"https:\/\/pavillonchassepeche.ca\/en\/wp-json\/wp\/v2\/product\/73247","targetHints":{"allow":["GET"]}}],"collection":[{"href":"https:\/\/pavillonchassepeche.ca\/en\/wp-json\/wp\/v2\/product"}],"about":[{"href":"https:\/\/pavillonchassepeche.ca\/en\/wp-json\/wp\/v2\/types\/product"}],"replies":[{"embeddable":true,"href":"https:\/\/pavillonchassepeche.ca\/en\/wp-json\/wp\/v2\/comments?post=73247"}],"version-history":[{"count":2,"href":"https:\/\/pavillonchassepeche.ca\/en\/wp-json\/wp\/v2\/product\/73247\/revisions"}],"predecessor-version":[{"id":85714,"href":"https:\/\/pavillonchassepeche.ca\/en\/wp-json\/wp\/v2\/product\/73247\/revisions\/85714"}],"wp:featuredmedia":[{"embeddable":true,"href":"https:\/\/pavillonchassepeche.ca\/en\/wp-json\/wp\/v2\/media\/73245"}],"wp:attachment":[{"href":"https:\/\/pavillonchassepeche.ca\/en\/wp-json\/wp\/v2\/media?parent=73247"}],"wp:term":[{"taxonomy":"product_brand","embeddable":true,"href":"https:\/\/pavillonchassepeche.ca\/en\/wp-json\/wp\/v2\/product_brand?post=73247"},{"taxonomy":"product_cat","embeddable":true,"href":"https:\/\/pavillonchassepeche.ca\/en\/wp-json\/wp\/v2\/product_cat?post=73247"},{"taxonomy":"product_tag","embeddable":true,"href":"https:\/\/pavillonchassepeche.ca\/en\/wp-json\/wp\/v2\/product_tag?post=73247"}],"curies":[{"name":"wp","href":"https:\/\/api.w.org\/{rel}","templated":true}]}}