{"id":73009,"date":"2025-04-18T13:22:46","date_gmt":"2025-04-18T17:22:46","guid":{"rendered":"https:\/\/pavillonchassepeche.ca\/?post_type=product&#038;p=73009"},"modified":"2025-08-14T14:50:05","modified_gmt":"2025-08-14T18:50:05","slug":"rapala-poisson-nageur-leurre-soupleging-shad-rap-05-glow-red","status":"publish","type":"product","link":"https:\/\/pavillonchassepeche.ca\/en\/product\/rapala-poisson-nageur-leurre-soupleging-shad-rap-05-glow-red\/","title":{"rendered":"Rapala Poisson Nageur Leurre Soupleging Shad Rap 05 &#8211; Glow Red"},"content":{"rendered":"<p data-start=\"59\" data-end=\"573\">Le Rapala Shad Rap 05 Glow Red est un poisson nageur souple qui imite parfaitement le mouvement naturel d\u2019un poisson en d\u00e9tresse, attirant ainsi les pr\u00e9dateurs les plus m\u00e9fiants. Sa finition Glow Red \u00e9met une brillance attrayante, id\u00e9ale pour p\u00eacher dans des conditions de faible luminosit\u00e9 ou en eau trouble. Con\u00e7u pour offrir une action r\u00e9aliste d\u00e8s la moindre r\u00e9cup\u00e9ration, ce leurre est parfait pour cibler plusieurs esp\u00e8ces de poissons carnassiers en eau douce comme en eau sal\u00e9e.<\/p>\n<p data-start=\"575\" data-end=\"597\"><strong data-start=\"575\" data-end=\"595\">Caract\u00e9ristiques<\/strong><\/p>\n<ul data-start=\"598\" data-end=\"779\">\n<li data-start=\"598\" data-end=\"638\">\n<p data-start=\"600\" data-end=\"638\">Imitation r\u00e9aliste de poisson bless\u00e9<\/p>\n<\/li>\n<li data-start=\"639\" data-end=\"687\">\n<p data-start=\"641\" data-end=\"687\">Finition Glow Red pour une visibilit\u00e9 accrue<\/p>\n<\/li>\n<li data-start=\"688\" data-end=\"726\">\n<p data-start=\"690\" data-end=\"726\">Action de nage naturelle et fluide<\/p>\n<\/li>\n<li data-start=\"727\" data-end=\"779\">\n<p data-start=\"729\" data-end=\"779\">Convient \u00e0 la p\u00eache en eau douce et en eau sal\u00e9e<\/p>\n<\/li>\n<\/ul>\n<p data-start=\"781\" data-end=\"812\"><strong data-start=\"781\" data-end=\"810\">Sp\u00e9cifications techniques<\/strong><\/p>\n<ul data-start=\"813\" data-end=\"933\">\n<li data-start=\"813\" data-end=\"837\">\n<p data-start=\"815\" data-end=\"837\">Mod\u00e8le : Shad Rap 05<\/p>\n<\/li>\n<li data-start=\"838\" data-end=\"860\">\n<p data-start=\"840\" data-end=\"860\">Couleur : Glow Red<\/p>\n<\/li>\n<li data-start=\"861\" data-end=\"880\">\n<p data-start=\"863\" data-end=\"880\">Longueur : 5 cm<\/p>\n<\/li>\n<li data-start=\"881\" data-end=\"913\">\n<p data-start=\"883\" data-end=\"913\">Type : Poisson nageur souple<\/p>\n<\/li>\n<li data-start=\"914\" data-end=\"933\">\n<p data-start=\"916\" data-end=\"933\">Marque : Rapala<\/p>\n<\/li>\n<\/ul>\n","protected":false},"excerpt":{"rendered":"<p>Le Rapala Shad Rap 05 Glow Red est un poisson nageur souple qui imite parfaitement le mouvement naturel d\u2019un poisson en d\u00e9tresse, attirant ainsi les pr\u00e9dateurs les plus m\u00e9fiants. Sa finition Glow Red \u00e9met une brillance attrayante, id\u00e9ale pour p\u00eacher dans des conditions de faible luminosit\u00e9 ou en eau trouble. Con\u00e7u pour offrir une action [&hellip;]<\/p>\n","protected":false},"featured_media":73007,"comment_status":"open","ping_status":"closed","template":"","meta":{"_acf_changed":false,"pagelayer_contact_templates":[],"_pagelayer_content":""},"product_brand":[],"product_cat":[146,144],"product_tag":[353],"class_list":{"0":"post-73009","1":"product","2":"type-product","3":"status-publish","4":"has-post-thumbnail","6":"product_cat-peche-leurres-appats","7":"product_cat-peche","8":"product_tag-rapala","10":"first","11":"instock","12":"taxable","13":"shipping-taxable","14":"purchasable","15":"product-type-simple"},"acf":[],"jetpack_sharing_enabled":true,"_links":{"self":[{"href":"https:\/\/pavillonchassepeche.ca\/en\/wp-json\/wp\/v2\/product\/73009","targetHints":{"allow":["GET"]}}],"collection":[{"href":"https:\/\/pavillonchassepeche.ca\/en\/wp-json\/wp\/v2\/product"}],"about":[{"href":"https:\/\/pavillonchassepeche.ca\/en\/wp-json\/wp\/v2\/types\/product"}],"replies":[{"embeddable":true,"href":"https:\/\/pavillonchassepeche.ca\/en\/wp-json\/wp\/v2\/comments?post=73009"}],"version-history":[{"count":2,"href":"https:\/\/pavillonchassepeche.ca\/en\/wp-json\/wp\/v2\/product\/73009\/revisions"}],"predecessor-version":[{"id":88846,"href":"https:\/\/pavillonchassepeche.ca\/en\/wp-json\/wp\/v2\/product\/73009\/revisions\/88846"}],"wp:featuredmedia":[{"embeddable":true,"href":"https:\/\/pavillonchassepeche.ca\/en\/wp-json\/wp\/v2\/media\/73007"}],"wp:attachment":[{"href":"https:\/\/pavillonchassepeche.ca\/en\/wp-json\/wp\/v2\/media?parent=73009"}],"wp:term":[{"taxonomy":"product_brand","embeddable":true,"href":"https:\/\/pavillonchassepeche.ca\/en\/wp-json\/wp\/v2\/product_brand?post=73009"},{"taxonomy":"product_cat","embeddable":true,"href":"https:\/\/pavillonchassepeche.ca\/en\/wp-json\/wp\/v2\/product_cat?post=73009"},{"taxonomy":"product_tag","embeddable":true,"href":"https:\/\/pavillonchassepeche.ca\/en\/wp-json\/wp\/v2\/product_tag?post=73009"}],"curies":[{"name":"wp","href":"https:\/\/api.w.org\/{rel}","templated":true}]}}