{"id":72988,"date":"2025-04-18T13:22:32","date_gmt":"2025-04-18T17:22:32","guid":{"rendered":"https:\/\/pavillonchassepeche.ca\/?post_type=product&#038;p=72988"},"modified":"2026-02-26T16:32:37","modified_gmt":"2026-02-26T21:32:37","slug":"rapala-poisson-nageur-leurre-soupleging-shad-rap-03-glow-clown","status":"publish","type":"product","link":"https:\/\/pavillonchassepeche.ca\/en\/product\/rapala-poisson-nageur-leurre-soupleging-shad-rap-03-glow-clown\/","title":{"rendered":"Rapala Poisson Nageur Leurre Soupleging Shad Rap 03 &#8211; Glow Clown"},"content":{"rendered":"<p data-start=\"59\" data-end=\"674\">Le leurre souple Rapala Shad Rap 03 en coloris Glow Clown est con\u00e7u pour s\u00e9duire les poissons pr\u00e9dateurs gr\u00e2ce \u00e0 sa nage r\u00e9aliste et sa finition lumineuse. Id\u00e9al pour la p\u00eache en eau douce, il imite parfaitement le mouvement d\u2019un petit poisson bless\u00e9, incitant les carnassiers comme le brochet, le dor\u00e9 et le maskinong\u00e9 \u00e0 attaquer. Sa finition Glow Clown assure une excellente visibilit\u00e9 dans l\u2019eau sombre ou par faible luminosit\u00e9, maximisant ainsi vos chances de capture. L\u00e9ger et maniable, le Shad Rap 03 est un outil essentiel pour les p\u00eacheurs recherchant performance et efficacit\u00e9.<\/p>\n<p data-start=\"676\" data-end=\"698\"><strong data-start=\"676\" data-end=\"696\">Caract\u00e9ristiques<\/strong><\/p>\n<ul data-start=\"699\" data-end=\"975\">\n<li data-start=\"699\" data-end=\"742\">\n<p data-start=\"701\" data-end=\"742\">Leurre souple imitant un poisson bless\u00e9<\/p>\n<\/li>\n<li data-start=\"743\" data-end=\"812\">\n<p data-start=\"745\" data-end=\"812\">Coloris Glow Clown pour une visibilit\u00e9 optimale dans l\u2019eau sombre<\/p>\n<\/li>\n<li data-start=\"813\" data-end=\"877\">\n<p data-start=\"815\" data-end=\"877\">Mouvements r\u00e9alistes pour provoquer l\u2019attaque des pr\u00e9dateurs<\/p>\n<\/li>\n<li data-start=\"878\" data-end=\"946\">\n<p data-start=\"880\" data-end=\"946\">Id\u00e9al pour la p\u00eache en eau douce et diverses esp\u00e8ces de poissons<\/p>\n<\/li>\n<li data-start=\"947\" data-end=\"975\">\n<p data-start=\"949\" data-end=\"975\">L\u00e9ger et facile \u00e0 lancer<\/p>\n<\/li>\n<\/ul>\n<p data-start=\"977\" data-end=\"1008\"><strong data-start=\"977\" data-end=\"1006\">Sp\u00e9cifications techniques<\/strong><\/p>\n<ul data-start=\"1009\" data-end=\"1174\">\n<li data-start=\"1009\" data-end=\"1028\">\n<p data-start=\"1011\" data-end=\"1028\">Marque : Rapala<\/p>\n<\/li>\n<li data-start=\"1029\" data-end=\"1053\">\n<p data-start=\"1031\" data-end=\"1053\">Mod\u00e8le : Shad Rap 03<\/p>\n<\/li>\n<li data-start=\"1054\" data-end=\"1078\">\n<p data-start=\"1056\" data-end=\"1078\">Couleur : Glow Clown<\/p>\n<\/li>\n<li data-start=\"1079\" data-end=\"1110\">\n<p data-start=\"1081\" data-end=\"1110\">Type : Leurre souple nageur<\/p>\n<\/li>\n<li data-start=\"1111\" data-end=\"1174\">\n<p data-start=\"1113\" data-end=\"1174\">Utilisation : P\u00eache en eau douce, brochet, dor\u00e9, maskinong\u00e9<\/p>\n<\/li>\n<\/ul>\n","protected":false},"excerpt":{"rendered":"<p>Le leurre souple Rapala Shad Rap 03 en coloris Glow Clown est con\u00e7u pour s\u00e9duire les poissons pr\u00e9dateurs gr\u00e2ce \u00e0 sa nage r\u00e9aliste et sa finition lumineuse. Id\u00e9al pour la p\u00eache en eau douce, il imite parfaitement le mouvement d\u2019un petit poisson bless\u00e9, incitant les carnassiers comme le brochet, le dor\u00e9 et le maskinong\u00e9 \u00e0 [&hellip;]<\/p>\n","protected":false},"featured_media":72986,"comment_status":"open","ping_status":"closed","template":"","meta":{"_acf_changed":false,"pagelayer_contact_templates":[],"_pagelayer_content":""},"product_brand":[],"product_cat":[146,144],"product_tag":[353],"class_list":{"0":"post-72988","1":"product","2":"type-product","3":"status-publish","4":"has-post-thumbnail","6":"product_cat-peche-leurres-appats","7":"product_cat-peche","8":"product_tag-rapala","10":"first","11":"instock","12":"taxable","13":"shipping-taxable","14":"purchasable","15":"product-type-simple"},"acf":[],"jetpack_sharing_enabled":true,"_links":{"self":[{"href":"https:\/\/pavillonchassepeche.ca\/en\/wp-json\/wp\/v2\/product\/72988","targetHints":{"allow":["GET"]}}],"collection":[{"href":"https:\/\/pavillonchassepeche.ca\/en\/wp-json\/wp\/v2\/product"}],"about":[{"href":"https:\/\/pavillonchassepeche.ca\/en\/wp-json\/wp\/v2\/types\/product"}],"replies":[{"embeddable":true,"href":"https:\/\/pavillonchassepeche.ca\/en\/wp-json\/wp\/v2\/comments?post=72988"}],"version-history":[{"count":2,"href":"https:\/\/pavillonchassepeche.ca\/en\/wp-json\/wp\/v2\/product\/72988\/revisions"}],"predecessor-version":[{"id":88833,"href":"https:\/\/pavillonchassepeche.ca\/en\/wp-json\/wp\/v2\/product\/72988\/revisions\/88833"}],"wp:featuredmedia":[{"embeddable":true,"href":"https:\/\/pavillonchassepeche.ca\/en\/wp-json\/wp\/v2\/media\/72986"}],"wp:attachment":[{"href":"https:\/\/pavillonchassepeche.ca\/en\/wp-json\/wp\/v2\/media?parent=72988"}],"wp:term":[{"taxonomy":"product_brand","embeddable":true,"href":"https:\/\/pavillonchassepeche.ca\/en\/wp-json\/wp\/v2\/product_brand?post=72988"},{"taxonomy":"product_cat","embeddable":true,"href":"https:\/\/pavillonchassepeche.ca\/en\/wp-json\/wp\/v2\/product_cat?post=72988"},{"taxonomy":"product_tag","embeddable":true,"href":"https:\/\/pavillonchassepeche.ca\/en\/wp-json\/wp\/v2\/product_tag?post=72988"}],"curies":[{"name":"wp","href":"https:\/\/api.w.org\/{rel}","templated":true}]}}