{"id":72901,"date":"2025-04-18T13:19:46","date_gmt":"2025-04-18T17:19:46","guid":{"rendered":"https:\/\/pavillonchassepeche.ca\/?post_type=product&#038;p=72901"},"modified":"2025-12-09T15:22:55","modified_gmt":"2025-12-09T20:22:55","slug":"sulun-arms-sp-x12-12ga-3-pump-action-18-5-tfwx112","status":"publish","type":"product","link":"https:\/\/pavillonchassepeche.ca\/en\/product\/sulun-arms-sp-x12-12ga-3-pump-action-18-5-tfwx112\/","title":{"rendered":"SULUN ARMS SP-X12 12GA 3&#8221; PUMP ACTION 18.5&#8221; (TFWX112)"},"content":{"rendered":"<h3 data-start=\"165\" data-end=\"226\"><strong data-start=\"169\" data-end=\"226\">SULUN ARMS SP-X12 12GA 3&#8221; \u00c0 POMPE &#8211; 18.5&#8221; (TFWX112)<\/strong><\/h3>\n<p data-start=\"228\" data-end=\"539\">Le <strong data-start=\"231\" data-end=\"252\">Sulun Arms SP-X12<\/strong> est un fusil \u00e0 pompe au design tactique, compact et pr\u00eat pour l\u2019action. Que ce soit pour le tir r\u00e9cr\u00e9atif ou la d\u00e9fense r\u00e9sidentielle, ce mod\u00e8le offre une fiabilit\u00e9 remarquable, une construction robuste et une prise en main efficace gr\u00e2ce \u00e0 sa crosse pliable et ses rails d\u2019accessoires.<\/p>\n<hr data-start=\"541\" data-end=\"544\" \/>\n<h4 data-start=\"546\" data-end=\"573\"><strong data-start=\"551\" data-end=\"571\">Caract\u00e9ristiques<\/strong> :<\/h4>\n<ul data-start=\"574\" data-end=\"918\">\n<li data-start=\"574\" data-end=\"643\">\n<p data-start=\"576\" data-end=\"643\">Format compact, id\u00e9al pour le transport ou les espaces restreints<\/p>\n<\/li>\n<li data-start=\"644\" data-end=\"679\">\n<p data-start=\"646\" data-end=\"679\">Action \u00e0 pompe fluide et solide<\/p>\n<\/li>\n<li data-start=\"680\" data-end=\"717\">\n<p data-start=\"682\" data-end=\"717\">Crosse repliable de type tactique<\/p>\n<\/li>\n<li data-start=\"718\" data-end=\"786\">\n<p data-start=\"720\" data-end=\"786\">Rails Picatinny int\u00e9gr\u00e9s pour accessoires (lampe, optique, etc.)<\/p>\n<\/li>\n<li data-start=\"787\" data-end=\"815\">\n<p data-start=\"789\" data-end=\"815\">Look moderne et agressif<\/p>\n<\/li>\n<li data-start=\"816\" data-end=\"863\">\n<p data-start=\"818\" data-end=\"863\">Fabrication en acier et polym\u00e8re de qualit\u00e9<\/p>\n<\/li>\n<li data-start=\"864\" data-end=\"918\">\n<p data-start=\"866\" data-end=\"918\">Design ergonomique pour une prise en main optimale<\/p>\n<\/li>\n<\/ul>\n<hr data-start=\"920\" data-end=\"923\" \/>\n<h4 data-start=\"925\" data-end=\"950\"><strong data-start=\"930\" data-end=\"948\">Sp\u00e9cifications<\/strong> :<\/h4>\n<ul data-start=\"951\" data-end=\"1319\">\n<li data-start=\"951\" data-end=\"984\">\n<p data-start=\"953\" data-end=\"984\"><strong data-start=\"953\" data-end=\"965\">Mod\u00e8le :<\/strong> SP-X12 (TFWX112)<\/p>\n<\/li>\n<li data-start=\"985\" data-end=\"1008\">\n<p data-start=\"987\" data-end=\"1008\"><strong data-start=\"987\" data-end=\"1000\">Calibre :<\/strong> 12 GA<\/p>\n<\/li>\n<li data-start=\"1009\" data-end=\"1056\">\n<p data-start=\"1011\" data-end=\"1056\"><strong data-start=\"1011\" data-end=\"1024\">Chambre :<\/strong> 3\u2019\u2019 (compatible 2 \u00be\u2019\u2019 et 3\u2019\u2019)<\/p>\n<\/li>\n<li data-start=\"1057\" data-end=\"1084\">\n<p data-start=\"1059\" data-end=\"1084\"><strong data-start=\"1059\" data-end=\"1070\">Canon :<\/strong> 18,5 pouces<\/p>\n<\/li>\n<li data-start=\"1085\" data-end=\"1113\">\n<p data-start=\"1087\" data-end=\"1113\"><strong data-start=\"1087\" data-end=\"1101\">Capacit\u00e9 :<\/strong> 4+1 coups<\/p>\n<\/li>\n<li data-start=\"1114\" data-end=\"1148\">\n<p data-start=\"1116\" data-end=\"1148\"><strong data-start=\"1116\" data-end=\"1131\">M\u00e9canisme :<\/strong> Pompe manuelle<\/p>\n<\/li>\n<li data-start=\"1149\" data-end=\"1176\">\n<p data-start=\"1151\" data-end=\"1176\"><strong data-start=\"1151\" data-end=\"1165\">Finition :<\/strong> Noir mat<\/p>\n<\/li>\n<li data-start=\"1177\" data-end=\"1212\">\n<p data-start=\"1179\" data-end=\"1212\"><strong data-start=\"1179\" data-end=\"1203\">Poids approximatif :<\/strong> \u00b1 7 lb<\/p>\n<\/li>\n<li data-start=\"1213\" data-end=\"1281\">\n<p data-start=\"1215\" data-end=\"1281\"><strong data-start=\"1215\" data-end=\"1230\">Mat\u00e9riaux :<\/strong> Acier (canon) et polym\u00e8re (crosse et garde-main)<\/p>\n<\/li>\n<li data-start=\"1282\" data-end=\"1319\">\n<p data-start=\"1284\" data-end=\"1319\"><strong data-start=\"1284\" data-end=\"1309\">Pays de fabrication :<\/strong> Turquie<\/p>\n<\/li>\n<\/ul>\n","protected":false},"excerpt":{"rendered":"<p>SULUN ARMS SP-X12 12GA 3&#8221; \u00c0 POMPE &#8211; 18.5&#8221; (TFWX112) Le Sulun Arms SP-X12 est un fusil \u00e0 pompe au design tactique, compact et pr\u00eat pour l\u2019action. Que ce soit pour le tir r\u00e9cr\u00e9atif ou la d\u00e9fense r\u00e9sidentielle, ce mod\u00e8le offre une fiabilit\u00e9 remarquable, une construction robuste et une prise en main efficace gr\u00e2ce \u00e0 [&hellip;]<\/p>\n","protected":false},"featured_media":85638,"comment_status":"open","ping_status":"closed","template":"","meta":{"_acf_changed":false,"pagelayer_contact_templates":[],"_pagelayer_content":""},"product_brand":[],"product_cat":[63,21,67,1063],"product_tag":[1060],"class_list":{"0":"post-72901","1":"product","2":"type-product","3":"status-publish","4":"has-post-thumbnail","6":"product_cat-armes-a-feu","7":"product_cat-chasse","8":"product_cat-armes-a-feu-fusils","9":"product_cat-liquidation","10":"product_tag-sulun","12":"first","13":"instock","14":"sale","15":"taxable","16":"shipping-taxable","17":"purchasable","18":"product-type-simple"},"acf":[],"jetpack_sharing_enabled":true,"_links":{"self":[{"href":"https:\/\/pavillonchassepeche.ca\/en\/wp-json\/wp\/v2\/product\/72901","targetHints":{"allow":["GET"]}}],"collection":[{"href":"https:\/\/pavillonchassepeche.ca\/en\/wp-json\/wp\/v2\/product"}],"about":[{"href":"https:\/\/pavillonchassepeche.ca\/en\/wp-json\/wp\/v2\/types\/product"}],"replies":[{"embeddable":true,"href":"https:\/\/pavillonchassepeche.ca\/en\/wp-json\/wp\/v2\/comments?post=72901"}],"version-history":[{"count":2,"href":"https:\/\/pavillonchassepeche.ca\/en\/wp-json\/wp\/v2\/product\/72901\/revisions"}],"predecessor-version":[{"id":85150,"href":"https:\/\/pavillonchassepeche.ca\/en\/wp-json\/wp\/v2\/product\/72901\/revisions\/85150"}],"wp:featuredmedia":[{"embeddable":true,"href":"https:\/\/pavillonchassepeche.ca\/en\/wp-json\/wp\/v2\/media\/85638"}],"wp:attachment":[{"href":"https:\/\/pavillonchassepeche.ca\/en\/wp-json\/wp\/v2\/media?parent=72901"}],"wp:term":[{"taxonomy":"product_brand","embeddable":true,"href":"https:\/\/pavillonchassepeche.ca\/en\/wp-json\/wp\/v2\/product_brand?post=72901"},{"taxonomy":"product_cat","embeddable":true,"href":"https:\/\/pavillonchassepeche.ca\/en\/wp-json\/wp\/v2\/product_cat?post=72901"},{"taxonomy":"product_tag","embeddable":true,"href":"https:\/\/pavillonchassepeche.ca\/en\/wp-json\/wp\/v2\/product_tag?post=72901"}],"curies":[{"name":"wp","href":"https:\/\/api.w.org\/{rel}","templated":true}]}}