{"id":72829,"date":"2025-04-18T13:15:52","date_gmt":"2025-04-18T17:15:52","guid":{"rendered":"https:\/\/pavillonchassepeche.ca\/?post_type=product&#038;p=72829"},"modified":"2026-02-26T11:07:20","modified_gmt":"2026-02-26T16:07:20","slug":"produit-millenium-repulsif-pour-chevreuil-et-petits-animaux","status":"publish","type":"product","link":"https:\/\/pavillonchassepeche.ca\/en\/product\/produit-millenium-repulsif-pour-chevreuil-et-petits-animaux\/","title":{"rendered":"PRODUIT MILL\u00c9NIUM R\u00c9PULSIF POUR CHEVREUIL ET PETITS ANIMAUX"},"content":{"rendered":"<p data-start=\"152\" data-end=\"665\">Le <strong data-start=\"184\" data-end=\"240\">r\u00e9pulsif Mill\u00e9nium pour chevreuils et petits animaux<\/strong> est con\u00e7u pour prot\u00e9ger vos cultures, jardins et espaces ext\u00e9rieurs des animaux ind\u00e9sirables. Facile \u00e0 utiliser, il offre une protection efficace contre les chevreuils, lapins et autres petits animaux qui pourraient endommager vos plantations. Sa formule s\u00e9curitaire respecte l\u2019environnement tout en dissuadant les animaux de s\u2019approcher, permettant ainsi de pr\u00e9server vos plantes et cultures sans nuire \u00e0 la faune locale.<\/p>\n<hr data-start=\"667\" data-end=\"670\" \/>\n<p data-start=\"672\" data-end=\"694\"><strong data-start=\"672\" data-end=\"692\">Caract\u00e9ristiques<\/strong><\/p>\n<ul data-start=\"695\" data-end=\"974\">\n<li data-start=\"695\" data-end=\"762\">\n<p data-start=\"697\" data-end=\"762\">Protection efficace contre chevreuils, lapins et petits animaux<\/p>\n<\/li>\n<li data-start=\"763\" data-end=\"799\">\n<p data-start=\"765\" data-end=\"799\">Facile \u00e0 appliquer et \u00e0 utiliser<\/p>\n<\/li>\n<li data-start=\"800\" data-end=\"856\">\n<p data-start=\"802\" data-end=\"856\">Formule s\u00e9curitaire pour l\u2019environnement et la faune<\/p>\n<\/li>\n<li data-start=\"857\" data-end=\"912\">\n<p data-start=\"859\" data-end=\"912\">R\u00e9pulsif longue dur\u00e9e pour une protection prolong\u00e9e<\/p>\n<\/li>\n<li data-start=\"913\" data-end=\"974\">\n<p data-start=\"915\" data-end=\"974\">Convient aux jardins, potagers et plantations ext\u00e9rieures<\/p>\n<\/li>\n<\/ul>\n<hr data-start=\"976\" data-end=\"979\" \/>\n<p data-start=\"981\" data-end=\"1012\"><strong data-start=\"981\" data-end=\"1010\">Sp\u00e9cifications techniques<\/strong><\/p>\n<ul data-start=\"1013\" data-end=\"1255\">\n<li data-start=\"1013\" data-end=\"1045\">\n<p data-start=\"1015\" data-end=\"1045\">Type : r\u00e9pulsif pour animaux<\/p>\n<\/li>\n<li data-start=\"1046\" data-end=\"1108\">\n<p data-start=\"1048\" data-end=\"1108\">Usage recommand\u00e9 : jardins, potagers, cultures ext\u00e9rieures<\/p>\n<\/li>\n<li data-start=\"1109\" data-end=\"1149\">\n<p data-start=\"1111\" data-end=\"1149\">Cible : chevreuils et petits animaux<\/p>\n<\/li>\n<li data-start=\"1150\" data-end=\"1196\">\n<p data-start=\"1152\" data-end=\"1196\">Formule : s\u00e9curitaire pour l\u2019environnement<\/p>\n<\/li>\n<\/ul>\n","protected":false},"excerpt":{"rendered":"<p>Le r\u00e9pulsif Mill\u00e9nium pour chevreuils et petits animaux est con\u00e7u pour prot\u00e9ger vos cultures, jardins et espaces ext\u00e9rieurs des animaux ind\u00e9sirables. Facile \u00e0 utiliser, il offre une protection efficace contre les chevreuils, lapins et autres petits animaux qui pourraient endommager vos plantations. Sa formule s\u00e9curitaire respecte l\u2019environnement tout en dissuadant les animaux de s\u2019approcher, permettant [&hellip;]<\/p>\n","protected":false},"featured_media":93358,"comment_status":"open","ping_status":"closed","template":"","meta":{"_acf_changed":false,"pagelayer_contact_templates":[],"_pagelayer_content":""},"product_brand":[],"product_cat":[110,1110],"product_tag":[],"class_list":{"0":"post-72829","1":"product","2":"type-product","3":"status-publish","4":"has-post-thumbnail","6":"product_cat-plein-air","7":"product_cat-plein-air-randonnee-et-accessoires","9":"first","10":"instock","11":"taxable","12":"shipping-taxable","13":"purchasable","14":"product-type-simple"},"acf":[],"jetpack_sharing_enabled":true,"_links":{"self":[{"href":"https:\/\/pavillonchassepeche.ca\/en\/wp-json\/wp\/v2\/product\/72829","targetHints":{"allow":["GET"]}}],"collection":[{"href":"https:\/\/pavillonchassepeche.ca\/en\/wp-json\/wp\/v2\/product"}],"about":[{"href":"https:\/\/pavillonchassepeche.ca\/en\/wp-json\/wp\/v2\/types\/product"}],"replies":[{"embeddable":true,"href":"https:\/\/pavillonchassepeche.ca\/en\/wp-json\/wp\/v2\/comments?post=72829"}],"version-history":[{"count":2,"href":"https:\/\/pavillonchassepeche.ca\/en\/wp-json\/wp\/v2\/product\/72829\/revisions"}],"predecessor-version":[{"id":93360,"href":"https:\/\/pavillonchassepeche.ca\/en\/wp-json\/wp\/v2\/product\/72829\/revisions\/93360"}],"wp:featuredmedia":[{"embeddable":true,"href":"https:\/\/pavillonchassepeche.ca\/en\/wp-json\/wp\/v2\/media\/93358"}],"wp:attachment":[{"href":"https:\/\/pavillonchassepeche.ca\/en\/wp-json\/wp\/v2\/media?parent=72829"}],"wp:term":[{"taxonomy":"product_brand","embeddable":true,"href":"https:\/\/pavillonchassepeche.ca\/en\/wp-json\/wp\/v2\/product_brand?post=72829"},{"taxonomy":"product_cat","embeddable":true,"href":"https:\/\/pavillonchassepeche.ca\/en\/wp-json\/wp\/v2\/product_cat?post=72829"},{"taxonomy":"product_tag","embeddable":true,"href":"https:\/\/pavillonchassepeche.ca\/en\/wp-json\/wp\/v2\/product_tag?post=72829"}],"curies":[{"name":"wp","href":"https:\/\/api.w.org\/{rel}","templated":true}]}}