{"id":72800,"date":"2025-04-18T13:14:48","date_gmt":"2025-04-18T17:14:48","guid":{"rendered":"https:\/\/pavillonchassepeche.ca\/?post_type=product&#038;p=72800"},"modified":"2025-08-14T12:34:28","modified_gmt":"2025-08-14T16:34:28","slug":"jackfield-manteau-anti-moustique","status":"publish","type":"product","link":"https:\/\/pavillonchassepeche.ca\/en\/product\/jackfield-manteau-anti-moustique\/","title":{"rendered":"JACKFIELD MANTEAU ANTI-MOUSTIQUE"},"content":{"rendered":"<p data-start=\"59\" data-end=\"593\">Le manteau anti-moustique Jackfield offre une protection efficace contre les insectes tout en restant l\u00e9ger et confortable. Id\u00e9al pour les sorties en for\u00eat, la chasse ou les activit\u00e9s en plein air, il permet de profiter de la nature sans \u00eatre d\u00e9rang\u00e9 par les moustiques et autres insectes piqueurs. Sa conception pratique et respirante assure un confort optimal m\u00eame lors de longues p\u00e9riodes \u00e0 l\u2019ext\u00e9rieur. Un manteau indispensable pour rester concentr\u00e9 sur vos activit\u00e9s sans compromis sur la protection.<\/p>\n<p data-start=\"595\" data-end=\"617\"><strong data-start=\"595\" data-end=\"615\">Caract\u00e9ristiques<\/strong><\/p>\n<ul data-start=\"618\" data-end=\"881\">\n<li data-start=\"618\" data-end=\"682\">\n<p data-start=\"620\" data-end=\"682\">Protection efficace contre les moustiques et autres insectes<\/p>\n<\/li>\n<li data-start=\"683\" data-end=\"729\">\n<p data-start=\"685\" data-end=\"729\">L\u00e9ger et confortable pour un port prolong\u00e9<\/p>\n<\/li>\n<li data-start=\"730\" data-end=\"790\">\n<p data-start=\"732\" data-end=\"790\">Conception respirante adapt\u00e9e aux activit\u00e9s de plein air<\/p>\n<\/li>\n<li data-start=\"791\" data-end=\"843\">\n<p data-start=\"793\" data-end=\"843\">Id\u00e9al pour la chasse, la randonn\u00e9e et le camping<\/p>\n<\/li>\n<li data-start=\"844\" data-end=\"881\">\n<p data-start=\"846\" data-end=\"881\">Facile \u00e0 enfiler et \u00e0 transporter<\/p>\n<\/li>\n<\/ul>\n<p data-start=\"883\" data-end=\"914\"><strong data-start=\"883\" data-end=\"912\">Sp\u00e9cifications techniques<\/strong><\/p>\n<ul data-start=\"915\" data-end=\"1072\">\n<li data-start=\"915\" data-end=\"937\">\n<p data-start=\"917\" data-end=\"937\">Marque : Jackfield<\/p>\n<\/li>\n<li data-start=\"938\" data-end=\"973\">\n<p data-start=\"940\" data-end=\"973\">Mod\u00e8le : Manteau anti-moustique<\/p>\n<\/li>\n<li data-start=\"974\" data-end=\"1016\">\n<p data-start=\"976\" data-end=\"1016\">Type : V\u00eatement de protection insectes<\/p>\n<\/li>\n<li data-start=\"1017\" data-end=\"1072\">\n<p data-start=\"1019\" data-end=\"1072\">Utilisation : Plein air, chasse, randonn\u00e9e, camping<\/p>\n<\/li>\n<\/ul>\n","protected":false},"excerpt":{"rendered":"<p>Le manteau anti-moustique Jackfield offre une protection efficace contre les insectes tout en restant l\u00e9ger et confortable. Id\u00e9al pour les sorties en for\u00eat, la chasse ou les activit\u00e9s en plein air, il permet de profiter de la nature sans \u00eatre d\u00e9rang\u00e9 par les moustiques et autres insectes piqueurs. Sa conception pratique et respirante assure un [&hellip;]<\/p>\n","protected":false},"featured_media":72798,"comment_status":"open","ping_status":"closed","template":"","meta":{"_acf_changed":false,"pagelayer_contact_templates":[],"_pagelayer_content":""},"product_brand":[],"product_cat":[197],"product_tag":[330],"class_list":{"0":"post-72800","1":"product","2":"type-product","3":"status-publish","4":"has-post-thumbnail","6":"product_cat-vetements","7":"product_tag-jackfield","9":"first","10":"instock","11":"taxable","12":"shipping-taxable","13":"purchasable","14":"product-type-variable"},"acf":[],"jetpack_sharing_enabled":true,"_links":{"self":[{"href":"https:\/\/pavillonchassepeche.ca\/en\/wp-json\/wp\/v2\/product\/72800","targetHints":{"allow":["GET"]}}],"collection":[{"href":"https:\/\/pavillonchassepeche.ca\/en\/wp-json\/wp\/v2\/product"}],"about":[{"href":"https:\/\/pavillonchassepeche.ca\/en\/wp-json\/wp\/v2\/types\/product"}],"replies":[{"embeddable":true,"href":"https:\/\/pavillonchassepeche.ca\/en\/wp-json\/wp\/v2\/comments?post=72800"}],"version-history":[{"count":2,"href":"https:\/\/pavillonchassepeche.ca\/en\/wp-json\/wp\/v2\/product\/72800\/revisions"}],"predecessor-version":[{"id":88640,"href":"https:\/\/pavillonchassepeche.ca\/en\/wp-json\/wp\/v2\/product\/72800\/revisions\/88640"}],"wp:featuredmedia":[{"embeddable":true,"href":"https:\/\/pavillonchassepeche.ca\/en\/wp-json\/wp\/v2\/media\/72798"}],"wp:attachment":[{"href":"https:\/\/pavillonchassepeche.ca\/en\/wp-json\/wp\/v2\/media?parent=72800"}],"wp:term":[{"taxonomy":"product_brand","embeddable":true,"href":"https:\/\/pavillonchassepeche.ca\/en\/wp-json\/wp\/v2\/product_brand?post=72800"},{"taxonomy":"product_cat","embeddable":true,"href":"https:\/\/pavillonchassepeche.ca\/en\/wp-json\/wp\/v2\/product_cat?post=72800"},{"taxonomy":"product_tag","embeddable":true,"href":"https:\/\/pavillonchassepeche.ca\/en\/wp-json\/wp\/v2\/product_tag?post=72800"}],"curies":[{"name":"wp","href":"https:\/\/api.w.org\/{rel}","templated":true}]}}