{"id":72770,"date":"2025-04-18T13:13:53","date_gmt":"2025-04-18T17:13:53","guid":{"rendered":"https:\/\/pavillonchassepeche.ca\/?post_type=product&#038;p=72770"},"modified":"2026-02-26T11:07:33","modified_gmt":"2026-02-26T16:07:33","slug":"zippo-lighter-premium-fuel-133ml-4-68fl-oz","status":"publish","type":"product","link":"https:\/\/pavillonchassepeche.ca\/en\/product\/zippo-lighter-premium-fuel-133ml-4-68fl-oz\/","title":{"rendered":"ZIPPO LIGHTER PREMIUM FUEL 133ML (4.68FL OZ)"},"content":{"rendered":"<p data-start=\"116\" data-end=\"525\">Assurez un allumage fiable \u00e0 tout moment avec le Zippo Lighter Premium Fuel. Con\u00e7u pour les briquets Zippo, ce carburant de haute qualit\u00e9 offre une combustion constante et efficace, id\u00e9ale pour la chasse, le camping ou toute activit\u00e9 en plein air. Son format pratique de 133\u202fml (4.68\u202ffl\u202foz) permet de recharger facilement votre briquet et de toujours rester pr\u00eat sur le terrain.<\/p>\n<p data-start=\"527\" data-end=\"551\"><strong data-start=\"527\" data-end=\"549\">Caract\u00e9ristiques :<\/strong><\/p>\n<ul data-start=\"552\" data-end=\"714\">\n<li data-start=\"552\" data-end=\"588\">\n<p data-start=\"554\" data-end=\"588\">Carburant Zippo de haute qualit\u00e9<\/p>\n<\/li>\n<li data-start=\"589\" data-end=\"616\">\n<p data-start=\"591\" data-end=\"616\">Flamme stable et fiable<\/p>\n<\/li>\n<li data-start=\"617\" data-end=\"656\">\n<p data-start=\"619\" data-end=\"656\">Format pratique pour le remplissage<\/p>\n<\/li>\n<li data-start=\"657\" data-end=\"714\">\n<p data-start=\"659\" data-end=\"714\">Convient pour briquets Zippo et activit\u00e9s ext\u00e9rieures<\/p>\n<\/li>\n<\/ul>\n<p data-start=\"716\" data-end=\"749\"><strong data-start=\"716\" data-end=\"747\">Sp\u00e9cifications techniques :<\/strong><\/p>\n<ul data-start=\"750\" data-end=\"927\">\n<li data-start=\"750\" data-end=\"786\">\n<p data-start=\"752\" data-end=\"786\">Contenance : 133\u202fml (4.68\u202ffl\u202foz)<\/p>\n<\/li>\n<li data-start=\"787\" data-end=\"834\">\n<p data-start=\"789\" data-end=\"834\">Type : carburant liquide pour briquet Zippo<\/p>\n<\/li>\n<li data-start=\"835\" data-end=\"873\">\n<p data-start=\"837\" data-end=\"873\">Facile \u00e0 transporter et \u00e0 utiliser<\/p>\n<\/li>\n<li data-start=\"874\" data-end=\"927\">\n<p data-start=\"876\" data-end=\"927\">Compatible avec tous les briquets Zippo standards<\/p>\n<\/li>\n<\/ul>\n","protected":false},"excerpt":{"rendered":"<p>Assurez un allumage fiable \u00e0 tout moment avec le Zippo Lighter Premium Fuel. Con\u00e7u pour les briquets Zippo, ce carburant de haute qualit\u00e9 offre une combustion constante et efficace, id\u00e9ale pour la chasse, le camping ou toute activit\u00e9 en plein air. Son format pratique de 133\u202fml (4.68\u202ffl\u202foz) permet de recharger facilement votre briquet et de [&hellip;]<\/p>\n","protected":false},"featured_media":89574,"comment_status":"open","ping_status":"closed","template":"","meta":{"_acf_changed":false,"pagelayer_contact_templates":[],"_pagelayer_content":""},"product_brand":[],"product_cat":[113,110],"product_tag":[864],"class_list":{"0":"post-72770","1":"product","2":"type-product","3":"status-publish","4":"has-post-thumbnail","6":"product_cat-plein-air-camping-cuisine-chauffage","7":"product_cat-plein-air","8":"product_tag-zippo","10":"first","11":"instock","12":"taxable","13":"shipping-taxable","14":"purchasable","15":"product-type-simple"},"acf":[],"jetpack_sharing_enabled":true,"_links":{"self":[{"href":"https:\/\/pavillonchassepeche.ca\/en\/wp-json\/wp\/v2\/product\/72770","targetHints":{"allow":["GET"]}}],"collection":[{"href":"https:\/\/pavillonchassepeche.ca\/en\/wp-json\/wp\/v2\/product"}],"about":[{"href":"https:\/\/pavillonchassepeche.ca\/en\/wp-json\/wp\/v2\/types\/product"}],"replies":[{"embeddable":true,"href":"https:\/\/pavillonchassepeche.ca\/en\/wp-json\/wp\/v2\/comments?post=72770"}],"version-history":[{"count":2,"href":"https:\/\/pavillonchassepeche.ca\/en\/wp-json\/wp\/v2\/product\/72770\/revisions"}],"predecessor-version":[{"id":89576,"href":"https:\/\/pavillonchassepeche.ca\/en\/wp-json\/wp\/v2\/product\/72770\/revisions\/89576"}],"wp:featuredmedia":[{"embeddable":true,"href":"https:\/\/pavillonchassepeche.ca\/en\/wp-json\/wp\/v2\/media\/89574"}],"wp:attachment":[{"href":"https:\/\/pavillonchassepeche.ca\/en\/wp-json\/wp\/v2\/media?parent=72770"}],"wp:term":[{"taxonomy":"product_brand","embeddable":true,"href":"https:\/\/pavillonchassepeche.ca\/en\/wp-json\/wp\/v2\/product_brand?post=72770"},{"taxonomy":"product_cat","embeddable":true,"href":"https:\/\/pavillonchassepeche.ca\/en\/wp-json\/wp\/v2\/product_cat?post=72770"},{"taxonomy":"product_tag","embeddable":true,"href":"https:\/\/pavillonchassepeche.ca\/en\/wp-json\/wp\/v2\/product_tag?post=72770"}],"curies":[{"name":"wp","href":"https:\/\/api.w.org\/{rel}","templated":true}]}}