{"id":72769,"date":"2025-04-18T13:13:51","date_gmt":"2025-04-18T17:13:51","guid":{"rendered":"https:\/\/pavillonchassepeche.ca\/?post_type=product&#038;p=72769"},"modified":"2026-03-24T16:03:59","modified_gmt":"2026-03-24T20:03:59","slug":"sako-s20-hunter-6-5creedmoor-bolt-action-24","status":"publish","type":"product","link":"https:\/\/pavillonchassepeche.ca\/en\/product\/sako-s20-hunter-6-5creedmoor-bolt-action-24\/","title":{"rendered":"SAKO S20 HUNTER 6.5CREEDMOOR BOLT ACTION 24&#8221;"},"content":{"rendered":"<p data-start=\"156\" data-end=\"669\">Le <strong data-start=\"159\" data-end=\"196\">SAKO S20 Hunter 6.5 Creedmoor 24&#8243;<\/strong> est un fusil \u00e0 verrou haut de gamme con\u00e7u pour les chasseurs exigeants. Alliant pr\u00e9cision, robustesse et ergonomie, il est parfait pour les tirs \u00e0 moyenne et longue distance. Son canon de 24 pouces assure une excellente stabilit\u00e9 et une trajectoire tendue, tandis que la chambre en 6.5 Creedmoor offre un excellent compromis entre puissance et recul ma\u00eetris\u00e9. La finition Roughtech garantit une bonne r\u00e9sistance aux intemp\u00e9ries et aux conditions difficiles sur le terrain.<\/p>\n<p data-start=\"671\" data-end=\"695\"><strong data-start=\"671\" data-end=\"693\">Caract\u00e9ristiques :<\/strong><\/p>\n<ul data-start=\"696\" data-end=\"1091\">\n<li data-start=\"696\" data-end=\"724\">\n<p data-start=\"698\" data-end=\"724\">Mod\u00e8le : SAKO S20 Hunter<\/p>\n<\/li>\n<li data-start=\"725\" data-end=\"752\">\n<p data-start=\"727\" data-end=\"752\">Calibre : 6.5 Creedmoor<\/p>\n<\/li>\n<li data-start=\"753\" data-end=\"786\">\n<p data-start=\"755\" data-end=\"786\">Action : Verrou (Bolt action)<\/p>\n<\/li>\n<li data-start=\"787\" data-end=\"820\">\n<p data-start=\"789\" data-end=\"820\">Longueur du canon : 24 pouces<\/p>\n<\/li>\n<li data-start=\"821\" data-end=\"886\">\n<p data-start=\"823\" data-end=\"886\">Finition : Roughtech (r\u00e9sistante aux rayures et aux \u00e9l\u00e9ments)<\/p>\n<\/li>\n<li data-start=\"887\" data-end=\"962\">\n<p data-start=\"889\" data-end=\"962\">Crosse : Ergonomique avec grip textur\u00e9 pour une meilleure prise en main<\/p>\n<\/li>\n<li data-start=\"963\" data-end=\"1020\">\n<p data-start=\"965\" data-end=\"1020\">Poids : Environ 3,1 kg (variable selon configuration)<\/p>\n<\/li>\n<li data-start=\"1021\" data-end=\"1053\">\n<p data-start=\"1023\" data-end=\"1053\">Syst\u00e8me de d\u00e9tente ajustable<\/p>\n<\/li>\n<li data-start=\"1054\" data-end=\"1091\">\n<p data-start=\"1056\" data-end=\"1091\">Rail int\u00e9gr\u00e9 pour montage d\u2019optique<\/p>\n<\/li>\n<\/ul>\n<p data-start=\"1093\" data-end=\"1115\"><strong data-start=\"1093\" data-end=\"1113\">Sp\u00e9cifications :<\/strong><\/p>\n<ul data-start=\"1116\" data-end=\"1344\">\n<li data-start=\"1116\" data-end=\"1163\">\n<p data-start=\"1118\" data-end=\"1163\">Canon flottant pour une meilleure pr\u00e9cision<\/p>\n<\/li>\n<li data-start=\"1164\" data-end=\"1224\">\n<p data-start=\"1166\" data-end=\"1224\">Syst\u00e8me de verrouillage \u00e0 3 tenons pour plus de solidit\u00e9<\/p>\n<\/li>\n<li data-start=\"1225\" data-end=\"1284\">\n<p data-start=\"1227\" data-end=\"1284\">Construction durable adapt\u00e9e aux conditions rigoureuses<\/p>\n<\/li>\n<li data-start=\"1285\" data-end=\"1344\">\n<p data-start=\"1287\" data-end=\"1344\">Compatible avec une large gamme d\u2019accessoires et optiques<\/p>\n<\/li>\n<\/ul>\n","protected":false},"excerpt":{"rendered":"<p>Le SAKO S20 Hunter 6.5 Creedmoor 24&#8243; est un fusil \u00e0 verrou haut de gamme con\u00e7u pour les chasseurs exigeants. Alliant pr\u00e9cision, robustesse et ergonomie, il est parfait pour les tirs \u00e0 moyenne et longue distance. Son canon de 24 pouces assure une excellente stabilit\u00e9 et une trajectoire tendue, tandis que la chambre en 6.5 [&hellip;]<\/p>\n","protected":false},"featured_media":93753,"comment_status":"open","ping_status":"closed","template":"","meta":{"_acf_changed":false,"pagelayer_contact_templates":[],"_pagelayer_content":""},"product_brand":[],"product_cat":[63,66,21],"product_tag":[509],"class_list":{"0":"post-72769","1":"product","2":"type-product","3":"status-publish","4":"has-post-thumbnail","6":"product_cat-armes-a-feu","7":"product_cat-armes-a-feu-carabines","8":"product_cat-chasse","9":"product_tag-sako","11":"first","12":"instock","13":"taxable","14":"shipping-taxable","15":"purchasable","16":"product-type-simple"},"acf":[],"jetpack_sharing_enabled":true,"_links":{"self":[{"href":"https:\/\/pavillonchassepeche.ca\/en\/wp-json\/wp\/v2\/product\/72769","targetHints":{"allow":["GET"]}}],"collection":[{"href":"https:\/\/pavillonchassepeche.ca\/en\/wp-json\/wp\/v2\/product"}],"about":[{"href":"https:\/\/pavillonchassepeche.ca\/en\/wp-json\/wp\/v2\/types\/product"}],"replies":[{"embeddable":true,"href":"https:\/\/pavillonchassepeche.ca\/en\/wp-json\/wp\/v2\/comments?post=72769"}],"version-history":[{"count":2,"href":"https:\/\/pavillonchassepeche.ca\/en\/wp-json\/wp\/v2\/product\/72769\/revisions"}],"predecessor-version":[{"id":85417,"href":"https:\/\/pavillonchassepeche.ca\/en\/wp-json\/wp\/v2\/product\/72769\/revisions\/85417"}],"wp:featuredmedia":[{"embeddable":true,"href":"https:\/\/pavillonchassepeche.ca\/en\/wp-json\/wp\/v2\/media\/93753"}],"wp:attachment":[{"href":"https:\/\/pavillonchassepeche.ca\/en\/wp-json\/wp\/v2\/media?parent=72769"}],"wp:term":[{"taxonomy":"product_brand","embeddable":true,"href":"https:\/\/pavillonchassepeche.ca\/en\/wp-json\/wp\/v2\/product_brand?post=72769"},{"taxonomy":"product_cat","embeddable":true,"href":"https:\/\/pavillonchassepeche.ca\/en\/wp-json\/wp\/v2\/product_cat?post=72769"},{"taxonomy":"product_tag","embeddable":true,"href":"https:\/\/pavillonchassepeche.ca\/en\/wp-json\/wp\/v2\/product_tag?post=72769"}],"curies":[{"name":"wp","href":"https:\/\/api.w.org\/{rel}","templated":true}]}}