{"id":72768,"date":"2025-04-18T13:13:50","date_gmt":"2025-04-18T17:13:50","guid":{"rendered":"https:\/\/pavillonchassepeche.ca\/?post_type=product&#038;p=72768"},"modified":"2026-02-26T11:07:59","modified_gmt":"2026-02-26T16:07:59","slug":"mud-river-the-soft-grip-leash-orange-48","status":"publish","type":"product","link":"https:\/\/pavillonchassepeche.ca\/en\/product\/mud-river-the-soft-grip-leash-orange-48\/","title":{"rendered":"MUD RIVER THE SOFT GRIP LEASH ORANGE 48&#8221;"},"content":{"rendered":"<p data-start=\"115\" data-end=\"630\">Le <strong data-start=\"118\" data-end=\"163\">Mud River The Soft Grip Leash Orange 48\u2019\u2019<\/strong> est une laisse robuste et confortable con\u00e7ue pour le contr\u00f4le optimal de vos chiens de chasse et de plein air. Avec sa longueur de <strong data-start=\"295\" data-end=\"308\">48 pouces<\/strong>, elle offre un bon \u00e9quilibre entre libert\u00e9 de mouvement et ma\u00eetrise de l\u2019animal. La poign\u00e9e <strong data-start=\"401\" data-end=\"414\">Soft Grip<\/strong> assure un confort maximal, m\u00eame lors de longues sorties ou de sessions de terrain exigeantes. Sa couleur <strong data-start=\"520\" data-end=\"534\">orange vif<\/strong> augmente la visibilit\u00e9, pratique pour les activit\u00e9s en plein air et la s\u00e9curit\u00e9 de votre chien.<\/p>\n<h1 data-start=\"632\" data-end=\"650\">Caract\u00e9ristiques<\/h1>\n<ul data-start=\"651\" data-end=\"945\">\n<li data-start=\"651\" data-end=\"677\">\n<p data-start=\"653\" data-end=\"677\">Marque : <strong data-start=\"662\" data-end=\"675\">Mud River<\/strong><\/p>\n<\/li>\n<li data-start=\"678\" data-end=\"714\">\n<p data-start=\"680\" data-end=\"714\">Mod\u00e8le : <strong data-start=\"689\" data-end=\"712\">The Soft Grip Leash<\/strong><\/p>\n<\/li>\n<li data-start=\"715\" data-end=\"754\">\n<p data-start=\"717\" data-end=\"754\">Longueur : <strong data-start=\"728\" data-end=\"752\">48 pouces (\u2248 122 cm)<\/strong><\/p>\n<\/li>\n<li data-start=\"755\" data-end=\"783\">\n<p data-start=\"757\" data-end=\"783\">Couleur : <strong data-start=\"767\" data-end=\"781\">Orange vif<\/strong><\/p>\n<\/li>\n<li data-start=\"784\" data-end=\"835\">\n<p data-start=\"786\" data-end=\"835\">Poign\u00e9e : <strong data-start=\"796\" data-end=\"809\">Soft Grip<\/strong> pour un confort optimal<\/p>\n<\/li>\n<li data-start=\"836\" data-end=\"905\">\n<p data-start=\"838\" data-end=\"905\">Usage : promenade, chasse, entra\u00eenement et activit\u00e9s de plein air<\/p>\n<\/li>\n<li data-start=\"906\" data-end=\"945\">\n<p data-start=\"908\" data-end=\"945\">Condition : neuve, pr\u00eate \u00e0 l\u2019emploi<\/p>\n<\/li>\n<\/ul>\n<h1 data-start=\"947\" data-end=\"974\">Sp\u00e9cifications techniques<\/h1>\n<ul data-start=\"975\" data-end=\"1275\">\n<li data-start=\"975\" data-end=\"1049\">\n<p data-start=\"977\" data-end=\"1049\">Mat\u00e9riau : corde r\u00e9sistante avec rev\u00eatement confortable sur la poign\u00e9e<\/p>\n<\/li>\n<li data-start=\"1050\" data-end=\"1122\">\n<p data-start=\"1052\" data-end=\"1122\">R\u00e9sistance : con\u00e7ue pour tenir les chiens de taille moyenne \u00e0 grande<\/p>\n<\/li>\n<li data-start=\"1123\" data-end=\"1191\">\n<p data-start=\"1125\" data-end=\"1191\">S\u00e9curit\u00e9 : couleur orange pour meilleure visibilit\u00e9 en ext\u00e9rieur<\/p>\n<\/li>\n<li data-start=\"1192\" data-end=\"1275\">\n<p data-start=\"1194\" data-end=\"1275\">Entretien : facile \u00e0 nettoyer, durable et r\u00e9sistante aux conditions ext\u00e9rieures<\/p>\n<\/li>\n<\/ul>\n","protected":false},"excerpt":{"rendered":"<p>Le Mud River The Soft Grip Leash Orange 48\u2019\u2019 est une laisse robuste et confortable con\u00e7ue pour le contr\u00f4le optimal de vos chiens de chasse et de plein air. Avec sa longueur de 48 pouces, elle offre un bon \u00e9quilibre entre libert\u00e9 de mouvement et ma\u00eetrise de l\u2019animal. La poign\u00e9e Soft Grip assure un confort [&hellip;]<\/p>\n","protected":false},"featured_media":91849,"comment_status":"open","ping_status":"closed","template":"","meta":{"_acf_changed":false,"pagelayer_contact_templates":[],"_pagelayer_content":""},"product_brand":[],"product_cat":[110,1110],"product_tag":[1094],"class_list":{"0":"post-72768","1":"product","2":"type-product","3":"status-publish","4":"has-post-thumbnail","6":"product_cat-plein-air","7":"product_cat-plein-air-randonnee-et-accessoires","8":"product_tag-mud-river","10":"first","11":"instock","12":"taxable","13":"shipping-taxable","14":"purchasable","15":"product-type-simple"},"acf":[],"jetpack_sharing_enabled":true,"_links":{"self":[{"href":"https:\/\/pavillonchassepeche.ca\/en\/wp-json\/wp\/v2\/product\/72768","targetHints":{"allow":["GET"]}}],"collection":[{"href":"https:\/\/pavillonchassepeche.ca\/en\/wp-json\/wp\/v2\/product"}],"about":[{"href":"https:\/\/pavillonchassepeche.ca\/en\/wp-json\/wp\/v2\/types\/product"}],"replies":[{"embeddable":true,"href":"https:\/\/pavillonchassepeche.ca\/en\/wp-json\/wp\/v2\/comments?post=72768"}],"version-history":[{"count":2,"href":"https:\/\/pavillonchassepeche.ca\/en\/wp-json\/wp\/v2\/product\/72768\/revisions"}],"predecessor-version":[{"id":91851,"href":"https:\/\/pavillonchassepeche.ca\/en\/wp-json\/wp\/v2\/product\/72768\/revisions\/91851"}],"wp:featuredmedia":[{"embeddable":true,"href":"https:\/\/pavillonchassepeche.ca\/en\/wp-json\/wp\/v2\/media\/91849"}],"wp:attachment":[{"href":"https:\/\/pavillonchassepeche.ca\/en\/wp-json\/wp\/v2\/media?parent=72768"}],"wp:term":[{"taxonomy":"product_brand","embeddable":true,"href":"https:\/\/pavillonchassepeche.ca\/en\/wp-json\/wp\/v2\/product_brand?post=72768"},{"taxonomy":"product_cat","embeddable":true,"href":"https:\/\/pavillonchassepeche.ca\/en\/wp-json\/wp\/v2\/product_cat?post=72768"},{"taxonomy":"product_tag","embeddable":true,"href":"https:\/\/pavillonchassepeche.ca\/en\/wp-json\/wp\/v2\/product_tag?post=72768"}],"curies":[{"name":"wp","href":"https:\/\/api.w.org\/{rel}","templated":true}]}}