{"id":72736,"date":"2025-04-18T13:12:53","date_gmt":"2025-04-18T17:12:53","guid":{"rendered":"https:\/\/pavillonchassepeche.ca\/?post_type=product&#038;p=72736"},"modified":"2025-08-11T16:18:12","modified_gmt":"2025-08-11T20:18:12","slug":"iga-gaucha-uplander-side-by-side-20-26-2-choke","status":"publish","type":"product","link":"https:\/\/pavillonchassepeche.ca\/en\/product\/iga-gaucha-uplander-side-by-side-20-26-2-choke\/","title":{"rendered":"IGA GAUCHA UPLANDER SIDE BY SIDE 20\/26&#8221;  2 CHOKE"},"content":{"rendered":"<p data-start=\"148\" data-end=\"585\">Le <strong data-start=\"151\" data-end=\"203\">IGA Gaucha Uplander Side by Side 20\/26&#8221; 2 Choke<\/strong> est un fusil juxtapos\u00e9 polyvalent, id\u00e9al pour la chasse au petit et moyen gibier. Gr\u00e2ce \u00e0 ses deux canons de 20 et 26 pouces \u00e9quip\u00e9s de chokes interchangeables, il offre une grande flexibilit\u00e9 pour s\u2019adapter \u00e0 diff\u00e9rentes distances et types de tirs. Sa conception robuste et son design classique en font un choix pris\u00e9 des chasseurs traditionnels cherchant performance et \u00e9l\u00e9gance.<\/p>\n<p data-start=\"587\" data-end=\"611\"><strong data-start=\"587\" data-end=\"609\">Caract\u00e9ristiques :<\/strong><\/p>\n<ul data-start=\"612\" data-end=\"940\">\n<li data-start=\"612\" data-end=\"644\">\n<p data-start=\"614\" data-end=\"644\">Mod\u00e8le : IGA Gaucha Uplander<\/p>\n<\/li>\n<li data-start=\"645\" data-end=\"667\">\n<p data-start=\"647\" data-end=\"667\">Calibre : 20 Gauge<\/p>\n<\/li>\n<li data-start=\"668\" data-end=\"709\">\n<p data-start=\"670\" data-end=\"709\">Type : Fusil juxtapos\u00e9 (Side by Side)<\/p>\n<\/li>\n<li data-start=\"710\" data-end=\"758\">\n<p data-start=\"712\" data-end=\"758\">Longueur des canons : 20 pouces et 26 pouces<\/p>\n<\/li>\n<li data-start=\"759\" data-end=\"826\">\n<p data-start=\"761\" data-end=\"826\">Chokes : 2 chokes interchangeables pour une adaptation optimale<\/p>\n<\/li>\n<li data-start=\"827\" data-end=\"875\">\n<p data-start=\"829\" data-end=\"875\">Crosse : Bois traditionnel, finition soign\u00e9e<\/p>\n<\/li>\n<li data-start=\"876\" data-end=\"902\">\n<p data-start=\"878\" data-end=\"902\">Poids : Environ 3,5 kg<\/p>\n<\/li>\n<li data-start=\"903\" data-end=\"940\">\n<p data-start=\"905\" data-end=\"940\">S\u00e9curit\u00e9 manuelle et double d\u00e9tente<\/p>\n<\/li>\n<\/ul>\n<p data-start=\"942\" data-end=\"964\"><strong data-start=\"942\" data-end=\"962\">Sp\u00e9cifications :<\/strong><\/p>\n<ul data-start=\"965\" data-end=\"1270\">\n<li data-start=\"965\" data-end=\"1014\">\n<p data-start=\"967\" data-end=\"1014\">Polyvalence gr\u00e2ce aux deux longueurs de canon<\/p>\n<\/li>\n<li data-start=\"1015\" data-end=\"1082\">\n<p data-start=\"1017\" data-end=\"1082\">Syst\u00e8me de chokes interchangeables pour optimiser la dispersion<\/p>\n<\/li>\n<li data-start=\"1083\" data-end=\"1141\">\n<p data-start=\"1085\" data-end=\"1141\">Id\u00e9al pour la chasse \u00e0 la sauvagine et au petit gibier<\/p>\n<\/li>\n<li data-start=\"1142\" data-end=\"1201\">\n<p data-start=\"1144\" data-end=\"1201\">Construction durable adapt\u00e9e aux conditions ext\u00e9rieures<\/p>\n<\/li>\n<li data-start=\"1202\" data-end=\"1270\">\n<p data-start=\"1204\" data-end=\"1270\">Design classique et ergonomique pour une prise en main confortable<\/p>\n<\/li>\n<\/ul>\n","protected":false},"excerpt":{"rendered":"<p>Le IGA Gaucha Uplander Side by Side 20\/26&#8221; 2 Choke est un fusil juxtapos\u00e9 polyvalent, id\u00e9al pour la chasse au petit et moyen gibier. Gr\u00e2ce \u00e0 ses deux canons de 20 et 26 pouces \u00e9quip\u00e9s de chokes interchangeables, il offre une grande flexibilit\u00e9 pour s\u2019adapter \u00e0 diff\u00e9rentes distances et types de tirs. Sa conception robuste [&hellip;]<\/p>\n","protected":false},"featured_media":85434,"comment_status":"open","ping_status":"closed","template":"","meta":{"_acf_changed":false,"pagelayer_contact_templates":[],"_pagelayer_content":""},"product_brand":[],"product_cat":[63,21,67],"product_tag":[],"class_list":{"0":"post-72736","1":"product","2":"type-product","3":"status-publish","4":"has-post-thumbnail","6":"product_cat-armes-a-feu","7":"product_cat-chasse","8":"product_cat-armes-a-feu-fusils","10":"first","11":"instock","12":"taxable","13":"shipping-taxable","14":"purchasable","15":"product-type-simple"},"acf":[],"jetpack_sharing_enabled":true,"_links":{"self":[{"href":"https:\/\/pavillonchassepeche.ca\/en\/wp-json\/wp\/v2\/product\/72736","targetHints":{"allow":["GET"]}}],"collection":[{"href":"https:\/\/pavillonchassepeche.ca\/en\/wp-json\/wp\/v2\/product"}],"about":[{"href":"https:\/\/pavillonchassepeche.ca\/en\/wp-json\/wp\/v2\/types\/product"}],"replies":[{"embeddable":true,"href":"https:\/\/pavillonchassepeche.ca\/en\/wp-json\/wp\/v2\/comments?post=72736"}],"version-history":[{"count":2,"href":"https:\/\/pavillonchassepeche.ca\/en\/wp-json\/wp\/v2\/product\/72736\/revisions"}],"predecessor-version":[{"id":85436,"href":"https:\/\/pavillonchassepeche.ca\/en\/wp-json\/wp\/v2\/product\/72736\/revisions\/85436"}],"wp:featuredmedia":[{"embeddable":true,"href":"https:\/\/pavillonchassepeche.ca\/en\/wp-json\/wp\/v2\/media\/85434"}],"wp:attachment":[{"href":"https:\/\/pavillonchassepeche.ca\/en\/wp-json\/wp\/v2\/media?parent=72736"}],"wp:term":[{"taxonomy":"product_brand","embeddable":true,"href":"https:\/\/pavillonchassepeche.ca\/en\/wp-json\/wp\/v2\/product_brand?post=72736"},{"taxonomy":"product_cat","embeddable":true,"href":"https:\/\/pavillonchassepeche.ca\/en\/wp-json\/wp\/v2\/product_cat?post=72736"},{"taxonomy":"product_tag","embeddable":true,"href":"https:\/\/pavillonchassepeche.ca\/en\/wp-json\/wp\/v2\/product_tag?post=72736"}],"curies":[{"name":"wp","href":"https:\/\/api.w.org\/{rel}","templated":true}]}}