{"id":72644,"date":"2025-04-18T13:10:06","date_gmt":"2025-04-18T17:10:06","guid":{"rendered":"https:\/\/pavillonchassepeche.ca\/?post_type=product&#038;p=72644"},"modified":"2025-08-11T16:22:04","modified_gmt":"2025-08-11T20:22:04","slug":"savage-m220-20ga-left-hand-slug-bolt-action-synth-blk-matte","status":"publish","type":"product","link":"https:\/\/pavillonchassepeche.ca\/en\/product\/savage-m220-20ga-left-hand-slug-bolt-action-synth-blk-matte\/","title":{"rendered":"SAVAGE M220 20GA LEFT HAND SLUG BOLT ACTION SYNTH. BLK MATTE"},"content":{"rendered":"<p data-start=\"131\" data-end=\"731\">La carabine Savage M220 20GA est con\u00e7ue pour les tireurs gauchers et les chasseurs \u00e0 la recherche d\u2019une arme fiable, pr\u00e9cise et facile \u00e0 manier. Son design moderne avec crosse synth\u00e9tique noire mate offre une excellente prise en main, m\u00eame dans des conditions humides. Son canon de 22 pouces assure une grande pr\u00e9cision pour le tir de balles Slug, id\u00e9al pour la chasse au gros gibier \u00e0 courte et moyenne distance. Cette arme est \u00e9quip\u00e9e du syst\u00e8me AccuStock qui am\u00e9liore la pr\u00e9cision en stabilisant le canon. Sa m\u00e9canique \u00e0 verrou garantit un fonctionnement solide et s\u00e9curitaire.<\/p>\n<hr data-start=\"733\" data-end=\"736\" \/>\n<p data-start=\"738\" data-end=\"762\"><strong data-start=\"738\" data-end=\"760\">Caract\u00e9ristiques :<\/strong><\/p>\n<ul data-start=\"763\" data-end=\"974\">\n<li data-start=\"763\" data-end=\"785\">\n<p data-start=\"765\" data-end=\"785\">Calibre : 20 gauge<\/p>\n<\/li>\n<li data-start=\"786\" data-end=\"819\">\n<p data-start=\"788\" data-end=\"819\">Action : Bolt action (verrou)<\/p>\n<\/li>\n<li data-start=\"820\" data-end=\"850\">\n<p data-start=\"822\" data-end=\"850\">C\u00f4t\u00e9 : Gaucher (Left Hand)<\/p>\n<\/li>\n<li data-start=\"851\" data-end=\"886\">\n<p data-start=\"853\" data-end=\"886\">Finition : Synth\u00e9tique noir mat<\/p>\n<\/li>\n<li data-start=\"887\" data-end=\"908\">\n<p data-start=\"889\" data-end=\"908\">Canon : 22 pouces<\/p>\n<\/li>\n<li data-start=\"909\" data-end=\"937\">\n<p data-start=\"911\" data-end=\"937\">Type de munitions : Slug<\/p>\n<\/li>\n<li data-start=\"938\" data-end=\"974\">\n<p data-start=\"940\" data-end=\"974\">Syst\u00e8me de pr\u00e9cision : AccuStock<\/p>\n<\/li>\n<\/ul>\n<hr data-start=\"976\" data-end=\"979\" \/>\n<p data-start=\"981\" data-end=\"1003\"><strong data-start=\"981\" data-end=\"1001\">Sp\u00e9cifications :<\/strong><\/p>\n<ul data-start=\"1004\" data-end=\"1246\">\n<li data-start=\"1004\" data-end=\"1052\">\n<p data-start=\"1006\" data-end=\"1052\">Longueur totale : Environ 106 cm (42 pouces)<\/p>\n<\/li>\n<li data-start=\"1053\" data-end=\"1079\">\n<p data-start=\"1055\" data-end=\"1079\">Poids : Environ 3,4 kg<\/p>\n<\/li>\n<li data-start=\"1080\" data-end=\"1104\">\n<p data-start=\"1082\" data-end=\"1104\">Capacit\u00e9 : 3+1 coups<\/p>\n<\/li>\n<li data-start=\"1105\" data-end=\"1144\">\n<p data-start=\"1107\" data-end=\"1144\">Rail de montage : Oui, pour optique<\/p>\n<\/li>\n<li data-start=\"1145\" data-end=\"1201\">\n<p data-start=\"1147\" data-end=\"1201\">Crosse : Synth\u00e9tique ergonomique avec finition matte<\/p>\n<\/li>\n<li data-start=\"1202\" data-end=\"1246\">\n<p data-start=\"1204\" data-end=\"1246\">S\u00e9curit\u00e9 : Bouton de s\u00e9curit\u00e9 ambidextre<\/p>\n<\/li>\n<\/ul>\n","protected":false},"excerpt":{"rendered":"<p>La carabine Savage M220 20GA est con\u00e7ue pour les tireurs gauchers et les chasseurs \u00e0 la recherche d\u2019une arme fiable, pr\u00e9cise et facile \u00e0 manier. Son design moderne avec crosse synth\u00e9tique noire mate offre une excellente prise en main, m\u00eame dans des conditions humides. Son canon de 22 pouces assure une grande pr\u00e9cision pour le [&hellip;]<\/p>\n","protected":false},"featured_media":84889,"comment_status":"open","ping_status":"closed","template":"","meta":{"_acf_changed":false,"pagelayer_contact_templates":[],"_pagelayer_content":""},"product_brand":[],"product_cat":[63,66],"product_tag":[],"class_list":{"0":"post-72644","1":"product","2":"type-product","3":"status-publish","4":"has-post-thumbnail","6":"product_cat-armes-a-feu","7":"product_cat-armes-a-feu-carabines","9":"first","10":"instock","11":"taxable","12":"shipping-taxable","13":"purchasable","14":"product-type-simple"},"acf":[],"jetpack_sharing_enabled":true,"_links":{"self":[{"href":"https:\/\/pavillonchassepeche.ca\/en\/wp-json\/wp\/v2\/product\/72644","targetHints":{"allow":["GET"]}}],"collection":[{"href":"https:\/\/pavillonchassepeche.ca\/en\/wp-json\/wp\/v2\/product"}],"about":[{"href":"https:\/\/pavillonchassepeche.ca\/en\/wp-json\/wp\/v2\/types\/product"}],"replies":[{"embeddable":true,"href":"https:\/\/pavillonchassepeche.ca\/en\/wp-json\/wp\/v2\/comments?post=72644"}],"version-history":[{"count":2,"href":"https:\/\/pavillonchassepeche.ca\/en\/wp-json\/wp\/v2\/product\/72644\/revisions"}],"predecessor-version":[{"id":84891,"href":"https:\/\/pavillonchassepeche.ca\/en\/wp-json\/wp\/v2\/product\/72644\/revisions\/84891"}],"wp:featuredmedia":[{"embeddable":true,"href":"https:\/\/pavillonchassepeche.ca\/en\/wp-json\/wp\/v2\/media\/84889"}],"wp:attachment":[{"href":"https:\/\/pavillonchassepeche.ca\/en\/wp-json\/wp\/v2\/media?parent=72644"}],"wp:term":[{"taxonomy":"product_brand","embeddable":true,"href":"https:\/\/pavillonchassepeche.ca\/en\/wp-json\/wp\/v2\/product_brand?post=72644"},{"taxonomy":"product_cat","embeddable":true,"href":"https:\/\/pavillonchassepeche.ca\/en\/wp-json\/wp\/v2\/product_cat?post=72644"},{"taxonomy":"product_tag","embeddable":true,"href":"https:\/\/pavillonchassepeche.ca\/en\/wp-json\/wp\/v2\/product_tag?post=72644"}],"curies":[{"name":"wp","href":"https:\/\/api.w.org\/{rel}","templated":true}]}}