{"id":72631,"date":"2025-04-18T13:09:44","date_gmt":"2025-04-18T17:09:44","guid":{"rendered":"https:\/\/pavillonchassepeche.ca\/?post_type=product&#038;p=72631"},"modified":"2025-08-11T16:22:45","modified_gmt":"2025-08-11T20:22:45","slug":"winchester-sx4-waterfowl-woodland-12gax3-5-28","status":"publish","type":"product","link":"https:\/\/pavillonchassepeche.ca\/en\/product\/winchester-sx4-waterfowl-woodland-12gax3-5-28\/","title":{"rendered":"WINCHESTER SX4 WATERFOWL WOODLAND 12GAX3.5&#8221; 28&#8221;"},"content":{"rendered":"<h3 data-start=\"114\" data-end=\"174\">Winchester SX4 Waterfowl Woodland 12GA \u2013 Canon 28 pouces<\/h3>\n<p data-start=\"176\" data-end=\"526\">Le Winchester SX4 Waterfowl Woodland est un fusil semi-automatique con\u00e7u sp\u00e9cifiquement pour les chasseurs de gibier d\u2019eau. Son canon de 28 pouces et sa capacit\u00e9 \u00e0 tirer des cartouches de 3,5 pouces lui conf\u00e8rent une puissance et une port\u00e9e optimales. Sa finition Woodland camoufl\u00e9e offre une excellente discr\u00e9tion dans les milieux humides et bois\u00e9s.<\/p>\n<p data-start=\"528\" data-end=\"562\"><strong data-start=\"528\" data-end=\"562\">Caract\u00e9ristiques principales :<\/strong><\/p>\n<ul data-start=\"564\" data-end=\"1054\">\n<li data-start=\"564\" data-end=\"651\">\n<p data-start=\"566\" data-end=\"651\">Calibre : 12 gauge, compatible avec cartouches 3,5 pouces pour une puissance accrue<\/p>\n<\/li>\n<li data-start=\"652\" data-end=\"716\">\n<p data-start=\"654\" data-end=\"716\">Canon de 28 pouces favorisant la pr\u00e9cision \u00e0 longue distance<\/p>\n<\/li>\n<li data-start=\"717\" data-end=\"784\">\n<p data-start=\"719\" data-end=\"784\">Syst\u00e8me semi-automatique fiable pour un tir rapide et r\u00e9p\u00e9titif<\/p>\n<\/li>\n<li data-start=\"785\" data-end=\"861\">\n<p data-start=\"787\" data-end=\"861\">Finition Woodland camoufl\u00e9e pour un camouflage optimal en milieu naturel<\/p>\n<\/li>\n<li data-start=\"862\" data-end=\"937\">\n<p data-start=\"864\" data-end=\"937\">Crosse en bois avec poign\u00e9e ergonomique pour un confort de tir am\u00e9lior\u00e9<\/p>\n<\/li>\n<li data-start=\"938\" data-end=\"979\">\n<p data-start=\"940\" data-end=\"979\">Capacit\u00e9 du chargeur : 4+1 cartouches<\/p>\n<\/li>\n<li data-start=\"980\" data-end=\"1054\">\n<p data-start=\"982\" data-end=\"1054\">Syst\u00e8me de gaz r\u00e9glable pour s\u2019adapter \u00e0 diff\u00e9rents types de munitions<\/p>\n<\/li>\n<\/ul>\n<p data-start=\"1056\" data-end=\"1087\"><strong data-start=\"1056\" data-end=\"1087\">Sp\u00e9cifications techniques :<\/strong><\/p>\n<ul data-start=\"1089\" data-end=\"1375\">\n<li data-start=\"1089\" data-end=\"1137\">\n<p data-start=\"1091\" data-end=\"1137\">Longueur totale : environ 114 cm (45 pouces)<\/p>\n<\/li>\n<li data-start=\"1138\" data-end=\"1174\">\n<p data-start=\"1140\" data-end=\"1174\">Poids : environ 3,5 kg (7,7 lbs)<\/p>\n<\/li>\n<li data-start=\"1175\" data-end=\"1216\">\n<p data-start=\"1177\" data-end=\"1216\">Capacit\u00e9 du chargeur : 4+1 cartouches<\/p>\n<\/li>\n<li data-start=\"1217\" data-end=\"1273\">\n<p data-start=\"1219\" data-end=\"1273\">Mat\u00e9riaux : acier pour le canon, bois pour la crosse<\/p>\n<\/li>\n<li data-start=\"1274\" data-end=\"1321\">\n<p data-start=\"1276\" data-end=\"1321\">Syst\u00e8me : semi-automatique \u00e0 emprunt de gaz<\/p>\n<\/li>\n<li data-start=\"1322\" data-end=\"1375\">\n<p data-start=\"1324\" data-end=\"1375\">Type de canon : lisse, avec choke interchangeable<\/p>\n<\/li>\n<\/ul>\n","protected":false},"excerpt":{"rendered":"<p>Winchester SX4 Waterfowl Woodland 12GA \u2013 Canon 28 pouces Le Winchester SX4 Waterfowl Woodland est un fusil semi-automatique con\u00e7u sp\u00e9cifiquement pour les chasseurs de gibier d\u2019eau. Son canon de 28 pouces et sa capacit\u00e9 \u00e0 tirer des cartouches de 3,5 pouces lui conf\u00e8rent une puissance et une port\u00e9e optimales. Sa finition Woodland camoufl\u00e9e offre une [&hellip;]<\/p>\n","protected":false},"featured_media":84625,"comment_status":"open","ping_status":"closed","template":"","meta":{"_acf_changed":false,"pagelayer_contact_templates":[],"_pagelayer_content":""},"product_brand":[],"product_cat":[21,63,67],"product_tag":[],"class_list":{"0":"post-72631","1":"product","2":"type-product","3":"status-publish","4":"has-post-thumbnail","6":"product_cat-chasse","7":"product_cat-armes-a-feu","8":"product_cat-armes-a-feu-fusils","10":"first","11":"instock","12":"taxable","13":"shipping-taxable","14":"purchasable","15":"product-type-simple"},"acf":[],"jetpack_sharing_enabled":true,"_links":{"self":[{"href":"https:\/\/pavillonchassepeche.ca\/en\/wp-json\/wp\/v2\/product\/72631","targetHints":{"allow":["GET"]}}],"collection":[{"href":"https:\/\/pavillonchassepeche.ca\/en\/wp-json\/wp\/v2\/product"}],"about":[{"href":"https:\/\/pavillonchassepeche.ca\/en\/wp-json\/wp\/v2\/types\/product"}],"replies":[{"embeddable":true,"href":"https:\/\/pavillonchassepeche.ca\/en\/wp-json\/wp\/v2\/comments?post=72631"}],"version-history":[{"count":2,"href":"https:\/\/pavillonchassepeche.ca\/en\/wp-json\/wp\/v2\/product\/72631\/revisions"}],"predecessor-version":[{"id":84627,"href":"https:\/\/pavillonchassepeche.ca\/en\/wp-json\/wp\/v2\/product\/72631\/revisions\/84627"}],"wp:featuredmedia":[{"embeddable":true,"href":"https:\/\/pavillonchassepeche.ca\/en\/wp-json\/wp\/v2\/media\/84625"}],"wp:attachment":[{"href":"https:\/\/pavillonchassepeche.ca\/en\/wp-json\/wp\/v2\/media?parent=72631"}],"wp:term":[{"taxonomy":"product_brand","embeddable":true,"href":"https:\/\/pavillonchassepeche.ca\/en\/wp-json\/wp\/v2\/product_brand?post=72631"},{"taxonomy":"product_cat","embeddable":true,"href":"https:\/\/pavillonchassepeche.ca\/en\/wp-json\/wp\/v2\/product_cat?post=72631"},{"taxonomy":"product_tag","embeddable":true,"href":"https:\/\/pavillonchassepeche.ca\/en\/wp-json\/wp\/v2\/product_tag?post=72631"}],"curies":[{"name":"wp","href":"https:\/\/api.w.org\/{rel}","templated":true}]}}