{"id":72330,"date":"2025-04-18T13:00:11","date_gmt":"2025-04-18T17:00:11","guid":{"rendered":"https:\/\/pavillonchassepeche.ca\/?post_type=product&#038;p=72330"},"modified":"2026-02-26T11:08:41","modified_gmt":"2026-02-26T16:08:41","slug":"bismar-chauffe-eau-portable-propane-18000-btu","status":"publish","type":"product","link":"https:\/\/pavillonchassepeche.ca\/en\/product\/bismar-chauffe-eau-portable-propane-18000-btu\/","title":{"rendered":"BISMAR CHAUFFE EAU PORTABLE PROPANE 18,000 BTU"},"content":{"rendered":"<p data-start=\"192\" data-end=\"655\">Le <strong data-start=\"215\" data-end=\"268\">chauffe-eau portable BISMAR au propane 18,000 BTU<\/strong> est la solution parfaite pour profiter d\u2019une eau chaude instantan\u00e9e, peu importe o\u00f9 vous vous trouvez. Id\u00e9al pour le camping, la chasse, les chalets ou les travaux ext\u00e9rieurs, ce mod\u00e8le compact et facile \u00e0 transporter fonctionne au propane et offre une puissance de chauffe impressionnante. Solide, fiable et simple \u00e0 utiliser, il vous garantit un confort optimal m\u00eame en pleine nature.<\/p>\n<p data-start=\"657\" data-end=\"681\"><strong data-start=\"657\" data-end=\"679\">Caract\u00e9ristiques :<\/strong><\/p>\n<ul data-start=\"682\" data-end=\"1013\">\n<li data-start=\"682\" data-end=\"740\">\n<p data-start=\"684\" data-end=\"740\">Fonctionne au propane pour une utilisation hors r\u00e9seau<\/p>\n<\/li>\n<li data-start=\"741\" data-end=\"774\">\n<p data-start=\"743\" data-end=\"774\">D\u00e9bit d\u2019eau chaude instantan\u00e9<\/p>\n<\/li>\n<li data-start=\"775\" data-end=\"813\">\n<p data-start=\"777\" data-end=\"813\">Puissance de chauffe de 18,000 BTU<\/p>\n<\/li>\n<li data-start=\"814\" data-end=\"847\">\n<p data-start=\"816\" data-end=\"847\">Conception portable et l\u00e9g\u00e8re<\/p>\n<\/li>\n<li data-start=\"848\" data-end=\"884\">\n<p data-start=\"850\" data-end=\"884\">Facile \u00e0 installer et \u00e0 utiliser<\/p>\n<\/li>\n<li data-start=\"885\" data-end=\"953\">\n<p data-start=\"887\" data-end=\"953\">Parfait pour le camping, la chasse ou les sites sans \u00e9lectricit\u00e9<\/p>\n<\/li>\n<li data-start=\"954\" data-end=\"1013\">\n<p data-start=\"956\" data-end=\"1013\">Construction r\u00e9sistante pour les conditions ext\u00e9rieures<\/p>\n<\/li>\n<\/ul>\n<p data-start=\"1015\" data-end=\"1037\"><strong data-start=\"1015\" data-end=\"1035\">Sp\u00e9cifications :<\/strong><\/p>\n<ul data-start=\"1038\" data-end=\"1194\">\n<li data-start=\"1038\" data-end=\"1068\">\n<p data-start=\"1040\" data-end=\"1068\">Source d\u2019\u00e9nergie : propane<\/p>\n<\/li>\n<li data-start=\"1069\" data-end=\"1095\">\n<p data-start=\"1071\" data-end=\"1095\">Puissance : 18,000 BTU<\/p>\n<\/li>\n<li data-start=\"1096\" data-end=\"1145\">\n<p data-start=\"1098\" data-end=\"1145\">Dimensions : compact pour un transport facile<\/p>\n<\/li>\n<li data-start=\"1146\" data-end=\"1163\">\n<p data-start=\"1148\" data-end=\"1163\">Poids : l\u00e9ger<\/p>\n<\/li>\n<li data-start=\"1164\" data-end=\"1194\">\n<p data-start=\"1166\" data-end=\"1194\">Garantie : selon fabricant<\/p>\n<\/li>\n<\/ul>\n","protected":false},"excerpt":{"rendered":"<p>Le chauffe-eau portable BISMAR au propane 18,000 BTU est la solution parfaite pour profiter d\u2019une eau chaude instantan\u00e9e, peu importe o\u00f9 vous vous trouvez. Id\u00e9al pour le camping, la chasse, les chalets ou les travaux ext\u00e9rieurs, ce mod\u00e8le compact et facile \u00e0 transporter fonctionne au propane et offre une puissance de chauffe impressionnante. Solide, fiable [&hellip;]<\/p>\n","protected":false},"featured_media":72328,"comment_status":"open","ping_status":"closed","template":"","meta":{"_acf_changed":false,"pagelayer_contact_templates":[],"_pagelayer_content":""},"product_brand":[],"product_cat":[113,110],"product_tag":[483,267],"class_list":{"0":"post-72330","1":"product","2":"type-product","3":"status-publish","4":"has-post-thumbnail","6":"product_cat-plein-air-camping-cuisine-chauffage","7":"product_cat-plein-air","8":"product_tag-martin","9":"product_tag-pronature","11":"first","12":"instock","13":"taxable","14":"shipping-taxable","15":"purchasable","16":"product-type-simple"},"acf":[],"jetpack_sharing_enabled":true,"_links":{"self":[{"href":"https:\/\/pavillonchassepeche.ca\/en\/wp-json\/wp\/v2\/product\/72330","targetHints":{"allow":["GET"]}}],"collection":[{"href":"https:\/\/pavillonchassepeche.ca\/en\/wp-json\/wp\/v2\/product"}],"about":[{"href":"https:\/\/pavillonchassepeche.ca\/en\/wp-json\/wp\/v2\/types\/product"}],"replies":[{"embeddable":true,"href":"https:\/\/pavillonchassepeche.ca\/en\/wp-json\/wp\/v2\/comments?post=72330"}],"version-history":[{"count":1,"href":"https:\/\/pavillonchassepeche.ca\/en\/wp-json\/wp\/v2\/product\/72330\/revisions"}],"predecessor-version":[{"id":85319,"href":"https:\/\/pavillonchassepeche.ca\/en\/wp-json\/wp\/v2\/product\/72330\/revisions\/85319"}],"wp:featuredmedia":[{"embeddable":true,"href":"https:\/\/pavillonchassepeche.ca\/en\/wp-json\/wp\/v2\/media\/72328"}],"wp:attachment":[{"href":"https:\/\/pavillonchassepeche.ca\/en\/wp-json\/wp\/v2\/media?parent=72330"}],"wp:term":[{"taxonomy":"product_brand","embeddable":true,"href":"https:\/\/pavillonchassepeche.ca\/en\/wp-json\/wp\/v2\/product_brand?post=72330"},{"taxonomy":"product_cat","embeddable":true,"href":"https:\/\/pavillonchassepeche.ca\/en\/wp-json\/wp\/v2\/product_cat?post=72330"},{"taxonomy":"product_tag","embeddable":true,"href":"https:\/\/pavillonchassepeche.ca\/en\/wp-json\/wp\/v2\/product_tag?post=72330"}],"curies":[{"name":"wp","href":"https:\/\/api.w.org\/{rel}","templated":true}]}}