{"id":72323,"date":"2025-04-18T13:00:00","date_gmt":"2025-04-18T17:00:00","guid":{"rendered":"https:\/\/pavillonchassepeche.ca\/?post_type=product&#038;p=72323"},"modified":"2026-03-10T15:52:13","modified_gmt":"2026-03-10T19:52:13","slug":"bismar-chaufferette-parabolique-au-propane-3100-btu","status":"publish","type":"product","link":"https:\/\/pavillonchassepeche.ca\/en\/product\/bismar-chaufferette-parabolique-au-propane-3100-btu\/","title":{"rendered":"BISMAR CHAUFFERETTE PARABOLIQUE AU PROPANE (3100 BTU)"},"content":{"rendered":"<p data-start=\"59\" data-end=\"574\">La chaufferette parabolique au propane Bismar de 3100 BTU est id\u00e9ale pour profiter d\u2019une chaleur instantan\u00e9e lors de vos activit\u00e9s de plein air. Compacte et portable, elle offre un chauffage efficace et cibl\u00e9 pour les soir\u00e9es fra\u00eeches en camping, \u00e0 la chasse ou lors de vos sorties en plein air. Son design parabolique maximise la diffusion de la chaleur tout en restant s\u00e9curitaire et facile \u00e0 utiliser. Avec cette chaufferette, rester au chaud n\u2019a jamais \u00e9t\u00e9 aussi simple et pratique.<\/p>\n<p data-start=\"576\" data-end=\"598\"><strong data-start=\"576\" data-end=\"596\">Caract\u00e9ristiques<\/strong><\/p>\n<ul data-start=\"599\" data-end=\"850\">\n<li data-start=\"599\" data-end=\"644\">\n<p data-start=\"601\" data-end=\"644\">Chauffage au propane efficace de 3100 BTU<\/p>\n<\/li>\n<li data-start=\"645\" data-end=\"709\">\n<p data-start=\"647\" data-end=\"709\">Design parabolique pour une diffusion optimale de la chaleur<\/p>\n<\/li>\n<li data-start=\"710\" data-end=\"746\">\n<p data-start=\"712\" data-end=\"746\">Portable et facile \u00e0 transporter<\/p>\n<\/li>\n<li data-start=\"747\" data-end=\"813\">\n<p data-start=\"749\" data-end=\"813\">Id\u00e9al pour le camping, la chasse et les activit\u00e9s en plein air<\/p>\n<\/li>\n<li data-start=\"814\" data-end=\"850\">\n<p data-start=\"816\" data-end=\"850\">Simple \u00e0 utiliser et s\u00e9curitaire<\/p>\n<\/li>\n<\/ul>\n<p data-start=\"852\" data-end=\"883\"><strong data-start=\"852\" data-end=\"881\">Sp\u00e9cifications techniques<\/strong><\/p>\n<ul data-start=\"884\" data-end=\"1087\">\n<li data-start=\"884\" data-end=\"903\">\n<p data-start=\"886\" data-end=\"903\">Marque : Bismar<\/p>\n<\/li>\n<li data-start=\"904\" data-end=\"952\">\n<p data-start=\"906\" data-end=\"952\">Mod\u00e8le : Chaufferette parabolique au propane<\/p>\n<\/li>\n<li data-start=\"953\" data-end=\"977\">\n<p data-start=\"955\" data-end=\"977\">Puissance : 3100 BTU<\/p>\n<\/li>\n<li data-start=\"978\" data-end=\"1021\">\n<p data-start=\"980\" data-end=\"1021\">Type : Chaufferette portable au propane<\/p>\n<\/li>\n<li data-start=\"1022\" data-end=\"1087\">\n<p data-start=\"1024\" data-end=\"1087\">Utilisation : Plein air, camping, chasse, sorties ext\u00e9rieures<\/p>\n<\/li>\n<\/ul>\n","protected":false},"excerpt":{"rendered":"<p>La chaufferette parabolique au propane Bismar de 3100 BTU est id\u00e9ale pour profiter d\u2019une chaleur instantan\u00e9e lors de vos activit\u00e9s de plein air. Compacte et portable, elle offre un chauffage efficace et cibl\u00e9 pour les soir\u00e9es fra\u00eeches en camping, \u00e0 la chasse ou lors de vos sorties en plein air. Son design parabolique maximise la [&hellip;]<\/p>\n","protected":false},"featured_media":72321,"comment_status":"open","ping_status":"closed","template":"","meta":{"_acf_changed":false,"pagelayer_contact_templates":[],"_pagelayer_content":""},"product_brand":[],"product_cat":[113,110],"product_tag":[336],"class_list":{"0":"post-72323","1":"product","2":"type-product","3":"status-publish","4":"has-post-thumbnail","6":"product_cat-plein-air-camping-cuisine-chauffage","7":"product_cat-plein-air","8":"product_tag-bismar","10":"first","11":"instock","12":"taxable","13":"shipping-taxable","14":"purchasable","15":"product-type-simple"},"acf":[],"jetpack_sharing_enabled":true,"_links":{"self":[{"href":"https:\/\/pavillonchassepeche.ca\/en\/wp-json\/wp\/v2\/product\/72323","targetHints":{"allow":["GET"]}}],"collection":[{"href":"https:\/\/pavillonchassepeche.ca\/en\/wp-json\/wp\/v2\/product"}],"about":[{"href":"https:\/\/pavillonchassepeche.ca\/en\/wp-json\/wp\/v2\/types\/product"}],"replies":[{"embeddable":true,"href":"https:\/\/pavillonchassepeche.ca\/en\/wp-json\/wp\/v2\/comments?post=72323"}],"version-history":[{"count":2,"href":"https:\/\/pavillonchassepeche.ca\/en\/wp-json\/wp\/v2\/product\/72323\/revisions"}],"predecessor-version":[{"id":88627,"href":"https:\/\/pavillonchassepeche.ca\/en\/wp-json\/wp\/v2\/product\/72323\/revisions\/88627"}],"wp:featuredmedia":[{"embeddable":true,"href":"https:\/\/pavillonchassepeche.ca\/en\/wp-json\/wp\/v2\/media\/72321"}],"wp:attachment":[{"href":"https:\/\/pavillonchassepeche.ca\/en\/wp-json\/wp\/v2\/media?parent=72323"}],"wp:term":[{"taxonomy":"product_brand","embeddable":true,"href":"https:\/\/pavillonchassepeche.ca\/en\/wp-json\/wp\/v2\/product_brand?post=72323"},{"taxonomy":"product_cat","embeddable":true,"href":"https:\/\/pavillonchassepeche.ca\/en\/wp-json\/wp\/v2\/product_cat?post=72323"},{"taxonomy":"product_tag","embeddable":true,"href":"https:\/\/pavillonchassepeche.ca\/en\/wp-json\/wp\/v2\/product_tag?post=72323"}],"curies":[{"name":"wp","href":"https:\/\/api.w.org\/{rel}","templated":true}]}}