{"id":71953,"date":"2025-04-18T12:47:18","date_gmt":"2025-04-18T16:47:18","guid":{"rendered":"https:\/\/pavillonchassepeche.ca\/?post_type=product&#038;p=71953"},"modified":"2026-04-08T10:30:29","modified_gmt":"2026-04-08T14:30:29","slug":"savage-model-212-slug-camo-12ga-2-3-4-bolt-action-22","status":"publish","type":"product","link":"https:\/\/pavillonchassepeche.ca\/en\/product\/savage-model-212-slug-camo-12ga-2-3-4-bolt-action-22\/","title":{"rendered":"SAVAGE MODEL 212 SLUG CAMO 12GA 2-3\/4&#8221; BOLT ACTION 22&#8221;"},"content":{"rendered":"<p data-start=\"190\" data-end=\"497\">Le fusil <strong data-start=\"199\" data-end=\"229\">Savage Model 212 Slug Camo<\/strong> est un choix id\u00e9al pour les chasseurs cherchant pr\u00e9cision, robustesse et discr\u00e9tion. Son canon de 22 pouces ray\u00e9 permet un tir performant avec des balles slug, tandis que sa finition camouflage Mossy Oak Break-Up Country aide \u00e0 se fondre dans tous les environnements.<\/p>\n<p data-start=\"499\" data-end=\"759\">Ce fusil \u00e0 verrou est \u00e9quip\u00e9 d\u2019une d\u00e9tente AccuTrigger ajustable et d\u2019une crosse AccuStock avec la technologie AccuFit pour un confort optimal et une meilleure pr\u00e9cision. Son chargeur d\u00e9tachable de 2 cartouches facilite le rechargement rapide en pleine action.<\/p>\n<hr data-start=\"761\" data-end=\"764\" \/>\n<h3 data-start=\"766\" data-end=\"786\">Caract\u00e9ristiques<\/h3>\n<ul data-start=\"788\" data-end=\"1104\">\n<li data-start=\"788\" data-end=\"820\">\n<p data-start=\"790\" data-end=\"820\">Fusil \u00e0 verrou calibre 12 GA<\/p>\n<\/li>\n<li data-start=\"821\" data-end=\"848\">\n<p data-start=\"823\" data-end=\"848\">Canon ray\u00e9 de 22 pouces<\/p>\n<\/li>\n<li data-start=\"849\" data-end=\"897\">\n<p data-start=\"851\" data-end=\"897\">Capacit\u00e9 chargeur : 2 cartouches d\u00e9tachables<\/p>\n<\/li>\n<li data-start=\"898\" data-end=\"931\">\n<p data-start=\"900\" data-end=\"931\">D\u00e9tente AccuTrigger ajustable<\/p>\n<\/li>\n<li data-start=\"932\" data-end=\"977\">\n<p data-start=\"934\" data-end=\"977\">Crosse AccuStock avec technologie AccuFit<\/p>\n<\/li>\n<li data-start=\"978\" data-end=\"1028\">\n<p data-start=\"980\" data-end=\"1028\">Finition camouflage Mossy Oak Break-Up Country<\/p>\n<\/li>\n<li data-start=\"1029\" data-end=\"1066\">\n<p data-start=\"1031\" data-end=\"1066\">Compatible avec cartouches 2-3\/4&#8243;<\/p>\n<\/li>\n<li data-start=\"1067\" data-end=\"1104\">\n<p data-start=\"1069\" data-end=\"1104\">Poids l\u00e9ger et maniabilit\u00e9 accrue<\/p>\n<\/li>\n<\/ul>\n<hr data-start=\"1106\" data-end=\"1109\" \/>\n<h3 data-start=\"1111\" data-end=\"1140\">Sp\u00e9cifications techniques<\/h3>\n<ul data-start=\"1142\" data-end=\"1566\">\n<li data-start=\"1142\" data-end=\"1185\">\n<p data-start=\"1144\" data-end=\"1185\"><strong data-start=\"1144\" data-end=\"1156\">Mod\u00e8le :<\/strong> Savage Model 212 Slug Camo<\/p>\n<\/li>\n<li data-start=\"1186\" data-end=\"1212\">\n<p data-start=\"1188\" data-end=\"1212\"><strong data-start=\"1188\" data-end=\"1201\">Calibre :<\/strong> 12 gauge<\/p>\n<\/li>\n<li data-start=\"1213\" data-end=\"1250\">\n<p data-start=\"1215\" data-end=\"1250\"><strong data-start=\"1215\" data-end=\"1238\">Longueur du canon :<\/strong> 22 pouces<\/p>\n<\/li>\n<li data-start=\"1251\" data-end=\"1288\">\n<p data-start=\"1253\" data-end=\"1288\"><strong data-start=\"1253\" data-end=\"1265\">Action :<\/strong> Verrou (bolt action)<\/p>\n<\/li>\n<li data-start=\"1289\" data-end=\"1332\">\n<p data-start=\"1291\" data-end=\"1332\"><strong data-start=\"1291\" data-end=\"1317\">Capacit\u00e9 du chargeur :<\/strong> 2 cartouches<\/p>\n<\/li>\n<li data-start=\"1333\" data-end=\"1374\">\n<p data-start=\"1335\" data-end=\"1374\"><strong data-start=\"1335\" data-end=\"1359\">Type de cartouches :<\/strong> 2-3\/4 pouces<\/p>\n<\/li>\n<li data-start=\"1375\" data-end=\"1431\">\n<p data-start=\"1377\" data-end=\"1431\"><strong data-start=\"1377\" data-end=\"1391\">Finition :<\/strong> Camouflage Mossy Oak Break-Up Country<\/p>\n<\/li>\n<li data-start=\"1432\" data-end=\"1483\">\n<p data-start=\"1434\" data-end=\"1483\"><strong data-start=\"1434\" data-end=\"1446\">Crosse :<\/strong> AccuStock avec technologie AccuFit<\/p>\n<\/li>\n<li data-start=\"1484\" data-end=\"1523\">\n<p data-start=\"1486\" data-end=\"1523\"><strong data-start=\"1486\" data-end=\"1499\">D\u00e9tente :<\/strong> AccuTrigger ajustable<\/p>\n<\/li>\n<li data-start=\"1524\" data-end=\"1566\">\n<p data-start=\"1526\" data-end=\"1566\"><strong data-start=\"1526\" data-end=\"1550\">Poids approximatif :<\/strong> 3,2 kg (7 lb)<\/p>\n<\/li>\n<\/ul>\n","protected":false},"excerpt":{"rendered":"<p>Le fusil Savage Model 212 Slug Camo est un choix id\u00e9al pour les chasseurs cherchant pr\u00e9cision, robustesse et discr\u00e9tion. Son canon de 22 pouces ray\u00e9 permet un tir performant avec des balles slug, tandis que sa finition camouflage Mossy Oak Break-Up Country aide \u00e0 se fondre dans tous les environnements. Ce fusil \u00e0 verrou est [&hellip;]<\/p>\n","protected":false},"featured_media":84781,"comment_status":"open","ping_status":"closed","template":"","meta":{"_acf_changed":false,"pagelayer_contact_templates":[],"_pagelayer_content":""},"product_brand":[],"product_cat":[63,67],"product_tag":[],"class_list":{"0":"post-71953","1":"product","2":"type-product","3":"status-publish","4":"has-post-thumbnail","6":"product_cat-armes-a-feu","7":"product_cat-armes-a-feu-fusils","9":"first","10":"outofstock","11":"taxable","12":"shipping-taxable","13":"purchasable","14":"product-type-simple"},"acf":[],"jetpack_sharing_enabled":true,"_links":{"self":[{"href":"https:\/\/pavillonchassepeche.ca\/en\/wp-json\/wp\/v2\/product\/71953","targetHints":{"allow":["GET"]}}],"collection":[{"href":"https:\/\/pavillonchassepeche.ca\/en\/wp-json\/wp\/v2\/product"}],"about":[{"href":"https:\/\/pavillonchassepeche.ca\/en\/wp-json\/wp\/v2\/types\/product"}],"replies":[{"embeddable":true,"href":"https:\/\/pavillonchassepeche.ca\/en\/wp-json\/wp\/v2\/comments?post=71953"}],"version-history":[{"count":2,"href":"https:\/\/pavillonchassepeche.ca\/en\/wp-json\/wp\/v2\/product\/71953\/revisions"}],"predecessor-version":[{"id":84783,"href":"https:\/\/pavillonchassepeche.ca\/en\/wp-json\/wp\/v2\/product\/71953\/revisions\/84783"}],"wp:featuredmedia":[{"embeddable":true,"href":"https:\/\/pavillonchassepeche.ca\/en\/wp-json\/wp\/v2\/media\/84781"}],"wp:attachment":[{"href":"https:\/\/pavillonchassepeche.ca\/en\/wp-json\/wp\/v2\/media?parent=71953"}],"wp:term":[{"taxonomy":"product_brand","embeddable":true,"href":"https:\/\/pavillonchassepeche.ca\/en\/wp-json\/wp\/v2\/product_brand?post=71953"},{"taxonomy":"product_cat","embeddable":true,"href":"https:\/\/pavillonchassepeche.ca\/en\/wp-json\/wp\/v2\/product_cat?post=71953"},{"taxonomy":"product_tag","embeddable":true,"href":"https:\/\/pavillonchassepeche.ca\/en\/wp-json\/wp\/v2\/product_tag?post=71953"}],"curies":[{"name":"wp","href":"https:\/\/api.w.org\/{rel}","templated":true}]}}