{"id":71658,"date":"2025-04-18T12:39:32","date_gmt":"2025-04-18T16:39:32","guid":{"rendered":"https:\/\/pavillonchassepeche.ca\/?post_type=product&#038;p=71658"},"modified":"2026-01-16T14:08:14","modified_gmt":"2026-01-16T19:08:14","slug":"cz-457-american-cal-22lr-630mm-1-2x20-24-wood","status":"publish","type":"product","link":"https:\/\/pavillonchassepeche.ca\/en\/product\/cz-457-american-cal-22lr-630mm-1-2x20-24-wood\/","title":{"rendered":"CZ 457 AMERICAN CAL. 22LR 630MM 1\/2X20 24&#8221; WOOD"},"content":{"rendered":"<p data-start=\"234\" data-end=\"725\">La CZ 457 American en calibre .22 LR est une carabine \u00e0 verrou de qualit\u00e9 sup\u00e9rieure, con\u00e7ue pour les tireurs exigeants qui recherchent la pr\u00e9cision et l\u2019\u00e9l\u00e9gance. Dot\u00e9e d\u2019un long canon forg\u00e9 \u00e0 froid de 630 mm (24 pouces) filet\u00e9 1\/2&#215;20, elle assure une pr\u00e9cision remarquable. Sa crosse en bois de noyer am\u00e9ricain lui conf\u00e8re une allure classique et une excellente ergonomie. Cette carabine est id\u00e9ale pour le tir de loisir, le tir \u00e0 la cible ou la chasse au petit gibier.<\/p>\n<hr data-start=\"727\" data-end=\"730\" \/>\n<p data-start=\"732\" data-end=\"756\"><strong data-start=\"732\" data-end=\"754\">Caract\u00e9ristiques :<\/strong><\/p>\n<ul data-start=\"757\" data-end=\"1175\">\n<li data-start=\"757\" data-end=\"775\">\n<p data-start=\"759\" data-end=\"775\">Calibre .22 LR<\/p>\n<\/li>\n<li data-start=\"776\" data-end=\"817\">\n<p data-start=\"778\" data-end=\"817\">Action \u00e0 verrou fluide et s\u00e9curitaire<\/p>\n<\/li>\n<li data-start=\"818\" data-end=\"881\">\n<p data-start=\"820\" data-end=\"881\">Canon de 630 mm (24 pouces), forg\u00e9 \u00e0 froid et filet\u00e9 1\/2&#215;20<\/p>\n<\/li>\n<li data-start=\"882\" data-end=\"946\">\n<p data-start=\"884\" data-end=\"946\">Crosse en bois de noyer am\u00e9ricain avec quadrillage d\u00e9coratif<\/p>\n<\/li>\n<li data-start=\"947\" data-end=\"998\">\n<p data-start=\"949\" data-end=\"998\">Rail de 11 mm int\u00e9gr\u00e9 pour le montage d\u2019optique<\/p>\n<\/li>\n<li data-start=\"999\" data-end=\"1031\">\n<p data-start=\"1001\" data-end=\"1031\">Chargeur amovible de 5 coups<\/p>\n<\/li>\n<li data-start=\"1032\" data-end=\"1059\">\n<p data-start=\"1034\" data-end=\"1059\">S\u00fbret\u00e9 \u00e0 deux positions<\/p>\n<\/li>\n<li data-start=\"1060\" data-end=\"1080\">\n<p data-start=\"1062\" data-end=\"1080\">D\u00e9tente r\u00e9glable<\/p>\n<\/li>\n<li data-start=\"1081\" data-end=\"1122\">\n<p data-start=\"1083\" data-end=\"1122\">Finition bois huil\u00e9 et m\u00e9tal noir mat<\/p>\n<\/li>\n<li data-start=\"1123\" data-end=\"1175\">\n<p data-start=\"1125\" data-end=\"1175\">Fabrication de haute qualit\u00e9 en R\u00e9publique tch\u00e8que<\/p>\n<\/li>\n<\/ul>\n<hr data-start=\"1177\" data-end=\"1180\" \/>\n<p data-start=\"1182\" data-end=\"1204\"><strong data-start=\"1182\" data-end=\"1202\">Sp\u00e9cifications :<\/strong><\/p>\n<ul data-start=\"1205\" data-end=\"1485\">\n<li data-start=\"1205\" data-end=\"1247\">\n<p data-start=\"1207\" data-end=\"1247\">Longueur du canon : 630 mm (24 pouces)<\/p>\n<\/li>\n<li data-start=\"1248\" data-end=\"1298\">\n<p data-start=\"1250\" data-end=\"1298\">Longueur totale : environ 977 mm (38,5 pouces)<\/p>\n<\/li>\n<li data-start=\"1299\" data-end=\"1334\">\n<p data-start=\"1301\" data-end=\"1334\">Poids : environ 2,8 kg (6,2 lb)<\/p>\n<\/li>\n<li data-start=\"1335\" data-end=\"1357\">\n<p data-start=\"1337\" data-end=\"1357\">Capacit\u00e9 : 5 coups<\/p>\n<\/li>\n<li data-start=\"1358\" data-end=\"1383\">\n<p data-start=\"1360\" data-end=\"1383\">Filetage : 1\/2&#215;20 TPI<\/p>\n<\/li>\n<li data-start=\"1384\" data-end=\"1408\">\n<p data-start=\"1386\" data-end=\"1408\">Pas de rayure : 1:16<\/p>\n<\/li>\n<li data-start=\"1409\" data-end=\"1435\">\n<p data-start=\"1411\" data-end=\"1435\">Nombre de rainures : 6<\/p>\n<\/li>\n<li data-start=\"1436\" data-end=\"1485\">\n<p data-start=\"1438\" data-end=\"1485\">Mat\u00e9riaux : canon acier, crosse noyer am\u00e9ricain<\/p>\n<\/li>\n<\/ul>\n","protected":false},"excerpt":{"rendered":"<p>La CZ 457 American en calibre .22 LR est une carabine \u00e0 verrou de qualit\u00e9 sup\u00e9rieure, con\u00e7ue pour les tireurs exigeants qui recherchent la pr\u00e9cision et l\u2019\u00e9l\u00e9gance. Dot\u00e9e d\u2019un long canon forg\u00e9 \u00e0 froid de 630 mm (24 pouces) filet\u00e9 1\/2&#215;20, elle assure une pr\u00e9cision remarquable. Sa crosse en bois de noyer am\u00e9ricain lui conf\u00e8re [&hellip;]<\/p>\n","protected":false},"featured_media":84978,"comment_status":"open","ping_status":"closed","template":"","meta":{"_acf_changed":false,"pagelayer_contact_templates":[],"_pagelayer_content":""},"product_brand":[],"product_cat":[63,66],"product_tag":[],"class_list":{"0":"post-71658","1":"product","2":"type-product","3":"status-publish","4":"has-post-thumbnail","6":"product_cat-armes-a-feu","7":"product_cat-armes-a-feu-carabines","9":"first","10":"instock","11":"taxable","12":"shipping-taxable","13":"purchasable","14":"product-type-simple"},"acf":[],"jetpack_sharing_enabled":true,"_links":{"self":[{"href":"https:\/\/pavillonchassepeche.ca\/en\/wp-json\/wp\/v2\/product\/71658","targetHints":{"allow":["GET"]}}],"collection":[{"href":"https:\/\/pavillonchassepeche.ca\/en\/wp-json\/wp\/v2\/product"}],"about":[{"href":"https:\/\/pavillonchassepeche.ca\/en\/wp-json\/wp\/v2\/types\/product"}],"replies":[{"embeddable":true,"href":"https:\/\/pavillonchassepeche.ca\/en\/wp-json\/wp\/v2\/comments?post=71658"}],"version-history":[{"count":2,"href":"https:\/\/pavillonchassepeche.ca\/en\/wp-json\/wp\/v2\/product\/71658\/revisions"}],"predecessor-version":[{"id":84980,"href":"https:\/\/pavillonchassepeche.ca\/en\/wp-json\/wp\/v2\/product\/71658\/revisions\/84980"}],"wp:featuredmedia":[{"embeddable":true,"href":"https:\/\/pavillonchassepeche.ca\/en\/wp-json\/wp\/v2\/media\/84978"}],"wp:attachment":[{"href":"https:\/\/pavillonchassepeche.ca\/en\/wp-json\/wp\/v2\/media?parent=71658"}],"wp:term":[{"taxonomy":"product_brand","embeddable":true,"href":"https:\/\/pavillonchassepeche.ca\/en\/wp-json\/wp\/v2\/product_brand?post=71658"},{"taxonomy":"product_cat","embeddable":true,"href":"https:\/\/pavillonchassepeche.ca\/en\/wp-json\/wp\/v2\/product_cat?post=71658"},{"taxonomy":"product_tag","embeddable":true,"href":"https:\/\/pavillonchassepeche.ca\/en\/wp-json\/wp\/v2\/product_tag?post=71658"}],"curies":[{"name":"wp","href":"https:\/\/api.w.org\/{rel}","templated":true}]}}