{"id":70421,"date":"2025-04-18T11:59:38","date_gmt":"2025-04-18T15:59:38","guid":{"rendered":"https:\/\/pavillonchassepeche.ca\/?post_type=product&#038;p=70421"},"modified":"2026-04-15T12:51:38","modified_gmt":"2026-04-15T16:51:38","slug":"sabre-wild-vaporisateur-defensif-225g","status":"publish","type":"product","link":"https:\/\/pavillonchassepeche.ca\/en\/product\/sabre-wild-vaporisateur-defensif-225g\/","title":{"rendered":"SABRE WILD VAPORISATEUR D\u00c9FENSIF (225G)"},"content":{"rendered":"<p data-start=\"118\" data-end=\"644\">Le <em data-start=\"141\" data-end=\"182\">vaporisateur d\u00e9fensif Sabre Wild (225g)<\/em> est un outil essentiel pour tous ceux qui s\u2019aventurent en territoire sauvage. Con\u00e7u pour repousser efficacement les ours et autres grands pr\u00e9dateurs, ce vaporisateur \u00e0 base de poivre offre une port\u00e9e et une puissance impressionnantes pour une protection rapide en situation d\u2019urgence. Compact, facile \u00e0 utiliser et approuv\u00e9 pour un usage en milieu naturel, il assure une tranquillit\u00e9 d\u2019esprit lors de vos randonn\u00e9es, s\u00e9jours de camping ou exp\u00e9ditions de chasse.<\/p>\n<p data-start=\"646\" data-end=\"670\"><strong data-start=\"646\" data-end=\"668\">Caract\u00e9ristiques :<\/strong><\/p>\n<ul data-start=\"671\" data-end=\"1037\">\n<li data-start=\"671\" data-end=\"746\">\n<p data-start=\"673\" data-end=\"746\">Formule \u00e0 base de poivre ultra-puissante con\u00e7ue pour repousser les ours<\/p>\n<\/li>\n<li data-start=\"747\" data-end=\"798\">\n<p data-start=\"749\" data-end=\"798\">Port\u00e9e efficace allant jusqu\u2019\u00e0 plusieurs m\u00e8tres<\/p>\n<\/li>\n<li data-start=\"799\" data-end=\"851\">\n<p data-start=\"801\" data-end=\"851\">Format de 225 g pratique et facile \u00e0 transporter<\/p>\n<\/li>\n<li data-start=\"852\" data-end=\"899\">\n<p data-start=\"854\" data-end=\"899\">D\u00e9clenchement rapide avec s\u00e9curit\u00e9 int\u00e9gr\u00e9e<\/p>\n<\/li>\n<li data-start=\"900\" data-end=\"964\">\n<p data-start=\"902\" data-end=\"964\">Conforme aux normes de s\u00e9curit\u00e9 pour usage en milieu sauvage<\/p>\n<\/li>\n<li data-start=\"965\" data-end=\"1037\">\n<p data-start=\"967\" data-end=\"1037\">Id\u00e9al pour chasseurs, campeurs, randonneurs et travailleurs en for\u00eat<\/p>\n<\/li>\n<\/ul>\n<p data-start=\"1039\" data-end=\"1072\"><strong data-start=\"1039\" data-end=\"1070\">Sp\u00e9cifications techniques :<\/strong><\/p>\n<ul data-start=\"1073\" data-end=\"1286\">\n<li data-start=\"1073\" data-end=\"1091\">\n<p data-start=\"1075\" data-end=\"1091\">Marque : Sabre<\/p>\n<\/li>\n<li data-start=\"1092\" data-end=\"1109\">\n<p data-start=\"1094\" data-end=\"1109\">Mod\u00e8le : Wild<\/p>\n<\/li>\n<li data-start=\"1110\" data-end=\"1158\">\n<p data-start=\"1112\" data-end=\"1158\">Type : Vaporisateur d\u00e9fensif contre les ours<\/p>\n<\/li>\n<li data-start=\"1159\" data-end=\"1177\">\n<p data-start=\"1161\" data-end=\"1177\">Format : 225 g<\/p>\n<\/li>\n<li data-start=\"1178\" data-end=\"1226\">\n<p data-start=\"1180\" data-end=\"1226\">Port\u00e9e : Jusqu\u2019\u00e0 9 m\u00e8tres (selon conditions)<\/p>\n<\/li>\n<li data-start=\"1227\" data-end=\"1286\">\n<p data-start=\"1229\" data-end=\"1286\">Usage : Protection en milieu sauvage (ours, pr\u00e9dateurs)<\/p>\n<\/li>\n<\/ul>\n","protected":false},"excerpt":{"rendered":"<p>Le vaporisateur d\u00e9fensif Sabre Wild (225g) est un outil essentiel pour tous ceux qui s\u2019aventurent en territoire sauvage. Con\u00e7u pour repousser efficacement les ours et autres grands pr\u00e9dateurs, ce vaporisateur \u00e0 base de poivre offre une port\u00e9e et une puissance impressionnantes pour une protection rapide en situation d\u2019urgence. Compact, facile \u00e0 utiliser et approuv\u00e9 pour [&hellip;]<\/p>\n","protected":false},"featured_media":70419,"comment_status":"open","ping_status":"closed","template":"","meta":{"_acf_changed":false,"pagelayer_contact_templates":[],"_pagelayer_content":""},"product_brand":[],"product_cat":[110,1110],"product_tag":[],"class_list":{"0":"post-70421","1":"product","2":"type-product","3":"status-publish","4":"has-post-thumbnail","6":"product_cat-plein-air","7":"product_cat-plein-air-randonnee-et-accessoires","9":"first","10":"instock","11":"taxable","12":"shipping-taxable","13":"purchasable","14":"product-type-simple"},"acf":[],"jetpack_sharing_enabled":true,"_links":{"self":[{"href":"https:\/\/pavillonchassepeche.ca\/en\/wp-json\/wp\/v2\/product\/70421","targetHints":{"allow":["GET"]}}],"collection":[{"href":"https:\/\/pavillonchassepeche.ca\/en\/wp-json\/wp\/v2\/product"}],"about":[{"href":"https:\/\/pavillonchassepeche.ca\/en\/wp-json\/wp\/v2\/types\/product"}],"replies":[{"embeddable":true,"href":"https:\/\/pavillonchassepeche.ca\/en\/wp-json\/wp\/v2\/comments?post=70421"}],"version-history":[{"count":2,"href":"https:\/\/pavillonchassepeche.ca\/en\/wp-json\/wp\/v2\/product\/70421\/revisions"}],"predecessor-version":[{"id":85679,"href":"https:\/\/pavillonchassepeche.ca\/en\/wp-json\/wp\/v2\/product\/70421\/revisions\/85679"}],"wp:featuredmedia":[{"embeddable":true,"href":"https:\/\/pavillonchassepeche.ca\/en\/wp-json\/wp\/v2\/media\/70419"}],"wp:attachment":[{"href":"https:\/\/pavillonchassepeche.ca\/en\/wp-json\/wp\/v2\/media?parent=70421"}],"wp:term":[{"taxonomy":"product_brand","embeddable":true,"href":"https:\/\/pavillonchassepeche.ca\/en\/wp-json\/wp\/v2\/product_brand?post=70421"},{"taxonomy":"product_cat","embeddable":true,"href":"https:\/\/pavillonchassepeche.ca\/en\/wp-json\/wp\/v2\/product_cat?post=70421"},{"taxonomy":"product_tag","embeddable":true,"href":"https:\/\/pavillonchassepeche.ca\/en\/wp-json\/wp\/v2\/product_tag?post=70421"}],"curies":[{"name":"wp","href":"https:\/\/api.w.org\/{rel}","templated":true}]}}