{"id":70418,"date":"2025-04-18T11:59:35","date_gmt":"2025-04-18T15:59:35","guid":{"rendered":"https:\/\/pavillonchassepeche.ca\/?post_type=product&#038;p=70418"},"modified":"2026-04-07T12:43:10","modified_gmt":"2026-04-07T16:43:10","slug":"sabre-poivre-de-chien-22g","status":"publish","type":"product","link":"https:\/\/pavillonchassepeche.ca\/en\/product\/sabre-poivre-de-chien-22g\/","title":{"rendered":"SABRE POIVRE DE CHIEN 22G"},"content":{"rendered":"<p data-start=\"100\" data-end=\"570\">Le SABRE Poivre de chien 22g est con\u00e7u pour offrir une protection fiable et humaine contre les chiens agressifs. Formul\u00e9 \u00e0 base d\u2019ingr\u00e9dients naturels, ce r\u00e9pulsif respecte le bien-\u00eatre animal tout en garantissant une efficacit\u00e9 maximale autoris\u00e9e par Sant\u00e9 Canada et l\u2019EPA. Son format compact avec porte-cl\u00e9s pratique le rend facile \u00e0 transporter, et il peut \u00eatre utilis\u00e9 jusqu\u2019\u00e0 3 m\u00e8tres de distance pour garder les menaces \u00e0 bonne port\u00e9e.<\/p>\n<hr data-start=\"572\" data-end=\"575\" \/>\n<p data-start=\"577\" data-end=\"599\"><strong data-start=\"577\" data-end=\"597\">Caract\u00e9ristiques<\/strong><\/p>\n<ul data-start=\"600\" data-end=\"827\">\n<li data-start=\"600\" data-end=\"650\">\n<p data-start=\"602\" data-end=\"650\">Formule sans cruaut\u00e9, naturelle et s\u00e9curitaire<\/p>\n<\/li>\n<li data-start=\"651\" data-end=\"704\">\n<p data-start=\"653\" data-end=\"704\">Chaleur maximale autoris\u00e9e par Sant\u00e9 Canada \/ EPA<\/p>\n<\/li>\n<li data-start=\"705\" data-end=\"741\">\n<p data-start=\"707\" data-end=\"741\">5 rafales rapides en une seconde<\/p>\n<\/li>\n<li data-start=\"742\" data-end=\"785\">\n<p data-start=\"744\" data-end=\"785\">Distance de protection jusqu\u2019\u00e0 3 m\u00e8tres<\/p>\n<\/li>\n<li data-start=\"786\" data-end=\"827\">\n<p data-start=\"788\" data-end=\"827\">Porte-cl\u00e9s int\u00e9gr\u00e9 pour un acc\u00e8s rapide<\/p>\n<\/li>\n<\/ul>\n<hr data-start=\"829\" data-end=\"832\" \/>\n<p data-start=\"834\" data-end=\"865\"><strong data-start=\"834\" data-end=\"863\">Sp\u00e9cifications techniques<\/strong><\/p>\n<ul data-start=\"866\" data-end=\"985\">\n<li data-start=\"866\" data-end=\"883\">\n<p data-start=\"868\" data-end=\"883\">Format : 22 g<\/p>\n<\/li>\n<li data-start=\"884\" data-end=\"906\">\n<p data-start=\"886\" data-end=\"906\">Nombre de jets : 5<\/p>\n<\/li>\n<li data-start=\"907\" data-end=\"937\">\n<p data-start=\"909\" data-end=\"937\">Port\u00e9e maximale : 3 m\u00e8tres<\/p>\n<\/li>\n<li data-start=\"938\" data-end=\"985\">\n<p data-start=\"940\" data-end=\"985\">Inclus : capuchon de s\u00e9curit\u00e9 et porte-cl\u00e9s<\/p>\n<\/li>\n<\/ul>\n","protected":false},"excerpt":{"rendered":"<p>Le SABRE Poivre de chien 22g est con\u00e7u pour offrir une protection fiable et humaine contre les chiens agressifs. Formul\u00e9 \u00e0 base d\u2019ingr\u00e9dients naturels, ce r\u00e9pulsif respecte le bien-\u00eatre animal tout en garantissant une efficacit\u00e9 maximale autoris\u00e9e par Sant\u00e9 Canada et l\u2019EPA. Son format compact avec porte-cl\u00e9s pratique le rend facile \u00e0 transporter, et il [&hellip;]<\/p>\n","protected":false},"featured_media":70416,"comment_status":"open","ping_status":"closed","template":"","meta":{"_acf_changed":false,"pagelayer_contact_templates":[],"_pagelayer_content":""},"product_brand":[],"product_cat":[110,1110],"product_tag":[],"class_list":{"0":"post-70418","1":"product","2":"type-product","3":"status-publish","4":"has-post-thumbnail","6":"product_cat-plein-air","7":"product_cat-plein-air-randonnee-et-accessoires","9":"first","10":"instock","11":"taxable","12":"shipping-taxable","13":"purchasable","14":"product-type-simple"},"acf":[],"jetpack_sharing_enabled":true,"_links":{"self":[{"href":"https:\/\/pavillonchassepeche.ca\/en\/wp-json\/wp\/v2\/product\/70418","targetHints":{"allow":["GET"]}}],"collection":[{"href":"https:\/\/pavillonchassepeche.ca\/en\/wp-json\/wp\/v2\/product"}],"about":[{"href":"https:\/\/pavillonchassepeche.ca\/en\/wp-json\/wp\/v2\/types\/product"}],"replies":[{"embeddable":true,"href":"https:\/\/pavillonchassepeche.ca\/en\/wp-json\/wp\/v2\/comments?post=70418"}],"version-history":[{"count":2,"href":"https:\/\/pavillonchassepeche.ca\/en\/wp-json\/wp\/v2\/product\/70418\/revisions"}],"predecessor-version":[{"id":88332,"href":"https:\/\/pavillonchassepeche.ca\/en\/wp-json\/wp\/v2\/product\/70418\/revisions\/88332"}],"wp:featuredmedia":[{"embeddable":true,"href":"https:\/\/pavillonchassepeche.ca\/en\/wp-json\/wp\/v2\/media\/70416"}],"wp:attachment":[{"href":"https:\/\/pavillonchassepeche.ca\/en\/wp-json\/wp\/v2\/media?parent=70418"}],"wp:term":[{"taxonomy":"product_brand","embeddable":true,"href":"https:\/\/pavillonchassepeche.ca\/en\/wp-json\/wp\/v2\/product_brand?post=70418"},{"taxonomy":"product_cat","embeddable":true,"href":"https:\/\/pavillonchassepeche.ca\/en\/wp-json\/wp\/v2\/product_cat?post=70418"},{"taxonomy":"product_tag","embeddable":true,"href":"https:\/\/pavillonchassepeche.ca\/en\/wp-json\/wp\/v2\/product_tag?post=70418"}],"curies":[{"name":"wp","href":"https:\/\/api.w.org\/{rel}","templated":true}]}}