{"id":70415,"date":"2025-04-18T11:59:29","date_gmt":"2025-04-18T15:59:29","guid":{"rendered":"https:\/\/pavillonchassepeche.ca\/?post_type=product&#038;p=70415"},"modified":"2026-04-14T11:57:11","modified_gmt":"2026-04-14T15:57:11","slug":"sabre-repulsif-pour-chiens-agressifs-rose-22g","status":"publish","type":"product","link":"https:\/\/pavillonchassepeche.ca\/en\/product\/sabre-repulsif-pour-chiens-agressifs-rose-22g\/","title":{"rendered":"SABRE R\u00c9PULSIF POUR CHIENS AGRESSIFS (ROSE) 22G"},"content":{"rendered":"<p data-start=\"128\" data-end=\"640\">Le <strong data-start=\"131\" data-end=\"176\">Sabre R\u00e9pulsif pour Chiens Agressifs 22 g<\/strong> est con\u00e7u pour offrir une protection imm\u00e9diate contre les chiens mena\u00e7ants lors de vos activit\u00e9s ext\u00e9rieures. Compact, l\u00e9ger et efficace, il \u00e9met un jet puissant qui dissuade l\u2019animal sans lui causer de dommages permanents. Son format discret de <strong data-start=\"423\" data-end=\"437\">22 grammes<\/strong> se glisse facilement dans une poche ou un sac, tandis que son bo\u00eetier <strong data-start=\"508\" data-end=\"520\">rose vif<\/strong> permet de le rep\u00e9rer rapidement en cas d\u2019urgence. Id\u00e9al pour les coureurs, marcheurs, facteurs ou promeneurs de chiens.<\/p>\n<hr data-start=\"642\" data-end=\"645\" \/>\n<p data-start=\"647\" data-end=\"671\"><strong data-start=\"647\" data-end=\"669\">Caract\u00e9ristiques :<\/strong><\/p>\n<ul data-start=\"672\" data-end=\"910\">\n<li data-start=\"672\" data-end=\"726\">\n<p data-start=\"674\" data-end=\"726\">Formule con\u00e7ue pour repousser les chiens agressifs<\/p>\n<\/li>\n<li data-start=\"727\" data-end=\"775\">\n<p data-start=\"729\" data-end=\"775\">Jet puissant avec port\u00e9e de plusieurs m\u00e8tres<\/p>\n<\/li>\n<li data-start=\"776\" data-end=\"823\">\n<p data-start=\"778\" data-end=\"823\">Format compact de 22 g facile \u00e0 transporter<\/p>\n<\/li>\n<li data-start=\"824\" data-end=\"864\">\n<p data-start=\"826\" data-end=\"864\">Bo\u00eetier rose pour un rep\u00e9rage rapide<\/p>\n<\/li>\n<li data-start=\"865\" data-end=\"910\">\n<p data-start=\"867\" data-end=\"910\">S\u00e9curitaire, non toxique et l\u00e9gal au Canada<\/p>\n<\/li>\n<\/ul>\n<hr data-start=\"912\" data-end=\"915\" \/>\n<p data-start=\"917\" data-end=\"950\"><strong data-start=\"917\" data-end=\"948\">Sp\u00e9cifications techniques :<\/strong><\/p>\n<ul data-start=\"951\" data-end=\"1118\">\n<li data-start=\"951\" data-end=\"978\">\n<p data-start=\"953\" data-end=\"978\">Contenance : 22 grammes<\/p>\n<\/li>\n<li data-start=\"979\" data-end=\"1009\">\n<p data-start=\"981\" data-end=\"1009\">Type : R\u00e9pulsif en a\u00e9rosol<\/p>\n<\/li>\n<li data-start=\"1010\" data-end=\"1028\">\n<p data-start=\"1012\" data-end=\"1028\">Couleur : Rose<\/p>\n<\/li>\n<li data-start=\"1029\" data-end=\"1058\">\n<p data-start=\"1031\" data-end=\"1058\">Port\u00e9e : Environ 3 m\u00e8tres<\/p>\n<\/li>\n<li data-start=\"1059\" data-end=\"1118\">\n<p data-start=\"1061\" data-end=\"1118\">Usage recommand\u00e9 : Promenades, jogging, travail ext\u00e9rieur<\/p>\n<\/li>\n<\/ul>\n","protected":false},"excerpt":{"rendered":"<p>Le Sabre R\u00e9pulsif pour Chiens Agressifs 22 g est con\u00e7u pour offrir une protection imm\u00e9diate contre les chiens mena\u00e7ants lors de vos activit\u00e9s ext\u00e9rieures. Compact, l\u00e9ger et efficace, il \u00e9met un jet puissant qui dissuade l\u2019animal sans lui causer de dommages permanents. Son format discret de 22 grammes se glisse facilement dans une poche ou [&hellip;]<\/p>\n","protected":false},"featured_media":70413,"comment_status":"open","ping_status":"closed","template":"","meta":{"_acf_changed":false,"pagelayer_contact_templates":[],"_pagelayer_content":""},"product_brand":[],"product_cat":[110,1110],"product_tag":[],"class_list":{"0":"post-70415","1":"product","2":"type-product","3":"status-publish","4":"has-post-thumbnail","6":"product_cat-plein-air","7":"product_cat-plein-air-randonnee-et-accessoires","9":"first","10":"instock","11":"taxable","12":"shipping-taxable","13":"purchasable","14":"product-type-simple"},"acf":[],"jetpack_sharing_enabled":true,"_links":{"self":[{"href":"https:\/\/pavillonchassepeche.ca\/en\/wp-json\/wp\/v2\/product\/70415","targetHints":{"allow":["GET"]}}],"collection":[{"href":"https:\/\/pavillonchassepeche.ca\/en\/wp-json\/wp\/v2\/product"}],"about":[{"href":"https:\/\/pavillonchassepeche.ca\/en\/wp-json\/wp\/v2\/types\/product"}],"replies":[{"embeddable":true,"href":"https:\/\/pavillonchassepeche.ca\/en\/wp-json\/wp\/v2\/comments?post=70415"}],"version-history":[{"count":2,"href":"https:\/\/pavillonchassepeche.ca\/en\/wp-json\/wp\/v2\/product\/70415\/revisions"}],"predecessor-version":[{"id":85857,"href":"https:\/\/pavillonchassepeche.ca\/en\/wp-json\/wp\/v2\/product\/70415\/revisions\/85857"}],"wp:featuredmedia":[{"embeddable":true,"href":"https:\/\/pavillonchassepeche.ca\/en\/wp-json\/wp\/v2\/media\/70413"}],"wp:attachment":[{"href":"https:\/\/pavillonchassepeche.ca\/en\/wp-json\/wp\/v2\/media?parent=70415"}],"wp:term":[{"taxonomy":"product_brand","embeddable":true,"href":"https:\/\/pavillonchassepeche.ca\/en\/wp-json\/wp\/v2\/product_brand?post=70415"},{"taxonomy":"product_cat","embeddable":true,"href":"https:\/\/pavillonchassepeche.ca\/en\/wp-json\/wp\/v2\/product_cat?post=70415"},{"taxonomy":"product_tag","embeddable":true,"href":"https:\/\/pavillonchassepeche.ca\/en\/wp-json\/wp\/v2\/product_tag?post=70415"}],"curies":[{"name":"wp","href":"https:\/\/api.w.org\/{rel}","templated":true}]}}