{"id":70339,"date":"2025-04-18T11:50:50","date_gmt":"2025-04-18T15:50:50","guid":{"rendered":"https:\/\/pavillonchassepeche.ca\/?post_type=product&#038;p=70339"},"modified":"2026-02-27T10:18:54","modified_gmt":"2026-02-27T15:18:54","slug":"rapala-couteau-filet-6","status":"publish","type":"product","link":"https:\/\/pavillonchassepeche.ca\/en\/product\/rapala-couteau-filet-6\/","title":{"rendered":"RAPALA COUTEAU FILET 6&#8221;"},"content":{"rendered":"<p data-start=\"152\" data-end=\"642\">Le <strong data-start=\"184\" data-end=\"213\">couteau \u00e0 filet Rapala 6&#8243;<\/strong> est l\u2019outil id\u00e9al pour tous les amateurs de p\u00eache qui veulent travailler rapidement et efficacement leurs prises. Sa lame fine et flexible permet de r\u00e9aliser des filets pr\u00e9cis et r\u00e9guliers, tout en facilitant le travail autour des ar\u00eates et des zones d\u00e9licates du poisson. L\u00e9ger et confortable, ce couteau assure une manipulation s\u00fbre et efficace pour des r\u00e9sultats professionnels, que ce soit au bord de l\u2019eau ou \u00e0 la maison.<\/p>\n<hr data-start=\"644\" data-end=\"647\" \/>\n<p data-start=\"649\" data-end=\"671\"><strong data-start=\"649\" data-end=\"669\">Caract\u00e9ristiques<\/strong><\/p>\n<ul data-start=\"672\" data-end=\"936\">\n<li data-start=\"672\" data-end=\"720\">\n<p data-start=\"674\" data-end=\"720\">Lame fine et flexible pour des filets pr\u00e9cis<\/p>\n<\/li>\n<li data-start=\"721\" data-end=\"792\">\n<p data-start=\"723\" data-end=\"792\">Poign\u00e9e ergonomique pour une prise en main confortable et s\u00e9curis\u00e9e<\/p>\n<\/li>\n<li data-start=\"793\" data-end=\"848\">\n<p data-start=\"795\" data-end=\"848\">Id\u00e9al pour les poissons de petite et moyenne taille<\/p>\n<\/li>\n<li data-start=\"849\" data-end=\"886\">\n<p data-start=\"851\" data-end=\"886\">Facile \u00e0 nettoyer et \u00e0 entretenir<\/p>\n<\/li>\n<li data-start=\"887\" data-end=\"936\">\n<p data-start=\"889\" data-end=\"936\">Convient pour la p\u00eache sportive ou r\u00e9cr\u00e9ative<\/p>\n<\/li>\n<\/ul>\n<hr data-start=\"938\" data-end=\"941\" \/>\n<p data-start=\"943\" data-end=\"974\"><strong data-start=\"943\" data-end=\"972\">Sp\u00e9cifications techniques<\/strong><\/p>\n<ul data-start=\"975\" data-end=\"1190\">\n<li data-start=\"975\" data-end=\"1018\">\n<p data-start=\"977\" data-end=\"1018\">Longueur de la lame : 6 pouces (\u224815 cm)<\/p>\n<\/li>\n<li data-start=\"1019\" data-end=\"1066\">\n<p data-start=\"1021\" data-end=\"1066\">Type de lame : flexible en acier inoxydable<\/p>\n<\/li>\n<li data-start=\"1067\" data-end=\"1130\">\n<p data-start=\"1069\" data-end=\"1130\">Poign\u00e9e : mat\u00e9riau antid\u00e9rapant pour une meilleure s\u00e9curit\u00e9<\/p>\n<\/li>\n<li data-start=\"1131\" data-end=\"1158\">\n<p data-start=\"1133\" data-end=\"1158\">Couleur : noir \/ argent<\/p>\n<\/li>\n<li data-start=\"1159\" data-end=\"1190\">\n<p data-start=\"1161\" data-end=\"1190\">Usage : filetage de poisson<\/p>\n<\/li>\n<\/ul>\n","protected":false},"excerpt":{"rendered":"<p>Le couteau \u00e0 filet Rapala 6&#8243; est l\u2019outil id\u00e9al pour tous les amateurs de p\u00eache qui veulent travailler rapidement et efficacement leurs prises. Sa lame fine et flexible permet de r\u00e9aliser des filets pr\u00e9cis et r\u00e9guliers, tout en facilitant le travail autour des ar\u00eates et des zones d\u00e9licates du poisson. L\u00e9ger et confortable, ce couteau [&hellip;]<\/p>\n","protected":false},"featured_media":93328,"comment_status":"open","ping_status":"closed","template":"","meta":{"_acf_changed":false,"pagelayer_contact_templates":[],"_pagelayer_content":""},"product_brand":[],"product_cat":[144],"product_tag":[],"class_list":{"0":"post-70339","1":"product","2":"type-product","3":"status-publish","4":"has-post-thumbnail","6":"product_cat-peche","8":"first","9":"instock","10":"taxable","11":"shipping-taxable","12":"purchasable","13":"product-type-simple"},"acf":[],"jetpack_sharing_enabled":true,"_links":{"self":[{"href":"https:\/\/pavillonchassepeche.ca\/en\/wp-json\/wp\/v2\/product\/70339","targetHints":{"allow":["GET"]}}],"collection":[{"href":"https:\/\/pavillonchassepeche.ca\/en\/wp-json\/wp\/v2\/product"}],"about":[{"href":"https:\/\/pavillonchassepeche.ca\/en\/wp-json\/wp\/v2\/types\/product"}],"replies":[{"embeddable":true,"href":"https:\/\/pavillonchassepeche.ca\/en\/wp-json\/wp\/v2\/comments?post=70339"}],"version-history":[{"count":2,"href":"https:\/\/pavillonchassepeche.ca\/en\/wp-json\/wp\/v2\/product\/70339\/revisions"}],"predecessor-version":[{"id":93330,"href":"https:\/\/pavillonchassepeche.ca\/en\/wp-json\/wp\/v2\/product\/70339\/revisions\/93330"}],"wp:featuredmedia":[{"embeddable":true,"href":"https:\/\/pavillonchassepeche.ca\/en\/wp-json\/wp\/v2\/media\/93328"}],"wp:attachment":[{"href":"https:\/\/pavillonchassepeche.ca\/en\/wp-json\/wp\/v2\/media?parent=70339"}],"wp:term":[{"taxonomy":"product_brand","embeddable":true,"href":"https:\/\/pavillonchassepeche.ca\/en\/wp-json\/wp\/v2\/product_brand?post=70339"},{"taxonomy":"product_cat","embeddable":true,"href":"https:\/\/pavillonchassepeche.ca\/en\/wp-json\/wp\/v2\/product_cat?post=70339"},{"taxonomy":"product_tag","embeddable":true,"href":"https:\/\/pavillonchassepeche.ca\/en\/wp-json\/wp\/v2\/product_tag?post=70339"}],"curies":[{"name":"wp","href":"https:\/\/api.w.org\/{rel}","templated":true}]}}